{"id":34639,"date":"2026-01-01T12:35:05","date_gmt":"2026-01-01T11:35:05","guid":{"rendered":"http:\/\/new.decoczar.pl\/index.php\/product\/butelkowa-elegancja-zestaw-3w1-3\/"},"modified":"2026-01-01T12:35:05","modified_gmt":"2026-01-01T11:35:05","slug":"butelkowa-elegancja-zestaw-3w1-3","status":"publish","type":"product","link":"https:\/\/new.decoczar.pl\/index.php\/product\/butelkowa-elegancja-zestaw-3w1-3\/","title":{"rendered":"Butelkowa Elegancja &#8211; Zestaw 3w1"},"content":{"rendered":"<p>Cechy produktu :<\/p>\n<p> \t3 Podstawki (li\u015b\u0107 ginkgo, podstawka okr\u0105g\u0142a, taca owalna)<br \/>\n \tMateria\u0142 : \u017cywica epoksydowa<br \/>\n \tKolorystyka : butelkowa ziele\u0144 + z\u0142otko<br \/>\n \tWykonane r\u0119cznie w 100 %<br \/>\n \tWystarczy przetrze\u0107 wilgotn\u0105 szmatk\u0105 (mo\u017cna u\u017cy\u0107 lekkiego detergentu)<br \/>\n \tProdukt pakowany w pude\u0142ko ozdobne<\/p>\n","protected":false},"excerpt":{"rendered":"<p>Cechy produktu :<\/p>\n<p> \t3 Podstawki (li\u015b\u0107 ginkgo, podstawka okr\u0105g\u0142a, taca owalna)<br \/>\n \tMateria\u0142 : \u017cywica epoksydowa<br \/>\n \tKolorystyka : butelkowa ziele\u0144 + z\u0142otko<br \/>\n \tWykonane r\u0119cznie w 100 %<br \/>\n \tWystarczy przetrze\u0107 wilgotn\u0105 szmatk\u0105 (mo\u017cna u\u017cy\u0107 lekkiego detergentu)<br \/>\n \tProdukt pakowany w pude\u0142ko ozdobne<\/p>\n","protected":false},"featured_media":34100,"comment_status":"open","ping_status":"closed","template":"","meta":[],"etheme_brands":[],"product_cat":[290],"product_tag":[],"class_list":["post-34639","product","type-product","status-publish","has-post-thumbnail","hentry","product_cat-dostepne-od-reki-podkladki-produkty-z-zywicy-tace-dekoracyjne"],"_links":{"self":[{"href":"https:\/\/new.decoczar.pl\/index.php\/wp-json\/wp\/v2\/product\/34639","targetHints":{"allow":["GET"]}}],"collection":[{"href":"https:\/\/new.decoczar.pl\/index.php\/wp-json\/wp\/v2\/product"}],"about":[{"href":"https:\/\/new.decoczar.pl\/index.php\/wp-json\/wp\/v2\/types\/product"}],"replies":[{"embeddable":true,"href":"https:\/\/new.decoczar.pl\/index.php\/wp-json\/wp\/v2\/comments?post=34639"}],"wp:featuredmedia":[{"embeddable":true,"href":"https:\/\/new.decoczar.pl\/index.php\/wp-json\/wp\/v2\/media\/34100"}],"wp:attachment":[{"href":"https:\/\/new.decoczar.pl\/index.php\/wp-json\/wp\/v2\/media?parent=34639"}],"wp:term":[{"taxonomy":"brand","embeddable":true,"href":"https:\/\/new.decoczar.pl\/index.php\/wp-json\/wp\/v2\/etheme_brands?post=34639"},{"taxonomy":"product_cat","embeddable":true,"href":"https:\/\/new.decoczar.pl\/index.php\/wp-json\/wp\/v2\/product_cat?post=34639"},{"taxonomy":"product_tag","embeddable":true,"href":"https:\/\/new.decoczar.pl\/index.php\/wp-json\/wp\/v2\/product_tag?post=34639"}],"curies":[{"name":"wp","href":"https:\/\/api.w.org\/{rel}","templated":true}]}}