{"id":34850,"date":"2026-01-02T06:42:06","date_gmt":"2026-01-02T05:42:06","guid":{"rendered":"https:\/\/new.decoczar.pl\/index.php\/product\/stelaz-metalowy-pod-stolik-barowy-noga-metalowa-88\/"},"modified":"2026-01-02T06:42:06","modified_gmt":"2026-01-02T05:42:06","slug":"stelaz-metalowy-pod-stolik-barowy-noga-metalowa-88","status":"publish","type":"product","link":"https:\/\/new.decoczar.pl\/index.php\/product\/stelaz-metalowy-pod-stolik-barowy-noga-metalowa-88\/","title":{"rendered":"STELA\u017b METALOWY POD STOLIK BAROWY NOGA METALOWA"},"content":{"rendered":"<p> \tWysoko\u015b\u0107 110 cm<br \/>\n \tD\u0142ugo\u015b\u0107 140 cm<br \/>\n \tG\u0142\u0119boko\u015b\u0107 60 cm<br \/>\n \tMalowane proszkowo<br \/>\n \tKolor Czarny mat<br \/>\n \tProfil 80&#215;40 cm<br \/>\n \tCzas realizacji 21 dni roboczych po zaksi\u0119gowaniu wp\u0142aty<br \/>\n \tWysy\u0142ka 280 z\u0142 \u2013 TYLKO WP\u0141ATA NA KONTO ( wysy\u0142ka paletowa )<\/p>\n<p> \tSTELA\u017b SPRZEDAWANY BEZ BLATU<\/p>\n<p>\u00a0<\/p>\n","protected":false},"excerpt":{"rendered":"<p> \tWysoko\u015b\u0107 110 cm<br \/>\n \tD\u0142ugo\u015b\u0107 140 cm<br \/>\n \tG\u0142\u0119boko\u015b\u0107 60 cm<br \/>\n \tMalowane proszkowo<br \/>\n \tKolor Czarny mat<br \/>\n \tProfil 80&#215;40 cm<br \/>\n \tCzas realizacji 21 dni roboczych po zaksi\u0119gowaniu wp\u0142aty<br \/>\n \tWysy\u0142ka 280 z\u0142 \u2013 TYLKO WP\u0141ATA NA KONTO ( wysy\u0142ka paletowa )<\/p>\n<p> \tSTELA\u017b SPRZEDAWANY BEZ BLATU<\/p>\n<p>\u00a0<\/p>\n","protected":false},"featured_media":4927,"comment_status":"open","ping_status":"closed","template":"","meta":[],"etheme_brands":[],"product_cat":[50],"product_tag":[],"class_list":["post-34850","product","type-product","status-publish","has-post-thumbnail","hentry","product_cat-podstawy-metalowe-stelaze-stojaki"],"_links":{"self":[{"href":"https:\/\/new.decoczar.pl\/index.php\/wp-json\/wp\/v2\/product\/34850","targetHints":{"allow":["GET"]}}],"collection":[{"href":"https:\/\/new.decoczar.pl\/index.php\/wp-json\/wp\/v2\/product"}],"about":[{"href":"https:\/\/new.decoczar.pl\/index.php\/wp-json\/wp\/v2\/types\/product"}],"replies":[{"embeddable":true,"href":"https:\/\/new.decoczar.pl\/index.php\/wp-json\/wp\/v2\/comments?post=34850"}],"wp:featuredmedia":[{"embeddable":true,"href":"https:\/\/new.decoczar.pl\/index.php\/wp-json\/wp\/v2\/media\/4927"}],"wp:attachment":[{"href":"https:\/\/new.decoczar.pl\/index.php\/wp-json\/wp\/v2\/media?parent=34850"}],"wp:term":[{"taxonomy":"brand","embeddable":true,"href":"https:\/\/new.decoczar.pl\/index.php\/wp-json\/wp\/v2\/etheme_brands?post=34850"},{"taxonomy":"product_cat","embeddable":true,"href":"https:\/\/new.decoczar.pl\/index.php\/wp-json\/wp\/v2\/product_cat?post=34850"},{"taxonomy":"product_tag","embeddable":true,"href":"https:\/\/new.decoczar.pl\/index.php\/wp-json\/wp\/v2\/product_tag?post=34850"}],"curies":[{"name":"wp","href":"https:\/\/api.w.org\/{rel}","templated":true}]}}