{"id":34969,"date":"2026-01-10T00:43:32","date_gmt":"2026-01-09T23:43:32","guid":{"rendered":"http:\/\/new.decoczar.pl\/index.php\/product\/podkladki-czarne-z-drobinkami-zlota-2-szt\/"},"modified":"2026-01-10T00:43:32","modified_gmt":"2026-01-09T23:43:32","slug":"podkladki-czarne-z-drobinkami-zlota-2-szt","status":"publish","type":"product","link":"https:\/\/new.decoczar.pl\/index.php\/product\/podkladki-czarne-z-drobinkami-zlota-2-szt\/","title":{"rendered":"PODK\u0141ADKI CZARNE Z DROBINKAMI Z\u0141OTA 2 SZT"},"content":{"rendered":"<p>Cechy produktu :<\/p>\n<p> \tWymiary : \u015brednica ok 12 cm<br \/>\n \tG\u0142\u0119boka czarna \u017cywica z drobinkami z\u0142ota<br \/>\n \tPodk\u0142adki pakowane s\u0105 w ozdobne prezentowe opakowanie<br \/>\n \tR\u0119kodzie\u0142o- ka\u017cda podk\u0142adka jest unikatowa<br \/>\n \tCzas realizacji 10 dni roboczych po zaksi\u0119gowaniu wp\u0142aty<br \/>\n \tZAMAWIAJ\u0104C KILKA PRODUKT\u00d3W CZAS REALIZACJI JEST D\u0141U\u017bSZY DO 14 DNI ROBOCZYCH\u00a0<\/p>\n","protected":false},"excerpt":{"rendered":"<p>Cechy produktu :<\/p>\n<p> \tWymiary : \u015brednica ok 12 cm<br \/>\n \tG\u0142\u0119boka czarna \u017cywica z drobinkami z\u0142ota<br \/>\n \tPodk\u0142adki pakowane s\u0105 w ozdobne prezentowe opakowanie<br \/>\n \tR\u0119kodzie\u0142o- ka\u017cda podk\u0142adka jest unikatowa<br \/>\n \tCzas realizacji 10 dni roboczych po zaksi\u0119gowaniu wp\u0142aty<br \/>\n \tZAMAWIAJ\u0104C KILKA PRODUKT\u00d3W CZAS REALIZACJI JEST D\u0141U\u017bSZY DO 14 DNI ROBOCZYCH\u00a0<\/p>\n","protected":false},"featured_media":4552,"comment_status":"open","ping_status":"closed","template":"","meta":[],"etheme_brands":[],"product_cat":[296],"product_tag":[],"class_list":["post-34969","product","type-product","status-publish","has-post-thumbnail","hentry","product_cat-dostepne-od-reki-podkladki-produkty-z-zywicy"],"_links":{"self":[{"href":"https:\/\/new.decoczar.pl\/index.php\/wp-json\/wp\/v2\/product\/34969","targetHints":{"allow":["GET"]}}],"collection":[{"href":"https:\/\/new.decoczar.pl\/index.php\/wp-json\/wp\/v2\/product"}],"about":[{"href":"https:\/\/new.decoczar.pl\/index.php\/wp-json\/wp\/v2\/types\/product"}],"replies":[{"embeddable":true,"href":"https:\/\/new.decoczar.pl\/index.php\/wp-json\/wp\/v2\/comments?post=34969"}],"wp:featuredmedia":[{"embeddable":true,"href":"https:\/\/new.decoczar.pl\/index.php\/wp-json\/wp\/v2\/media\/4552"}],"wp:attachment":[{"href":"https:\/\/new.decoczar.pl\/index.php\/wp-json\/wp\/v2\/media?parent=34969"}],"wp:term":[{"taxonomy":"brand","embeddable":true,"href":"https:\/\/new.decoczar.pl\/index.php\/wp-json\/wp\/v2\/etheme_brands?post=34969"},{"taxonomy":"product_cat","embeddable":true,"href":"https:\/\/new.decoczar.pl\/index.php\/wp-json\/wp\/v2\/product_cat?post=34969"},{"taxonomy":"product_tag","embeddable":true,"href":"https:\/\/new.decoczar.pl\/index.php\/wp-json\/wp\/v2\/product_tag?post=34969"}],"curies":[{"name":"wp","href":"https:\/\/api.w.org\/{rel}","templated":true}]}}