{"id":35292,"date":"2026-01-20T00:25:21","date_gmt":"2026-01-19T23:25:21","guid":{"rendered":"https:\/\/new.decoczar.pl\/index.php\/product\/stojak-na-kwiaty-4w1-loft-kwietnik-92\/"},"modified":"2026-01-20T00:25:21","modified_gmt":"2026-01-19T23:25:21","slug":"stojak-na-kwiaty-4w1-loft-kwietnik-92","status":"publish","type":"product","link":"https:\/\/new.decoczar.pl\/index.php\/product\/stojak-na-kwiaty-4w1-loft-kwietnik-92\/","title":{"rendered":"Stojak na kwiaty 4w1 LOFT \/ kwietnik"},"content":{"rendered":"<p>Cechy produktu<\/p>\n<p> \tBlaty o wymiarach: 20&#215;20 cm<br \/>\n \tWymiary: 75 cm \/ 60 cm \/ 45 cm \/30 cm<br \/>\n \tP\u0142yta laminowana 18 mm &#8221; d\u0105b craft z\u0142oty&#8221;<br \/>\n \tProfil 2&#215;2 cm<br \/>\n \tCzas realizacji 14 dni po zaksi\u0119gowaniu wp\u0142aty<br \/>\n \tWymiary podstawy: 40&#215;40 cm<br \/>\n \tMalowane proszkowo<br \/>\n \tOd podstaw zosta\u0142 wykonany r\u0119cznie<br \/>\n \tMateria\u0142y:\u00a0Stal, P\u0142yta MDF<br \/>\n \tWysy\u0142ka 40 z\u0142 ( NIE WYSY\u0141AM ZA POBRANIEM )<\/p>\n","protected":false},"excerpt":{"rendered":"<p>Cechy produktu<\/p>\n<p> \tBlaty o wymiarach: 20&#215;20 cm<br \/>\n \tWymiary: 75 cm \/ 60 cm \/ 45 cm \/30 cm<br \/>\n \tP\u0142yta laminowana 18 mm &#8221; d\u0105b craft z\u0142oty&#8221;<br \/>\n \tProfil 2&#215;2 cm<br \/>\n \tCzas realizacji 14 dni po zaksi\u0119gowaniu wp\u0142aty<br \/>\n \tWymiary podstawy: 40&#215;40 cm<br \/>\n \tMalowane proszkowo<br \/>\n \tOd podstaw zosta\u0142 wykonany r\u0119cznie<br \/>\n \tMateria\u0142y:\u00a0Stal, P\u0142yta MDF<br \/>\n \tWysy\u0142ka 40 z\u0142 ( NIE WYSY\u0141AM ZA POBRANIEM )<\/p>\n","protected":false},"featured_media":2177,"comment_status":"open","ping_status":"closed","template":"","meta":[],"etheme_brands":[],"product_cat":[50],"product_tag":[],"class_list":["post-35292","product","type-product","status-publish","has-post-thumbnail","hentry","product_cat-podstawy-metalowe-stelaze-stojaki"],"_links":{"self":[{"href":"https:\/\/new.decoczar.pl\/index.php\/wp-json\/wp\/v2\/product\/35292","targetHints":{"allow":["GET"]}}],"collection":[{"href":"https:\/\/new.decoczar.pl\/index.php\/wp-json\/wp\/v2\/product"}],"about":[{"href":"https:\/\/new.decoczar.pl\/index.php\/wp-json\/wp\/v2\/types\/product"}],"replies":[{"embeddable":true,"href":"https:\/\/new.decoczar.pl\/index.php\/wp-json\/wp\/v2\/comments?post=35292"}],"wp:featuredmedia":[{"embeddable":true,"href":"https:\/\/new.decoczar.pl\/index.php\/wp-json\/wp\/v2\/media\/2177"}],"wp:attachment":[{"href":"https:\/\/new.decoczar.pl\/index.php\/wp-json\/wp\/v2\/media?parent=35292"}],"wp:term":[{"taxonomy":"brand","embeddable":true,"href":"https:\/\/new.decoczar.pl\/index.php\/wp-json\/wp\/v2\/etheme_brands?post=35292"},{"taxonomy":"product_cat","embeddable":true,"href":"https:\/\/new.decoczar.pl\/index.php\/wp-json\/wp\/v2\/product_cat?post=35292"},{"taxonomy":"product_tag","embeddable":true,"href":"https:\/\/new.decoczar.pl\/index.php\/wp-json\/wp\/v2\/product_tag?post=35292"}],"curies":[{"name":"wp","href":"https:\/\/api.w.org\/{rel}","templated":true}]}}