{"id":35334,"date":"2026-01-20T04:51:06","date_gmt":"2026-01-20T03:51:06","guid":{"rendered":"https:\/\/new.decoczar.pl\/index.php\/product\/noga-metalowa-stelaz-podstawa-pod-stol-pajak-duzy-bialy-92\/"},"modified":"2026-01-20T04:51:06","modified_gmt":"2026-01-20T03:51:06","slug":"noga-metalowa-stelaz-podstawa-pod-stol-pajak-duzy-bialy-92","status":"publish","type":"product","link":"https:\/\/new.decoczar.pl\/index.php\/product\/noga-metalowa-stelaz-podstawa-pod-stol-pajak-duzy-bialy-92\/","title":{"rendered":"NOGA METALOWA STELA\u017b PODSTAWA POD ST\u00d3\u0141 PAJ\u0104K DU\u017bY BIA\u0141Y"},"content":{"rendered":"<p> \tWymiary : 60 X 150 X 70 ( g\u0142\u0119boko\u015b\u0107 x szeroko\u015b\u0107 x wysoko\u015b\u0107) &#8211;<br \/>\n \tMalowane proszkowo<br \/>\n \tWysy\u0142ka paletowa 280z\u0142\u00a0<br \/>\n \tKolor Bia\u0142y<br \/>\n \tProfil 8&#215;4 cm<br \/>\n \tCzas realizacji do 21 dni roboczych po zaksi\u0119gowaniu wp\u0142aty<br \/>\n \tW uwagach do zam\u00f3wienia prosz\u0119 wpisa\u0107 wszelkie zmiany<br \/>\n \tPRODUKT POLSKI<br \/>\n \tDbamy o Twoje wn\u0119trze!&#x2611;&#xfe0f; Dlatego pod ka\u017cd\u0105 nog\u0119 przyklejamy podk\u0142adk\u0119 ze specjalnego filcu, kt\u00f3ry\u00a0chroni Twoj\u0105 pod\u0142og\u0119\u00a0przed zarysowaniami.<\/p>\n<p>\u00a0<\/p>\n","protected":false},"excerpt":{"rendered":"<p> \tWymiary : 60 X 150 X 70 ( g\u0142\u0119boko\u015b\u0107 x szeroko\u015b\u0107 x wysoko\u015b\u0107) &#8211;<br \/>\n \tMalowane proszkowo<br \/>\n \tWysy\u0142ka paletowa 280z\u0142\u00a0<br \/>\n \tKolor Bia\u0142y<br \/>\n \tProfil 8&#215;4 cm<br \/>\n \tCzas realizacji do 21 dni roboczych po zaksi\u0119gowaniu wp\u0142aty<br \/>\n \tW uwagach do zam\u00f3wienia prosz\u0119 wpisa\u0107 wszelkie zmiany<br \/>\n \tPRODUKT POLSKI<br \/>\n \tDbamy o Twoje wn\u0119trze!&#x2611;&#xfe0f; Dlatego pod ka\u017cd\u0105 nog\u0119 przyklejamy podk\u0142adk\u0119 ze specjalnego filcu, kt\u00f3ry\u00a0chroni Twoj\u0105 pod\u0142og\u0119\u00a0przed zarysowaniami.<\/p>\n<p>\u00a0<\/p>\n","protected":false},"featured_media":4796,"comment_status":"open","ping_status":"closed","template":"","meta":[],"etheme_brands":[],"product_cat":[50],"product_tag":[],"class_list":["post-35334","product","type-product","status-publish","has-post-thumbnail","hentry","product_cat-podstawy-metalowe-stelaze-stojaki"],"_links":{"self":[{"href":"https:\/\/new.decoczar.pl\/index.php\/wp-json\/wp\/v2\/product\/35334","targetHints":{"allow":["GET"]}}],"collection":[{"href":"https:\/\/new.decoczar.pl\/index.php\/wp-json\/wp\/v2\/product"}],"about":[{"href":"https:\/\/new.decoczar.pl\/index.php\/wp-json\/wp\/v2\/types\/product"}],"replies":[{"embeddable":true,"href":"https:\/\/new.decoczar.pl\/index.php\/wp-json\/wp\/v2\/comments?post=35334"}],"wp:featuredmedia":[{"embeddable":true,"href":"https:\/\/new.decoczar.pl\/index.php\/wp-json\/wp\/v2\/media\/4796"}],"wp:attachment":[{"href":"https:\/\/new.decoczar.pl\/index.php\/wp-json\/wp\/v2\/media?parent=35334"}],"wp:term":[{"taxonomy":"brand","embeddable":true,"href":"https:\/\/new.decoczar.pl\/index.php\/wp-json\/wp\/v2\/etheme_brands?post=35334"},{"taxonomy":"product_cat","embeddable":true,"href":"https:\/\/new.decoczar.pl\/index.php\/wp-json\/wp\/v2\/product_cat?post=35334"},{"taxonomy":"product_tag","embeddable":true,"href":"https:\/\/new.decoczar.pl\/index.php\/wp-json\/wp\/v2\/product_tag?post=35334"}],"curies":[{"name":"wp","href":"https:\/\/api.w.org\/{rel}","templated":true}]}}