{"id":3542,"date":"2023-01-07T06:36:39","date_gmt":"2023-01-07T05:36:39","guid":{"rendered":"https:\/\/new.decoczar.pl\/index.php\/product\/zestaw-mucha-drewniana-tata-i-syn\/"},"modified":"2023-01-07T06:36:39","modified_gmt":"2023-01-07T05:36:39","slug":"zestaw-mucha-drewniana-tata-i-syn","status":"publish","type":"product","link":"https:\/\/new.decoczar.pl\/index.php\/product\/zestaw-mucha-drewniana-tata-i-syn\/","title":{"rendered":"Zestaw Mucha Drewniana &#8222;Tata i Syn&#8221;"},"content":{"rendered":"<p>Mucha Drewniana dla Taty<\/p>\n<p> \tWymiary 12 cm x 6 cm<br \/>\n \tWykonana ze sklejki brzozowej 3 mm<br \/>\n \tRegulacja paska do 52 cm<br \/>\n \tOzdobne pude\u0142ko<br \/>\n \tGrafika<br \/>\n \tZaprojektujemy dla Ciebie indywidualny projekt, logo<\/p>\n<p>Wysy\u0142ka tylko kurier !!!<\/p>\n<p>Muszka Dzieci\u0119ca<\/p>\n<p> \tWymiary 4 x 8 cm<br \/>\n \tWykonana ze sklejki brzozowej 3 mm<br \/>\n \tGrafika<br \/>\n \tP\u0142ynna regulacja d\u0142ugo\u015bci tasiemki.<br \/>\n \tProdukt Polski<\/p>\n","protected":false},"excerpt":{"rendered":"<p>Mucha Drewniana dla Taty<\/p>\n<p> \tWymiary 12 cm x 6 cm<br \/>\n \tWykonana ze sklejki brzozowej 3 mm<br \/>\n \tRegulacja paska do 52 cm<br \/>\n \tOzdobne pude\u0142ko<br \/>\n \tGrafika<br \/>\n \tZaprojektujemy dla Ciebie indywidualny projekt, logo<\/p>\n<p>Wysy\u0142ka tylko kurier !!!<\/p>\n<p>Muszka Dzieci\u0119ca<\/p>\n<p> \tWymiary 4 x 8 cm<br \/>\n \tWykonana ze sklejki brzozowej 3 mm<br \/>\n \tGrafika<br \/>\n \tP\u0142ynna regulacja d\u0142ugo\u015bci tasiemki.<br \/>\n \tProdukt Polski<\/p>\n","protected":false},"featured_media":3541,"comment_status":"open","ping_status":"closed","template":"","meta":[],"etheme_brands":[],"product_cat":[132],"product_tag":[],"class_list":["post-3542","product","type-product","status-publish","has-post-thumbnail","hentry","product_cat-slub-dekoracje-spinki-i-muchy-drewniane-dodatki"],"_links":{"self":[{"href":"https:\/\/new.decoczar.pl\/index.php\/wp-json\/wp\/v2\/product\/3542","targetHints":{"allow":["GET"]}}],"collection":[{"href":"https:\/\/new.decoczar.pl\/index.php\/wp-json\/wp\/v2\/product"}],"about":[{"href":"https:\/\/new.decoczar.pl\/index.php\/wp-json\/wp\/v2\/types\/product"}],"replies":[{"embeddable":true,"href":"https:\/\/new.decoczar.pl\/index.php\/wp-json\/wp\/v2\/comments?post=3542"}],"wp:featuredmedia":[{"embeddable":true,"href":"https:\/\/new.decoczar.pl\/index.php\/wp-json\/wp\/v2\/media\/3541"}],"wp:attachment":[{"href":"https:\/\/new.decoczar.pl\/index.php\/wp-json\/wp\/v2\/media?parent=3542"}],"wp:term":[{"taxonomy":"brand","embeddable":true,"href":"https:\/\/new.decoczar.pl\/index.php\/wp-json\/wp\/v2\/etheme_brands?post=3542"},{"taxonomy":"product_cat","embeddable":true,"href":"https:\/\/new.decoczar.pl\/index.php\/wp-json\/wp\/v2\/product_cat?post=3542"},{"taxonomy":"product_tag","embeddable":true,"href":"https:\/\/new.decoczar.pl\/index.php\/wp-json\/wp\/v2\/product_tag?post=3542"}],"curies":[{"name":"wp","href":"https:\/\/api.w.org\/{rel}","templated":true}]}}