{"id":3566,"date":"2023-01-11T04:44:54","date_gmt":"2023-01-11T03:44:54","guid":{"rendered":"https:\/\/new.decoczar.pl\/index.php\/product\/bombka-ze-zdjeciem-12-cm\/"},"modified":"2023-01-11T04:44:54","modified_gmt":"2023-01-11T03:44:54","slug":"bombka-ze-zdjeciem-12-cm","status":"publish","type":"product","link":"https:\/\/new.decoczar.pl\/index.php\/product\/bombka-ze-zdjeciem-12-cm\/","title":{"rendered":"Bombka ze zdj\u0119ciem 12 cm"},"content":{"rendered":"<p>Bombka ze zdj\u0119ciem<\/p>\n<p> \tWymiary 12 cm \u015brednica<br \/>\n \tAkrylowa bombka<br \/>\n \tKolorowe, ozdobne wst\u0105\u017cki<br \/>\n \tDekoracje<br \/>\n \tSznurek do zawieszenia<br \/>\n \tStojak sprzedawany oddzielnie<br \/>\n \tW uwagach dla klienta prosz\u0119 wpisa\u0107 wszelkie uwagi<br \/>\n \tZdj\u0119cie (dobra jako\u015b\u0107 ) prosz\u0119 wys\u0142a\u0107 na maila sklep@decoczar.pl wraz z nr zam\u00f3wienia<br \/>\n \tCzas realizacji do 7 dni roboczych po zaksi\u0119gowaniu wp\u0142aty<\/p>\n<p>WYSY\u0141KA TYLKO KURIER !!! DO 5 SZT W PACZCE !!!<\/p>\n","protected":false},"excerpt":{"rendered":"<p>Bombka ze zdj\u0119ciem<\/p>\n<p> \tWymiary 12 cm \u015brednica<br \/>\n \tAkrylowa bombka<br \/>\n \tKolorowe, ozdobne wst\u0105\u017cki<br \/>\n \tDekoracje<br \/>\n \tSznurek do zawieszenia<br \/>\n \tStojak sprzedawany oddzielnie<br \/>\n \tW uwagach dla klienta prosz\u0119 wpisa\u0107 wszelkie uwagi<br \/>\n \tZdj\u0119cie (dobra jako\u015b\u0107 ) prosz\u0119 wys\u0142a\u0107 na maila sklep@decoczar.pl wraz z nr zam\u00f3wienia<br \/>\n \tCzas realizacji do 7 dni roboczych po zaksi\u0119gowaniu wp\u0142aty<\/p>\n<p>WYSY\u0141KA TYLKO KURIER !!! DO 5 SZT W PACZCE !!!<\/p>\n","protected":false},"featured_media":3565,"comment_status":"open","ping_status":"closed","template":"","meta":[],"etheme_brands":[],"product_cat":[74],"product_tag":[],"class_list":["post-3566","product","type-product","status-publish","has-post-thumbnail","hentry","product_cat-boze-narodzenie"],"_links":{"self":[{"href":"https:\/\/new.decoczar.pl\/index.php\/wp-json\/wp\/v2\/product\/3566","targetHints":{"allow":["GET"]}}],"collection":[{"href":"https:\/\/new.decoczar.pl\/index.php\/wp-json\/wp\/v2\/product"}],"about":[{"href":"https:\/\/new.decoczar.pl\/index.php\/wp-json\/wp\/v2\/types\/product"}],"replies":[{"embeddable":true,"href":"https:\/\/new.decoczar.pl\/index.php\/wp-json\/wp\/v2\/comments?post=3566"}],"wp:featuredmedia":[{"embeddable":true,"href":"https:\/\/new.decoczar.pl\/index.php\/wp-json\/wp\/v2\/media\/3565"}],"wp:attachment":[{"href":"https:\/\/new.decoczar.pl\/index.php\/wp-json\/wp\/v2\/media?parent=3566"}],"wp:term":[{"taxonomy":"brand","embeddable":true,"href":"https:\/\/new.decoczar.pl\/index.php\/wp-json\/wp\/v2\/etheme_brands?post=3566"},{"taxonomy":"product_cat","embeddable":true,"href":"https:\/\/new.decoczar.pl\/index.php\/wp-json\/wp\/v2\/product_cat?post=3566"},{"taxonomy":"product_tag","embeddable":true,"href":"https:\/\/new.decoczar.pl\/index.php\/wp-json\/wp\/v2\/product_tag?post=3566"}],"curies":[{"name":"wp","href":"https:\/\/api.w.org\/{rel}","templated":true}]}}