{"id":35781,"date":"2026-02-05T18:18:33","date_gmt":"2026-02-05T17:18:33","guid":{"rendered":"http:\/\/new.decoczar.pl\/index.php\/product\/podkladki-butelkowa-zielen-czarny-i-zlote-drobinki-2-szt-4\/"},"modified":"2026-02-05T18:18:33","modified_gmt":"2026-02-05T17:18:33","slug":"podkladki-butelkowa-zielen-czarny-i-zlote-drobinki-2-szt-4","status":"publish","type":"product","link":"https:\/\/new.decoczar.pl\/index.php\/product\/podkladki-butelkowa-zielen-czarny-i-zlote-drobinki-2-szt-4\/","title":{"rendered":"PODK\u0141ADKI BUTELKOWA ZIELE\u0143, CZARNY I Z\u0141OTE DROBINKI 2 SZT"},"content":{"rendered":"<p>Cechy produktu :<\/p>\n<p> \tWymiary : \u015brednica ok 12 cm<br \/>\n \tKolor : butelkowa ziele\u0144,czarny i z\u0142ote drobinki<br \/>\n \tR\u0119kodzie\u0142o- ka\u017cda podk\u0142adka jest unikatowa<br \/>\n \tPodk\u0142adki pakowane s\u0105 w ozdobne prezentowe opakowanie<br \/>\n \tCzas realizacji 10 dni roboczych po zaksi\u0119gowaniu wp\u0142aty<br \/>\n \tMo\u017cliwo\u015b\u0107 dokupienia tacy do kompletu<br \/>\n \tPodk\u0142adki pi\u0119knie mieni\u0105 si\u0119 w s\u0142o\u0144cu poniewa\u017c zosta\u0142 dodany py\u0142ek brokatowy<br \/>\n \tZAMAWIAJ\u0104C KILKA PRODUKT\u00d3W CZAS REALIZACJI JEST D\u0141U\u017bSZY DO 14 DNI ROBOCZYCH<\/p>\n","protected":false},"excerpt":{"rendered":"<p>Cechy produktu :<\/p>\n<p> \tWymiary : \u015brednica ok 12 cm<br \/>\n \tKolor : butelkowa ziele\u0144,czarny i z\u0142ote drobinki<br \/>\n \tR\u0119kodzie\u0142o- ka\u017cda podk\u0142adka jest unikatowa<br \/>\n \tPodk\u0142adki pakowane s\u0105 w ozdobne prezentowe opakowanie<br \/>\n \tCzas realizacji 10 dni roboczych po zaksi\u0119gowaniu wp\u0142aty<br \/>\n \tMo\u017cliwo\u015b\u0107 dokupienia tacy do kompletu<br \/>\n \tPodk\u0142adki pi\u0119knie mieni\u0105 si\u0119 w s\u0142o\u0144cu poniewa\u017c zosta\u0142 dodany py\u0142ek brokatowy<br \/>\n \tZAMAWIAJ\u0104C KILKA PRODUKT\u00d3W CZAS REALIZACJI JEST D\u0141U\u017bSZY DO 14 DNI ROBOCZYCH<\/p>\n","protected":false},"featured_media":20226,"comment_status":"open","ping_status":"closed","template":"","meta":[],"etheme_brands":[],"product_cat":[296],"product_tag":[],"class_list":["post-35781","product","type-product","status-publish","has-post-thumbnail","hentry","product_cat-dostepne-od-reki-podkladki-produkty-z-zywicy"],"_links":{"self":[{"href":"https:\/\/new.decoczar.pl\/index.php\/wp-json\/wp\/v2\/product\/35781","targetHints":{"allow":["GET"]}}],"collection":[{"href":"https:\/\/new.decoczar.pl\/index.php\/wp-json\/wp\/v2\/product"}],"about":[{"href":"https:\/\/new.decoczar.pl\/index.php\/wp-json\/wp\/v2\/types\/product"}],"replies":[{"embeddable":true,"href":"https:\/\/new.decoczar.pl\/index.php\/wp-json\/wp\/v2\/comments?post=35781"}],"wp:featuredmedia":[{"embeddable":true,"href":"https:\/\/new.decoczar.pl\/index.php\/wp-json\/wp\/v2\/media\/20226"}],"wp:attachment":[{"href":"https:\/\/new.decoczar.pl\/index.php\/wp-json\/wp\/v2\/media?parent=35781"}],"wp:term":[{"taxonomy":"brand","embeddable":true,"href":"https:\/\/new.decoczar.pl\/index.php\/wp-json\/wp\/v2\/etheme_brands?post=35781"},{"taxonomy":"product_cat","embeddable":true,"href":"https:\/\/new.decoczar.pl\/index.php\/wp-json\/wp\/v2\/product_cat?post=35781"},{"taxonomy":"product_tag","embeddable":true,"href":"https:\/\/new.decoczar.pl\/index.php\/wp-json\/wp\/v2\/product_tag?post=35781"}],"curies":[{"name":"wp","href":"https:\/\/api.w.org\/{rel}","templated":true}]}}