{"id":3582,"date":"2023-01-12T19:34:39","date_gmt":"2023-01-12T18:34:39","guid":{"rendered":"https:\/\/new.decoczar.pl\/index.php\/product\/bombka-drewniana-zawieszka-imie-duza\/"},"modified":"2023-01-12T19:34:39","modified_gmt":"2023-01-12T18:34:39","slug":"bombka-drewniana-zawieszka-imie-duza","status":"publish","type":"product","link":"https:\/\/new.decoczar.pl\/index.php\/product\/bombka-drewniana-zawieszka-imie-duza\/","title":{"rendered":"Bombka Drewniana Zawieszka &#8222;imi\u0119&#8221; DU\u017bA"},"content":{"rendered":"<p>Bombka Drewniana<\/p>\n<p> \tWymiary &#8211; \u015brednica 13,5 cm<br \/>\n \tWykonana ze sklejki brzozowej 3 mm<br \/>\n \tSznurek<br \/>\n \tGrafika gwiazdki, miko\u0142aj, choinka<br \/>\n \tOzdobna kokardka<br \/>\n \tW uwagach klienta prosz\u0119 wpisa\u0107 imi\u0119<br \/>\n \tCzas realizacji 2-5 dni roboczych po zaksi\u0119gowaniu wp\u0142aty<br \/>\n \tBrokat zielony<\/p>\n<p>WYSY\u0141KA LIST PRIORYTET TOPPER B\u0104D\u0179 KURIER ( NIE WYSY\u0141AM POCZT\u0104 ZA 6 Z\u0141 )<\/p>\n","protected":false},"excerpt":{"rendered":"<p>Bombka Drewniana<\/p>\n<p> \tWymiary &#8211; \u015brednica 13,5 cm<br \/>\n \tWykonana ze sklejki brzozowej 3 mm<br \/>\n \tSznurek<br \/>\n \tGrafika gwiazdki, miko\u0142aj, choinka<br \/>\n \tOzdobna kokardka<br \/>\n \tW uwagach klienta prosz\u0119 wpisa\u0107 imi\u0119<br \/>\n \tCzas realizacji 2-5 dni roboczych po zaksi\u0119gowaniu wp\u0142aty<br \/>\n \tBrokat zielony<\/p>\n<p>WYSY\u0141KA LIST PRIORYTET TOPPER B\u0104D\u0179 KURIER ( NIE WYSY\u0141AM POCZT\u0104 ZA 6 Z\u0141 )<\/p>\n","protected":false},"featured_media":3581,"comment_status":"open","ping_status":"closed","template":"","meta":[],"etheme_brands":[],"product_cat":[74],"product_tag":[],"class_list":["post-3582","product","type-product","status-publish","has-post-thumbnail","hentry","product_cat-boze-narodzenie"],"_links":{"self":[{"href":"https:\/\/new.decoczar.pl\/index.php\/wp-json\/wp\/v2\/product\/3582","targetHints":{"allow":["GET"]}}],"collection":[{"href":"https:\/\/new.decoczar.pl\/index.php\/wp-json\/wp\/v2\/product"}],"about":[{"href":"https:\/\/new.decoczar.pl\/index.php\/wp-json\/wp\/v2\/types\/product"}],"replies":[{"embeddable":true,"href":"https:\/\/new.decoczar.pl\/index.php\/wp-json\/wp\/v2\/comments?post=3582"}],"wp:featuredmedia":[{"embeddable":true,"href":"https:\/\/new.decoczar.pl\/index.php\/wp-json\/wp\/v2\/media\/3581"}],"wp:attachment":[{"href":"https:\/\/new.decoczar.pl\/index.php\/wp-json\/wp\/v2\/media?parent=3582"}],"wp:term":[{"taxonomy":"brand","embeddable":true,"href":"https:\/\/new.decoczar.pl\/index.php\/wp-json\/wp\/v2\/etheme_brands?post=3582"},{"taxonomy":"product_cat","embeddable":true,"href":"https:\/\/new.decoczar.pl\/index.php\/wp-json\/wp\/v2\/product_cat?post=3582"},{"taxonomy":"product_tag","embeddable":true,"href":"https:\/\/new.decoczar.pl\/index.php\/wp-json\/wp\/v2\/product_tag?post=3582"}],"curies":[{"name":"wp","href":"https:\/\/api.w.org\/{rel}","templated":true}]}}