{"id":35839,"date":"2026-02-05T18:20:33","date_gmt":"2026-02-05T17:20:33","guid":{"rendered":"http:\/\/new.decoczar.pl\/index.php\/product\/regal-stelaz-industrialny-loft-200x100-94\/"},"modified":"2026-02-05T18:20:33","modified_gmt":"2026-02-05T17:20:33","slug":"regal-stelaz-industrialny-loft-200x100-94","status":"publish","type":"product","link":"https:\/\/new.decoczar.pl\/index.php\/product\/regal-stelaz-industrialny-loft-200x100-94\/","title":{"rendered":"REGA\u0141 &#8211; STELA\u017b INDUSTRIALNY \/ LOFT 200X100"},"content":{"rendered":"<p>Rega\u0142 loft<\/p>\n<p> \tWymiary 200 x 100 cm<br \/>\n \tG\u0142\u0119boko\u015b\u0107 40 cm<br \/>\n \tStela\u017c profil 2&#215;2 cm<br \/>\n \tMalowany proszkowo<br \/>\n \tCzas realizacji do 21 dni roboczych po zaksi\u0119gowaniu wp\u0142aty<br \/>\n \tTYLKO ODBI\u00d3R OSOBISTY (WARSZAWA BR\u00d3DNO lub Okolice Legionowa )<br \/>\n \tPodklejone podk\u0142adk\u0105 by zabezpieczy\u0107 przed zarysowaniem pod\u0142\u00f3g.<\/p>\n","protected":false},"excerpt":{"rendered":"<p>Rega\u0142 loft<\/p>\n<p> \tWymiary 200 x 100 cm<br \/>\n \tG\u0142\u0119boko\u015b\u0107 40 cm<br \/>\n \tStela\u017c profil 2&#215;2 cm<br \/>\n \tMalowany proszkowo<br \/>\n \tCzas realizacji do 21 dni roboczych po zaksi\u0119gowaniu wp\u0142aty<br \/>\n \tTYLKO ODBI\u00d3R OSOBISTY (WARSZAWA BR\u00d3DNO lub Okolice Legionowa )<br \/>\n \tPodklejone podk\u0142adk\u0105 by zabezpieczy\u0107 przed zarysowaniem pod\u0142\u00f3g.<\/p>\n","protected":false},"featured_media":2131,"comment_status":"open","ping_status":"closed","template":"","meta":[],"etheme_brands":[],"product_cat":[50],"product_tag":[],"class_list":["post-35839","product","type-product","status-publish","has-post-thumbnail","hentry","product_cat-podstawy-metalowe-stelaze-stojaki"],"_links":{"self":[{"href":"https:\/\/new.decoczar.pl\/index.php\/wp-json\/wp\/v2\/product\/35839","targetHints":{"allow":["GET"]}}],"collection":[{"href":"https:\/\/new.decoczar.pl\/index.php\/wp-json\/wp\/v2\/product"}],"about":[{"href":"https:\/\/new.decoczar.pl\/index.php\/wp-json\/wp\/v2\/types\/product"}],"replies":[{"embeddable":true,"href":"https:\/\/new.decoczar.pl\/index.php\/wp-json\/wp\/v2\/comments?post=35839"}],"wp:featuredmedia":[{"embeddable":true,"href":"https:\/\/new.decoczar.pl\/index.php\/wp-json\/wp\/v2\/media\/2131"}],"wp:attachment":[{"href":"https:\/\/new.decoczar.pl\/index.php\/wp-json\/wp\/v2\/media?parent=35839"}],"wp:term":[{"taxonomy":"brand","embeddable":true,"href":"https:\/\/new.decoczar.pl\/index.php\/wp-json\/wp\/v2\/etheme_brands?post=35839"},{"taxonomy":"product_cat","embeddable":true,"href":"https:\/\/new.decoczar.pl\/index.php\/wp-json\/wp\/v2\/product_cat?post=35839"},{"taxonomy":"product_tag","embeddable":true,"href":"https:\/\/new.decoczar.pl\/index.php\/wp-json\/wp\/v2\/product_tag?post=35839"}],"curies":[{"name":"wp","href":"https:\/\/api.w.org\/{rel}","templated":true}]}}