{"id":35881,"date":"2026-02-05T18:34:48","date_gmt":"2026-02-05T17:34:48","guid":{"rendered":"https:\/\/new.decoczar.pl\/index.php\/product\/podstawa-do-stolu-v-noga-metalowa-v-xl-94\/"},"modified":"2026-02-05T18:34:48","modified_gmt":"2026-02-05T17:34:48","slug":"podstawa-do-stolu-v-noga-metalowa-v-xl-94","status":"publish","type":"product","link":"https:\/\/new.decoczar.pl\/index.php\/product\/podstawa-do-stolu-v-noga-metalowa-v-xl-94\/","title":{"rendered":"PODSTAWA DO STO\u0141U V \/ NOGA METALOWA V XL"},"content":{"rendered":"<p> \tWymiary :<\/p>\n<p>&#8211; wysoko\u015b\u0107: 72 cm<\/p>\n<p>-wymiary blachy 100 cm x 50 cm grubo\u015b\u0107 blachy 8 mm<br \/>\n&#8211; szeroko\u015b\u0107 ramion: 70 cm<br \/>\n&#8211; d\u0142ugo\u015b\u0107: 120 cm<\/p>\n<p> \tMalowane proszkowo<br \/>\n \tKolor Czarny mat<br \/>\n \tProfil\u00a0 80 x 80 mm<br \/>\n \tProdukt wykonywany na zam\u00f3wienie 21 ( +\/- 5\u00a0 )dni roboczych \u2013 po zaksi\u0119gowaniu wp\u0142aty<br \/>\n \tZam\u00f3wienie tylko wp\u0142ata na konto<br \/>\n \tOdbi\u00f3r osobisty Warszawa Br\u00f3dno lub okolice Legionowa (Micha\u0142\u00f3w Regin\u00f3w )<br \/>\n \tProdukt Polski &#8211; 100% handmade<br \/>\n \tWysy\u0142ka paletowa 280 z\u0142 !!!<\/p>\n","protected":false},"excerpt":{"rendered":"<p> \tWymiary :<\/p>\n<p>&#8211; wysoko\u015b\u0107: 72 cm<\/p>\n<p>-wymiary blachy 100 cm x 50 cm grubo\u015b\u0107 blachy 8 mm<br \/>\n&#8211; szeroko\u015b\u0107 ramion: 70 cm<br \/>\n&#8211; d\u0142ugo\u015b\u0107: 120 cm<\/p>\n<p> \tMalowane proszkowo<br \/>\n \tKolor Czarny mat<br \/>\n \tProfil\u00a0 80 x 80 mm<br \/>\n \tProdukt wykonywany na zam\u00f3wienie 21 ( +\/- 5\u00a0 )dni roboczych \u2013 po zaksi\u0119gowaniu wp\u0142aty<br \/>\n \tZam\u00f3wienie tylko wp\u0142ata na konto<br \/>\n \tOdbi\u00f3r osobisty Warszawa Br\u00f3dno lub okolice Legionowa (Micha\u0142\u00f3w Regin\u00f3w )<br \/>\n \tProdukt Polski &#8211; 100% handmade<br \/>\n \tWysy\u0142ka paletowa 280 z\u0142 !!!<\/p>\n","protected":false},"featured_media":2342,"comment_status":"open","ping_status":"closed","template":"","meta":[],"etheme_brands":[],"product_cat":[50],"product_tag":[],"class_list":["post-35881","product","type-product","status-publish","has-post-thumbnail","hentry","product_cat-podstawy-metalowe-stelaze-stojaki"],"_links":{"self":[{"href":"https:\/\/new.decoczar.pl\/index.php\/wp-json\/wp\/v2\/product\/35881","targetHints":{"allow":["GET"]}}],"collection":[{"href":"https:\/\/new.decoczar.pl\/index.php\/wp-json\/wp\/v2\/product"}],"about":[{"href":"https:\/\/new.decoczar.pl\/index.php\/wp-json\/wp\/v2\/types\/product"}],"replies":[{"embeddable":true,"href":"https:\/\/new.decoczar.pl\/index.php\/wp-json\/wp\/v2\/comments?post=35881"}],"wp:featuredmedia":[{"embeddable":true,"href":"https:\/\/new.decoczar.pl\/index.php\/wp-json\/wp\/v2\/media\/2342"}],"wp:attachment":[{"href":"https:\/\/new.decoczar.pl\/index.php\/wp-json\/wp\/v2\/media?parent=35881"}],"wp:term":[{"taxonomy":"brand","embeddable":true,"href":"https:\/\/new.decoczar.pl\/index.php\/wp-json\/wp\/v2\/etheme_brands?post=35881"},{"taxonomy":"product_cat","embeddable":true,"href":"https:\/\/new.decoczar.pl\/index.php\/wp-json\/wp\/v2\/product_cat?post=35881"},{"taxonomy":"product_tag","embeddable":true,"href":"https:\/\/new.decoczar.pl\/index.php\/wp-json\/wp\/v2\/product_tag?post=35881"}],"curies":[{"name":"wp","href":"https:\/\/api.w.org\/{rel}","templated":true}]}}