{"id":3592,"date":"2023-01-14T06:33:28","date_gmt":"2023-01-14T05:33:28","guid":{"rendered":"http:\/\/new.decoczar.pl\/index.php\/product\/bombka-drewniana-zawieszka-imie-brokat\/"},"modified":"2023-01-14T06:33:28","modified_gmt":"2023-01-14T05:33:28","slug":"bombka-drewniana-zawieszka-imie-brokat","status":"publish","type":"product","link":"https:\/\/new.decoczar.pl\/index.php\/product\/bombka-drewniana-zawieszka-imie-brokat\/","title":{"rendered":"Bombka Drewniana zawieszka &#8222;imi\u0119&#8221; Brokat"},"content":{"rendered":"<p>Bombka Drewniana<\/p>\n<p> \tWymiary &#8211; \u015brednica 9 cm<br \/>\n \tWykonana ze sklejki brzozowej 3 mm<br \/>\n \tSznurek ozdobny<br \/>\n \tGrafika choinka, gwiazdki<br \/>\n \tBrokat zielony<br \/>\n \tW uwagach klienta prosz\u0119 wpisa\u0107 nazw\u0119 firmy,imi\u0119<br \/>\n \tStojak sprzedawany oddzielnie<br \/>\n \tCzas realizacji 2-5 dni roboczych po zaksi\u0119gowaniu wp\u0142aty<\/p>\n<p>Powy\u017cej 4 sztuk wysy\u0142ka kurier<\/p>\n","protected":false},"excerpt":{"rendered":"<p>Bombka Drewniana<\/p>\n<p> \tWymiary &#8211; \u015brednica 9 cm<br \/>\n \tWykonana ze sklejki brzozowej 3 mm<br \/>\n \tSznurek ozdobny<br \/>\n \tGrafika choinka, gwiazdki<br \/>\n \tBrokat zielony<br \/>\n \tW uwagach klienta prosz\u0119 wpisa\u0107 nazw\u0119 firmy,imi\u0119<br \/>\n \tStojak sprzedawany oddzielnie<br \/>\n \tCzas realizacji 2-5 dni roboczych po zaksi\u0119gowaniu wp\u0142aty<\/p>\n<p>Powy\u017cej 4 sztuk wysy\u0142ka kurier<\/p>\n","protected":false},"featured_media":3591,"comment_status":"open","ping_status":"closed","template":"","meta":[],"etheme_brands":[],"product_cat":[74],"product_tag":[],"class_list":["post-3592","product","type-product","status-publish","has-post-thumbnail","hentry","product_cat-boze-narodzenie"],"_links":{"self":[{"href":"https:\/\/new.decoczar.pl\/index.php\/wp-json\/wp\/v2\/product\/3592","targetHints":{"allow":["GET"]}}],"collection":[{"href":"https:\/\/new.decoczar.pl\/index.php\/wp-json\/wp\/v2\/product"}],"about":[{"href":"https:\/\/new.decoczar.pl\/index.php\/wp-json\/wp\/v2\/types\/product"}],"replies":[{"embeddable":true,"href":"https:\/\/new.decoczar.pl\/index.php\/wp-json\/wp\/v2\/comments?post=3592"}],"wp:featuredmedia":[{"embeddable":true,"href":"https:\/\/new.decoczar.pl\/index.php\/wp-json\/wp\/v2\/media\/3591"}],"wp:attachment":[{"href":"https:\/\/new.decoczar.pl\/index.php\/wp-json\/wp\/v2\/media?parent=3592"}],"wp:term":[{"taxonomy":"brand","embeddable":true,"href":"https:\/\/new.decoczar.pl\/index.php\/wp-json\/wp\/v2\/etheme_brands?post=3592"},{"taxonomy":"product_cat","embeddable":true,"href":"https:\/\/new.decoczar.pl\/index.php\/wp-json\/wp\/v2\/product_cat?post=3592"},{"taxonomy":"product_tag","embeddable":true,"href":"https:\/\/new.decoczar.pl\/index.php\/wp-json\/wp\/v2\/product_tag?post=3592"}],"curies":[{"name":"wp","href":"https:\/\/api.w.org\/{rel}","templated":true}]}}