{"id":35983,"date":"2026-02-06T01:07:17","date_gmt":"2026-02-06T00:07:17","guid":{"rendered":"http:\/\/new.decoczar.pl\/index.php\/product\/stolik-okragly-debowy-drewniany-gratis-94\/"},"modified":"2026-02-06T01:07:17","modified_gmt":"2026-02-06T00:07:17","slug":"stolik-okragly-debowy-drewniany-gratis-94","status":"publish","type":"product","link":"https:\/\/new.decoczar.pl\/index.php\/product\/stolik-okragly-debowy-drewniany-gratis-94\/","title":{"rendered":"Stolik Okr\u0105g\u0142y D\u0119bowy Drewniany + GRATIS"},"content":{"rendered":"<p>Cechy produktu :<\/p>\n<p> \tWysoko\u015b\u0107 ok 50\u00a0 cm<br \/>\n \t\u015arednica blatu ok 60 cm<br \/>\n \tGrubo\u015b\u0107 ok 8-12 cm<br \/>\n \tMateria\u0142 : plaster d\u0119bu<br \/>\n \tStalowe nogi kolor czarny (mo\u017cemy wykona\u0107 w z\u0142otych, bia\u0142ych nogach )<br \/>\n \tKolor blatu: orzech<br \/>\n \tProdukt 100 % HANDMADE<br \/>\n \tMo\u017cliwo\u015b\u0107 odbioru osobistego Warszawa Br\u00f3dno b\u0105d\u017a okolice Legionowa<br \/>\n \tJeste\u015bmy otwarci na nowe zam\u00f3wienia<br \/>\n \tCzas realizacji 21\u00a0 dni roboczych po zaksi\u0119gowaniu wp\u0142aty<br \/>\n \tTYLKO WP\u0141ATA NA KONTO &#8211; PRZEDP\u0141ATA<br \/>\n \tGRATIS ! 4 SZTUKI PODSTAWKI POD KUBEK<br \/>\n \tMo\u017cliwo\u015b\u0107 wysy\u0142ki 40 z\u0142 ( kwot\u0119 prosz\u0119 doliczy\u0107 do przelewu )<\/p>\n","protected":false},"excerpt":{"rendered":"<p>Cechy produktu :<\/p>\n<p> \tWysoko\u015b\u0107 ok 50\u00a0 cm<br \/>\n \t\u015arednica blatu ok 60 cm<br \/>\n \tGrubo\u015b\u0107 ok 8-12 cm<br \/>\n \tMateria\u0142 : plaster d\u0119bu<br \/>\n \tStalowe nogi kolor czarny (mo\u017cemy wykona\u0107 w z\u0142otych, bia\u0142ych nogach )<br \/>\n \tKolor blatu: orzech<br \/>\n \tProdukt 100 % HANDMADE<br \/>\n \tMo\u017cliwo\u015b\u0107 odbioru osobistego Warszawa Br\u00f3dno b\u0105d\u017a okolice Legionowa<br \/>\n \tJeste\u015bmy otwarci na nowe zam\u00f3wienia<br \/>\n \tCzas realizacji 21\u00a0 dni roboczych po zaksi\u0119gowaniu wp\u0142aty<br \/>\n \tTYLKO WP\u0141ATA NA KONTO &#8211; PRZEDP\u0141ATA<br \/>\n \tGRATIS ! 4 SZTUKI PODSTAWKI POD KUBEK<br \/>\n \tMo\u017cliwo\u015b\u0107 wysy\u0142ki 40 z\u0142 ( kwot\u0119 prosz\u0119 doliczy\u0107 do przelewu )<\/p>\n","protected":false},"featured_media":2890,"comment_status":"open","ping_status":"closed","template":"","meta":[],"etheme_brands":[],"product_cat":[56],"product_tag":[],"class_list":["post-35983","product","type-product","status-publish","has-post-thumbnail","hentry","product_cat-stoliki-drewniane"],"_links":{"self":[{"href":"https:\/\/new.decoczar.pl\/index.php\/wp-json\/wp\/v2\/product\/35983","targetHints":{"allow":["GET"]}}],"collection":[{"href":"https:\/\/new.decoczar.pl\/index.php\/wp-json\/wp\/v2\/product"}],"about":[{"href":"https:\/\/new.decoczar.pl\/index.php\/wp-json\/wp\/v2\/types\/product"}],"replies":[{"embeddable":true,"href":"https:\/\/new.decoczar.pl\/index.php\/wp-json\/wp\/v2\/comments?post=35983"}],"wp:featuredmedia":[{"embeddable":true,"href":"https:\/\/new.decoczar.pl\/index.php\/wp-json\/wp\/v2\/media\/2890"}],"wp:attachment":[{"href":"https:\/\/new.decoczar.pl\/index.php\/wp-json\/wp\/v2\/media?parent=35983"}],"wp:term":[{"taxonomy":"brand","embeddable":true,"href":"https:\/\/new.decoczar.pl\/index.php\/wp-json\/wp\/v2\/etheme_brands?post=35983"},{"taxonomy":"product_cat","embeddable":true,"href":"https:\/\/new.decoczar.pl\/index.php\/wp-json\/wp\/v2\/product_cat?post=35983"},{"taxonomy":"product_tag","embeddable":true,"href":"https:\/\/new.decoczar.pl\/index.php\/wp-json\/wp\/v2\/product_tag?post=35983"}],"curies":[{"name":"wp","href":"https:\/\/api.w.org\/{rel}","templated":true}]}}