{"id":36142,"date":"2026-02-13T06:41:34","date_gmt":"2026-02-13T05:41:34","guid":{"rendered":"https:\/\/new.decoczar.pl\/index.php\/product\/noga-do-stolu-pajak-podstawa-metalowa-188\/"},"modified":"2026-02-13T06:41:34","modified_gmt":"2026-02-13T05:41:34","slug":"noga-do-stolu-pajak-podstawa-metalowa-188","status":"publish","type":"product","link":"https:\/\/new.decoczar.pl\/index.php\/product\/noga-do-stolu-pajak-podstawa-metalowa-188\/","title":{"rendered":"NOGA DO STO\u0141U PAJ\u0104K \/ PODSTAWA METALOWA"},"content":{"rendered":"<p>Cechy produktu<\/p>\n<p> \tWymiary : 72 cm wysoko\u015b\u0107 &#8211; rozstaw 120 cm<br \/>\n \tMalowane proszkowo<br \/>\n \tKolor \u00a0RAL 9006 (mo\u017cliwo\u015b\u0107 pomalowania na inny kolor )<br \/>\n \tProfil 6&#215;2 cm<br \/>\n \tStela\u017c dodatkowo jest wzmocniony ram\u0105 pod blat<br \/>\n \tCzas realizacji do 21 dni roboczych po zaksi\u0119gowaniu wp\u0142aty (+\/- 5 dni )<br \/>\n \tWysy\u0142ka 60 z\u0142<\/p>\n<p>\u00a0<\/p>\n","protected":false},"excerpt":{"rendered":"<p>Cechy produktu<\/p>\n<p> \tWymiary : 72 cm wysoko\u015b\u0107 &#8211; rozstaw 120 cm<br \/>\n \tMalowane proszkowo<br \/>\n \tKolor \u00a0RAL 9006 (mo\u017cliwo\u015b\u0107 pomalowania na inny kolor )<br \/>\n \tProfil 6&#215;2 cm<br \/>\n \tStela\u017c dodatkowo jest wzmocniony ram\u0105 pod blat<br \/>\n \tCzas realizacji do 21 dni roboczych po zaksi\u0119gowaniu wp\u0142aty (+\/- 5 dni )<br \/>\n \tWysy\u0142ka 60 z\u0142<\/p>\n<p>\u00a0<\/p>\n","protected":false},"featured_media":4738,"comment_status":"open","ping_status":"closed","template":"","meta":[],"etheme_brands":[],"product_cat":[50],"product_tag":[],"class_list":["post-36142","product","type-product","status-publish","has-post-thumbnail","hentry","product_cat-podstawy-metalowe-stelaze-stojaki"],"_links":{"self":[{"href":"https:\/\/new.decoczar.pl\/index.php\/wp-json\/wp\/v2\/product\/36142","targetHints":{"allow":["GET"]}}],"collection":[{"href":"https:\/\/new.decoczar.pl\/index.php\/wp-json\/wp\/v2\/product"}],"about":[{"href":"https:\/\/new.decoczar.pl\/index.php\/wp-json\/wp\/v2\/types\/product"}],"replies":[{"embeddable":true,"href":"https:\/\/new.decoczar.pl\/index.php\/wp-json\/wp\/v2\/comments?post=36142"}],"wp:featuredmedia":[{"embeddable":true,"href":"https:\/\/new.decoczar.pl\/index.php\/wp-json\/wp\/v2\/media\/4738"}],"wp:attachment":[{"href":"https:\/\/new.decoczar.pl\/index.php\/wp-json\/wp\/v2\/media?parent=36142"}],"wp:term":[{"taxonomy":"brand","embeddable":true,"href":"https:\/\/new.decoczar.pl\/index.php\/wp-json\/wp\/v2\/etheme_brands?post=36142"},{"taxonomy":"product_cat","embeddable":true,"href":"https:\/\/new.decoczar.pl\/index.php\/wp-json\/wp\/v2\/product_cat?post=36142"},{"taxonomy":"product_tag","embeddable":true,"href":"https:\/\/new.decoczar.pl\/index.php\/wp-json\/wp\/v2\/product_tag?post=36142"}],"curies":[{"name":"wp","href":"https:\/\/api.w.org\/{rel}","templated":true}]}}