{"id":36442,"date":"2026-02-20T06:57:39","date_gmt":"2026-02-20T05:57:39","guid":{"rendered":"https:\/\/new.decoczar.pl\/index.php\/product\/podstawa-do-stolu-v-noga-metalowa-v-xl-96\/"},"modified":"2026-02-20T06:57:39","modified_gmt":"2026-02-20T05:57:39","slug":"podstawa-do-stolu-v-noga-metalowa-v-xl-96","status":"publish","type":"product","link":"https:\/\/new.decoczar.pl\/index.php\/product\/podstawa-do-stolu-v-noga-metalowa-v-xl-96\/","title":{"rendered":"PODSTAWA DO STO\u0141U V \/ NOGA METALOWA V XL"},"content":{"rendered":"<p>Cechy produktu :<\/p>\n<p>Wymiary dopasowane do du\u017cych blat\u00f3w:\u2003\u2022 Wysoko\u015b\u0107: 72\u202fcm\u2003\u2022 Rozstaw ramion: szer. 70\u202fcm, d\u0142. 120\u202fcm\u2003\u2022 Wymiary blachy: 100\u202f\u00d7\u202f50\u202fcm, grubo\u015b\u0107 8\u202fmm<\/p>\n<p> \tMateria\u0142:\u00a0stal malowana proszkowo -czarny mat<br \/>\n \tStyl:\u00a0loft \/ industrial \/ nowoczesny<br \/>\n \tProfil\u00a0 80 x 80 mm<br \/>\n \tProdukt wykonywany na zam\u00f3wienie 21 ( +\/- 5\u00a0 )dni roboczych \u2013 po zaksi\u0119gowaniu wp\u0142aty<br \/>\n \tOdbi\u00f3r osobisty Warszawa Br\u00f3dno lub okolice Legionowa (Micha\u0142\u00f3w Regin\u00f3w )<br \/>\n \tProdukt Polski &#8211; 100% handmade<br \/>\n \tProdukt posiada\u00a0 otwory monta\u017cowe i z \u0142atwo\u015bci\u0105 mo\u017cna\u00a0 je przykr\u0119ci\u0107 do blatu\u00a0poprzez przykr\u0119cenie\u00a0 wkr\u0119t\u00f3w od do\u0142u<br \/>\n \tWysy\u0142ka paletowa\u00a0<\/p>\n","protected":false},"excerpt":{"rendered":"<p>Cechy produktu :<\/p>\n<p>Wymiary dopasowane do du\u017cych blat\u00f3w:\u2003\u2022 Wysoko\u015b\u0107: 72\u202fcm\u2003\u2022 Rozstaw ramion: szer. 70\u202fcm, d\u0142. 120\u202fcm\u2003\u2022 Wymiary blachy: 100\u202f\u00d7\u202f50\u202fcm, grubo\u015b\u0107 8\u202fmm<\/p>\n<p> \tMateria\u0142:\u00a0stal malowana proszkowo -czarny mat<br \/>\n \tStyl:\u00a0loft \/ industrial \/ nowoczesny<br \/>\n \tProfil\u00a0 80 x 80 mm<br \/>\n \tProdukt wykonywany na zam\u00f3wienie 21 ( +\/- 5\u00a0 )dni roboczych \u2013 po zaksi\u0119gowaniu wp\u0142aty<br \/>\n \tOdbi\u00f3r osobisty Warszawa Br\u00f3dno lub okolice Legionowa (Micha\u0142\u00f3w Regin\u00f3w )<br \/>\n \tProdukt Polski &#8211; 100% handmade<br \/>\n \tProdukt posiada\u00a0 otwory monta\u017cowe i z \u0142atwo\u015bci\u0105 mo\u017cna\u00a0 je przykr\u0119ci\u0107 do blatu\u00a0poprzez przykr\u0119cenie\u00a0 wkr\u0119t\u00f3w od do\u0142u<br \/>\n \tWysy\u0142ka paletowa\u00a0<\/p>\n","protected":false},"featured_media":2342,"comment_status":"open","ping_status":"closed","template":"","meta":[],"etheme_brands":[],"product_cat":[50],"product_tag":[],"class_list":["post-36442","product","type-product","status-publish","has-post-thumbnail","hentry","product_cat-podstawy-metalowe-stelaze-stojaki"],"_links":{"self":[{"href":"https:\/\/new.decoczar.pl\/index.php\/wp-json\/wp\/v2\/product\/36442","targetHints":{"allow":["GET"]}}],"collection":[{"href":"https:\/\/new.decoczar.pl\/index.php\/wp-json\/wp\/v2\/product"}],"about":[{"href":"https:\/\/new.decoczar.pl\/index.php\/wp-json\/wp\/v2\/types\/product"}],"replies":[{"embeddable":true,"href":"https:\/\/new.decoczar.pl\/index.php\/wp-json\/wp\/v2\/comments?post=36442"}],"wp:featuredmedia":[{"embeddable":true,"href":"https:\/\/new.decoczar.pl\/index.php\/wp-json\/wp\/v2\/media\/2342"}],"wp:attachment":[{"href":"https:\/\/new.decoczar.pl\/index.php\/wp-json\/wp\/v2\/media?parent=36442"}],"wp:term":[{"taxonomy":"brand","embeddable":true,"href":"https:\/\/new.decoczar.pl\/index.php\/wp-json\/wp\/v2\/etheme_brands?post=36442"},{"taxonomy":"product_cat","embeddable":true,"href":"https:\/\/new.decoczar.pl\/index.php\/wp-json\/wp\/v2\/product_cat?post=36442"},{"taxonomy":"product_tag","embeddable":true,"href":"https:\/\/new.decoczar.pl\/index.php\/wp-json\/wp\/v2\/product_tag?post=36442"}],"curies":[{"name":"wp","href":"https:\/\/api.w.org\/{rel}","templated":true}]}}