{"id":36446,"date":"2026-02-20T06:57:41","date_gmt":"2026-02-20T05:57:41","guid":{"rendered":"https:\/\/new.decoczar.pl\/index.php\/product\/podkladki-bialo-zlote-2-szt-6\/"},"modified":"2026-02-20T06:57:41","modified_gmt":"2026-02-20T05:57:41","slug":"podkladki-bialo-zlote-2-szt-6","status":"publish","type":"product","link":"https:\/\/new.decoczar.pl\/index.php\/product\/podkladki-bialo-zlote-2-szt-6\/","title":{"rendered":"PODK\u0141ADKI BIA\u0141O Z\u0141OTE 2 SZT"},"content":{"rendered":"<p>Cechy produktu :<\/p>\n<p> \tWymiary: ok 12 cm \u015brednica<br \/>\n \tKolorystyka bia\u0142y wraz z\u0142ote dodatki<br \/>\n \tR\u0119kodzie\u0142o- ka\u017cda podk\u0142adka jest unikatowa<br \/>\n \tCzas realizacji 10\u00a0 dni roboczych po zaksi\u0119gowaniu wp\u0142aty<br \/>\n \tWykonujemy r\u00f3wnie\u017c indywidualne zam\u00f3wienia kolorystyczne klienta<br \/>\n \tDo zestawu mo\u017cna zam\u00f3wi\u0107 tac\u0119<br \/>\n \tZAMAWIAJ\u0104C KILKA PRODUKT\u00d3W CZAS REALIZACJI JEST D\u0141U\u017bSZY DO 14 DNI ROBOCZYCH\u00a0<\/p>\n","protected":false},"excerpt":{"rendered":"<p>Cechy produktu :<\/p>\n<p> \tWymiary: ok 12 cm \u015brednica<br \/>\n \tKolorystyka bia\u0142y wraz z\u0142ote dodatki<br \/>\n \tR\u0119kodzie\u0142o- ka\u017cda podk\u0142adka jest unikatowa<br \/>\n \tCzas realizacji 10\u00a0 dni roboczych po zaksi\u0119gowaniu wp\u0142aty<br \/>\n \tWykonujemy r\u00f3wnie\u017c indywidualne zam\u00f3wienia kolorystyczne klienta<br \/>\n \tDo zestawu mo\u017cna zam\u00f3wi\u0107 tac\u0119<br \/>\n \tZAMAWIAJ\u0104C KILKA PRODUKT\u00d3W CZAS REALIZACJI JEST D\u0141U\u017bSZY DO 14 DNI ROBOCZYCH\u00a0<\/p>\n","protected":false},"featured_media":2352,"comment_status":"open","ping_status":"closed","template":"","meta":[],"etheme_brands":[],"product_cat":[232],"product_tag":[],"class_list":["post-36446","product","type-product","status-publish","has-post-thumbnail","hentry","product_cat-dostepne-od-reki-podkladki"],"_links":{"self":[{"href":"https:\/\/new.decoczar.pl\/index.php\/wp-json\/wp\/v2\/product\/36446","targetHints":{"allow":["GET"]}}],"collection":[{"href":"https:\/\/new.decoczar.pl\/index.php\/wp-json\/wp\/v2\/product"}],"about":[{"href":"https:\/\/new.decoczar.pl\/index.php\/wp-json\/wp\/v2\/types\/product"}],"replies":[{"embeddable":true,"href":"https:\/\/new.decoczar.pl\/index.php\/wp-json\/wp\/v2\/comments?post=36446"}],"wp:featuredmedia":[{"embeddable":true,"href":"https:\/\/new.decoczar.pl\/index.php\/wp-json\/wp\/v2\/media\/2352"}],"wp:attachment":[{"href":"https:\/\/new.decoczar.pl\/index.php\/wp-json\/wp\/v2\/media?parent=36446"}],"wp:term":[{"taxonomy":"brand","embeddable":true,"href":"https:\/\/new.decoczar.pl\/index.php\/wp-json\/wp\/v2\/etheme_brands?post=36446"},{"taxonomy":"product_cat","embeddable":true,"href":"https:\/\/new.decoczar.pl\/index.php\/wp-json\/wp\/v2\/product_cat?post=36446"},{"taxonomy":"product_tag","embeddable":true,"href":"https:\/\/new.decoczar.pl\/index.php\/wp-json\/wp\/v2\/product_tag?post=36446"}],"curies":[{"name":"wp","href":"https:\/\/api.w.org\/{rel}","templated":true}]}}