{"id":36781,"date":"2026-02-27T07:16:36","date_gmt":"2026-02-27T06:16:36","guid":{"rendered":"https:\/\/new.decoczar.pl\/index.php\/product\/zestaw-podkladka-babcia-dziadekfilizanka-7\/"},"modified":"2026-02-27T07:16:36","modified_gmt":"2026-02-27T06:16:36","slug":"zestaw-podkladka-babcia-dziadekfilizanka-7","status":"publish","type":"product","link":"https:\/\/new.decoczar.pl\/index.php\/product\/zestaw-podkladka-babcia-dziadekfilizanka-7\/","title":{"rendered":"ZESTAW PODK\u0141ADKA BABCIA\/DZIADEK+FILI\u017bANKA"},"content":{"rendered":"<p>Cechy produktu :<\/p>\n<p> \tWymiary : \u015brednica ok 12 cm<br \/>\n \tKolor : bia\u0142o czarne + z\u0142ota folia z napisem<br \/>\n \tR\u0119kodzie\u0142o- ka\u017cda podk\u0142adka jest unikatowa<br \/>\n \tPodk\u0142adki pakowane s\u0105 w ozdobne prezentowe opakowanie<br \/>\n \tDo zestawu do\u0142o\u017cona jest fili\u017canka<br \/>\n \tW uwagach do zam\u00f3wienia prosz\u0119 o informacj\u0119 dla kogo podk\u0142adka ( np. dla babci ) i kt\u00f3ry model kubka<br \/>\n \tZAMAWIAJ\u0104C KILKA PRODUKT\u00d3W CZAS REALIZACJI JEST D\u0141U\u017bSZY DO 14 DNI ROBOCZYCH\u00a0<\/p>\n","protected":false},"excerpt":{"rendered":"<p>Cechy produktu :<\/p>\n<p> \tWymiary : \u015brednica ok 12 cm<br \/>\n \tKolor : bia\u0142o czarne + z\u0142ota folia z napisem<br \/>\n \tR\u0119kodzie\u0142o- ka\u017cda podk\u0142adka jest unikatowa<br \/>\n \tPodk\u0142adki pakowane s\u0105 w ozdobne prezentowe opakowanie<br \/>\n \tDo zestawu do\u0142o\u017cona jest fili\u017canka<br \/>\n \tW uwagach do zam\u00f3wienia prosz\u0119 o informacj\u0119 dla kogo podk\u0142adka ( np. dla babci ) i kt\u00f3ry model kubka<br \/>\n \tZAMAWIAJ\u0104C KILKA PRODUKT\u00d3W CZAS REALIZACJI JEST D\u0141U\u017bSZY DO 14 DNI ROBOCZYCH\u00a0<\/p>\n","protected":false},"featured_media":4584,"comment_status":"open","ping_status":"closed","template":"","meta":[],"etheme_brands":[],"product_cat":[299],"product_tag":[],"class_list":["post-36781","product","type-product","status-publish","has-post-thumbnail","hentry","product_cat-podkladki-produkty-z-zywicy"],"_links":{"self":[{"href":"https:\/\/new.decoczar.pl\/index.php\/wp-json\/wp\/v2\/product\/36781","targetHints":{"allow":["GET"]}}],"collection":[{"href":"https:\/\/new.decoczar.pl\/index.php\/wp-json\/wp\/v2\/product"}],"about":[{"href":"https:\/\/new.decoczar.pl\/index.php\/wp-json\/wp\/v2\/types\/product"}],"replies":[{"embeddable":true,"href":"https:\/\/new.decoczar.pl\/index.php\/wp-json\/wp\/v2\/comments?post=36781"}],"wp:featuredmedia":[{"embeddable":true,"href":"https:\/\/new.decoczar.pl\/index.php\/wp-json\/wp\/v2\/media\/4584"}],"wp:attachment":[{"href":"https:\/\/new.decoczar.pl\/index.php\/wp-json\/wp\/v2\/media?parent=36781"}],"wp:term":[{"taxonomy":"brand","embeddable":true,"href":"https:\/\/new.decoczar.pl\/index.php\/wp-json\/wp\/v2\/etheme_brands?post=36781"},{"taxonomy":"product_cat","embeddable":true,"href":"https:\/\/new.decoczar.pl\/index.php\/wp-json\/wp\/v2\/product_cat?post=36781"},{"taxonomy":"product_tag","embeddable":true,"href":"https:\/\/new.decoczar.pl\/index.php\/wp-json\/wp\/v2\/product_tag?post=36781"}],"curies":[{"name":"wp","href":"https:\/\/api.w.org\/{rel}","templated":true}]}}