{"id":37341,"date":"2026-03-13T08:31:31","date_gmt":"2026-03-13T07:31:31","guid":{"rendered":"http:\/\/new.decoczar.pl\/index.php\/product\/zestaw-kieliszki-podkladki-czarno-zlote-99\/"},"modified":"2026-03-13T08:31:31","modified_gmt":"2026-03-13T07:31:31","slug":"zestaw-kieliszki-podkladki-czarno-zlote-99","status":"publish","type":"product","link":"https:\/\/new.decoczar.pl\/index.php\/product\/zestaw-kieliszki-podkladki-czarno-zlote-99\/","title":{"rendered":"ZESTAW KIELISZKI + PODK\u0141ADKI CZARNO Z\u0141OTE"},"content":{"rendered":"<p>Cechy produktu :<\/p>\n<p> \tKomplet : 2 szt podk\u0142adek, 2 szt kieliszk\u00f3w szklanych<br \/>\n \tR\u0119kodzie\u0142o- ka\u017cda podk\u0142adka jest unikatowa<br \/>\n \tG\u0142\u0119boka czarna \u017cywica z drobinkami z\u0142ota<br \/>\n \tPodk\u0142adki pakowane s\u0105 w ozdobne prezentowe opakowani<br \/>\n \tCzas realizacji do 10 dni roboczych po zaksi\u0119gowaniu wp\u0142aty<br \/>\n \tMateria\u0142 : \u017cywica epoksydowa<br \/>\n \tZAMAWIAJ\u0104C KILKA PRODUKT\u00d3W CZAS REALIZACJI JEST D\u0141U\u017bSZY DO 14 DNI ROBOCZYCH\u00a0<\/p>\n","protected":false},"excerpt":{"rendered":"<p>Cechy produktu :<\/p>\n<p> \tKomplet : 2 szt podk\u0142adek, 2 szt kieliszk\u00f3w szklanych<br \/>\n \tR\u0119kodzie\u0142o- ka\u017cda podk\u0142adka jest unikatowa<br \/>\n \tG\u0142\u0119boka czarna \u017cywica z drobinkami z\u0142ota<br \/>\n \tPodk\u0142adki pakowane s\u0105 w ozdobne prezentowe opakowani<br \/>\n \tCzas realizacji do 10 dni roboczych po zaksi\u0119gowaniu wp\u0142aty<br \/>\n \tMateria\u0142 : \u017cywica epoksydowa<br \/>\n \tZAMAWIAJ\u0104C KILKA PRODUKT\u00d3W CZAS REALIZACJI JEST D\u0141U\u017bSZY DO 14 DNI ROBOCZYCH\u00a0<\/p>\n","protected":false},"featured_media":2711,"comment_status":"open","ping_status":"closed","template":"","meta":[],"etheme_brands":[],"product_cat":[299],"product_tag":[],"class_list":["post-37341","product","type-product","status-publish","has-post-thumbnail","hentry","product_cat-podkladki-produkty-z-zywicy"],"_links":{"self":[{"href":"https:\/\/new.decoczar.pl\/index.php\/wp-json\/wp\/v2\/product\/37341","targetHints":{"allow":["GET"]}}],"collection":[{"href":"https:\/\/new.decoczar.pl\/index.php\/wp-json\/wp\/v2\/product"}],"about":[{"href":"https:\/\/new.decoczar.pl\/index.php\/wp-json\/wp\/v2\/types\/product"}],"replies":[{"embeddable":true,"href":"https:\/\/new.decoczar.pl\/index.php\/wp-json\/wp\/v2\/comments?post=37341"}],"wp:featuredmedia":[{"embeddable":true,"href":"https:\/\/new.decoczar.pl\/index.php\/wp-json\/wp\/v2\/media\/2711"}],"wp:attachment":[{"href":"https:\/\/new.decoczar.pl\/index.php\/wp-json\/wp\/v2\/media?parent=37341"}],"wp:term":[{"taxonomy":"brand","embeddable":true,"href":"https:\/\/new.decoczar.pl\/index.php\/wp-json\/wp\/v2\/etheme_brands?post=37341"},{"taxonomy":"product_cat","embeddable":true,"href":"https:\/\/new.decoczar.pl\/index.php\/wp-json\/wp\/v2\/product_cat?post=37341"},{"taxonomy":"product_tag","embeddable":true,"href":"https:\/\/new.decoczar.pl\/index.php\/wp-json\/wp\/v2\/product_tag?post=37341"}],"curies":[{"name":"wp","href":"https:\/\/api.w.org\/{rel}","templated":true}]}}