{"id":37408,"date":"2026-03-20T08:39:31","date_gmt":"2026-03-20T07:39:31","guid":{"rendered":"http:\/\/new.decoczar.pl\/index.php\/product\/podkladka-babcia-dziadek-1-szt-9\/"},"modified":"2026-03-20T08:39:31","modified_gmt":"2026-03-20T07:39:31","slug":"podkladka-babcia-dziadek-1-szt-9","status":"publish","type":"product","link":"https:\/\/new.decoczar.pl\/index.php\/product\/podkladka-babcia-dziadek-1-szt-9\/","title":{"rendered":"PODK\u0141ADKA BABCIA\/DZIADEK 1 szt"},"content":{"rendered":"<p>Cechy produktu :<\/p>\n<p> \tWymiary : \u015brednica ok 12 cm<br \/>\n \tKolor : bia\u0142o czarne + z\u0142ota folia z napisem<br \/>\n \tR\u0119kodzie\u0142o- ka\u017cda podk\u0142adka jest unikatowa<br \/>\n \tPodk\u0142adki pakowane s\u0105 w ozdobne prezentowe opakowanie<br \/>\n \tW uwagach do zam\u00f3wienia prosz\u0119 o informacj\u0119 dla kogo podk\u0142adka ( np. dla babci \/ dziadka )<br \/>\n \tZAMAWIAJ\u0104C KILKA PRODUKT\u00d3W CZAS REALIZACJI JEST D\u0141U\u017bSZY DO 14 DNI ROBOCZYCH\u00a0<\/p>\n","protected":false},"excerpt":{"rendered":"<p>Cechy produktu :<\/p>\n<p> \tWymiary : \u015brednica ok 12 cm<br \/>\n \tKolor : bia\u0142o czarne + z\u0142ota folia z napisem<br \/>\n \tR\u0119kodzie\u0142o- ka\u017cda podk\u0142adka jest unikatowa<br \/>\n \tPodk\u0142adki pakowane s\u0105 w ozdobne prezentowe opakowanie<br \/>\n \tW uwagach do zam\u00f3wienia prosz\u0119 o informacj\u0119 dla kogo podk\u0142adka ( np. dla babci \/ dziadka )<br \/>\n \tZAMAWIAJ\u0104C KILKA PRODUKT\u00d3W CZAS REALIZACJI JEST D\u0141U\u017bSZY DO 14 DNI ROBOCZYCH\u00a0<\/p>\n","protected":false},"featured_media":4584,"comment_status":"open","ping_status":"closed","template":"","meta":[],"etheme_brands":[],"product_cat":[296],"product_tag":[],"class_list":["post-37408","product","type-product","status-publish","has-post-thumbnail","hentry","product_cat-dostepne-od-reki-podkladki-produkty-z-zywicy"],"_links":{"self":[{"href":"https:\/\/new.decoczar.pl\/index.php\/wp-json\/wp\/v2\/product\/37408","targetHints":{"allow":["GET"]}}],"collection":[{"href":"https:\/\/new.decoczar.pl\/index.php\/wp-json\/wp\/v2\/product"}],"about":[{"href":"https:\/\/new.decoczar.pl\/index.php\/wp-json\/wp\/v2\/types\/product"}],"replies":[{"embeddable":true,"href":"https:\/\/new.decoczar.pl\/index.php\/wp-json\/wp\/v2\/comments?post=37408"}],"wp:featuredmedia":[{"embeddable":true,"href":"https:\/\/new.decoczar.pl\/index.php\/wp-json\/wp\/v2\/media\/4584"}],"wp:attachment":[{"href":"https:\/\/new.decoczar.pl\/index.php\/wp-json\/wp\/v2\/media?parent=37408"}],"wp:term":[{"taxonomy":"brand","embeddable":true,"href":"https:\/\/new.decoczar.pl\/index.php\/wp-json\/wp\/v2\/etheme_brands?post=37408"},{"taxonomy":"product_cat","embeddable":true,"href":"https:\/\/new.decoczar.pl\/index.php\/wp-json\/wp\/v2\/product_cat?post=37408"},{"taxonomy":"product_tag","embeddable":true,"href":"https:\/\/new.decoczar.pl\/index.php\/wp-json\/wp\/v2\/product_tag?post=37408"}],"curies":[{"name":"wp","href":"https:\/\/api.w.org\/{rel}","templated":true}]}}