{"id":37411,"date":"2026-03-20T08:39:32","date_gmt":"2026-03-20T07:39:32","guid":{"rendered":"http:\/\/new.decoczar.pl\/index.php\/product\/monstera-podstawka-z-zywicy-rozowo-zlota-10\/"},"modified":"2026-03-20T08:39:32","modified_gmt":"2026-03-20T07:39:32","slug":"monstera-podstawka-z-zywicy-rozowo-zlota-10","status":"publish","type":"product","link":"https:\/\/new.decoczar.pl\/index.php\/product\/monstera-podstawka-z-zywicy-rozowo-zlota-10\/","title":{"rendered":"Monstera podstawka z \u017cywicy r\u00f3\u017cowo z\u0142ota"},"content":{"rendered":"<p> Cechy produktu: <\/p>\n<p> \tWymiary: ok. 15.5 cm x 12.5 cm<br \/>\n \tMateria\u0142: wysokiej jako\u015bci \u017cywica epoksydowa<br \/>\n \tKolor: per\u0142owy r\u00f3\u017c i dodatki z\u0142oconej foli\u00a0<br \/>\n \tKszta\u0142t: li\u015b\u0107 monstery\u00a0<br \/>\n \tWykonanie: 100% r\u0119czne<br \/>\n \tCzy\u015bcimy wilgotn\u0105 szmatka<br \/>\n \tPodstawka pakowana w ozdobne opakowanie<\/p>\n","protected":false},"excerpt":{"rendered":"<p> Cechy produktu: <\/p>\n<p> \tWymiary: ok. 15.5 cm x 12.5 cm<br \/>\n \tMateria\u0142: wysokiej jako\u015bci \u017cywica epoksydowa<br \/>\n \tKolor: per\u0142owy r\u00f3\u017c i dodatki z\u0142oconej foli\u00a0<br \/>\n \tKszta\u0142t: li\u015b\u0107 monstery\u00a0<br \/>\n \tWykonanie: 100% r\u0119czne<br \/>\n \tCzy\u015bcimy wilgotn\u0105 szmatka<br \/>\n \tPodstawka pakowana w ozdobne opakowanie<\/p>\n","protected":false},"featured_media":34908,"comment_status":"open","ping_status":"closed","template":"","meta":[],"etheme_brands":[],"product_cat":[272],"product_tag":[],"class_list":["post-37411","product","type-product","status-publish","has-post-thumbnail","hentry","product_cat-dostepne-od-reki-podkladki-promocja"],"_links":{"self":[{"href":"https:\/\/new.decoczar.pl\/index.php\/wp-json\/wp\/v2\/product\/37411","targetHints":{"allow":["GET"]}}],"collection":[{"href":"https:\/\/new.decoczar.pl\/index.php\/wp-json\/wp\/v2\/product"}],"about":[{"href":"https:\/\/new.decoczar.pl\/index.php\/wp-json\/wp\/v2\/types\/product"}],"replies":[{"embeddable":true,"href":"https:\/\/new.decoczar.pl\/index.php\/wp-json\/wp\/v2\/comments?post=37411"}],"wp:featuredmedia":[{"embeddable":true,"href":"https:\/\/new.decoczar.pl\/index.php\/wp-json\/wp\/v2\/media\/34908"}],"wp:attachment":[{"href":"https:\/\/new.decoczar.pl\/index.php\/wp-json\/wp\/v2\/media?parent=37411"}],"wp:term":[{"taxonomy":"brand","embeddable":true,"href":"https:\/\/new.decoczar.pl\/index.php\/wp-json\/wp\/v2\/etheme_brands?post=37411"},{"taxonomy":"product_cat","embeddable":true,"href":"https:\/\/new.decoczar.pl\/index.php\/wp-json\/wp\/v2\/product_cat?post=37411"},{"taxonomy":"product_tag","embeddable":true,"href":"https:\/\/new.decoczar.pl\/index.php\/wp-json\/wp\/v2\/product_tag?post=37411"}],"curies":[{"name":"wp","href":"https:\/\/api.w.org\/{rel}","templated":true}]}}