{"id":37686,"date":"2026-03-27T09:09:05","date_gmt":"2026-03-27T08:09:05","guid":{"rendered":"https:\/\/new.decoczar.pl\/index.php\/product\/podkladka-butelkowa-zielen-aura-2-szt-11\/"},"modified":"2026-03-27T09:09:05","modified_gmt":"2026-03-27T08:09:05","slug":"podkladka-butelkowa-zielen-aura-2-szt-11","status":"publish","type":"product","link":"https:\/\/new.decoczar.pl\/index.php\/product\/podkladka-butelkowa-zielen-aura-2-szt-11\/","title":{"rendered":"PODK\u0141ADKA &#8222;BUTELKOWA ZIELE\u0143 AURA&#8221; 2 szt"},"content":{"rendered":"<p>Cechy produktu :<\/p>\n<p> \tWymiary : 13.5 cm<br \/>\n \tR\u0119kodzie\u0142o- ka\u017cda podk\u0142adka jest unikatowa<br \/>\n \tG\u0142\u0119boka ciemna ziele\u0144, \u017cywica z drobinkami z\u0142ota<br \/>\n \tNieregularny kszta\u0142t i r\u0119cznie z\u0142ocone brzegi<br \/>\n \tPodk\u0142adki pakowane s\u0105 w ozdobne prezentowe opakowanie<br \/>\n \tCzas realizacji 10 dni roboczych po zaksi\u0119gowaniu wp\u0142aty<br \/>\n \tZAMAWIAJ\u0104C KILKA PRODUKT\u00d3W CZAS REALIZACJI JEST D\u0141U\u017bSZY DO 14 DNI ROBOCZYCH\u00a0<\/p>\n","protected":false},"excerpt":{"rendered":"<p>Cechy produktu :<\/p>\n<p> \tWymiary : 13.5 cm<br \/>\n \tR\u0119kodzie\u0142o- ka\u017cda podk\u0142adka jest unikatowa<br \/>\n \tG\u0142\u0119boka ciemna ziele\u0144, \u017cywica z drobinkami z\u0142ota<br \/>\n \tNieregularny kszta\u0142t i r\u0119cznie z\u0142ocone brzegi<br \/>\n \tPodk\u0142adki pakowane s\u0105 w ozdobne prezentowe opakowanie<br \/>\n \tCzas realizacji 10 dni roboczych po zaksi\u0119gowaniu wp\u0142aty<br \/>\n \tZAMAWIAJ\u0104C KILKA PRODUKT\u00d3W CZAS REALIZACJI JEST D\u0141U\u017bSZY DO 14 DNI ROBOCZYCH\u00a0<\/p>\n","protected":false},"featured_media":34904,"comment_status":"open","ping_status":"closed","template":"","meta":[],"etheme_brands":[],"product_cat":[296],"product_tag":[],"class_list":["post-37686","product","type-product","status-publish","has-post-thumbnail","hentry","product_cat-dostepne-od-reki-podkladki-produkty-z-zywicy"],"_links":{"self":[{"href":"https:\/\/new.decoczar.pl\/index.php\/wp-json\/wp\/v2\/product\/37686","targetHints":{"allow":["GET"]}}],"collection":[{"href":"https:\/\/new.decoczar.pl\/index.php\/wp-json\/wp\/v2\/product"}],"about":[{"href":"https:\/\/new.decoczar.pl\/index.php\/wp-json\/wp\/v2\/types\/product"}],"replies":[{"embeddable":true,"href":"https:\/\/new.decoczar.pl\/index.php\/wp-json\/wp\/v2\/comments?post=37686"}],"wp:featuredmedia":[{"embeddable":true,"href":"https:\/\/new.decoczar.pl\/index.php\/wp-json\/wp\/v2\/media\/34904"}],"wp:attachment":[{"href":"https:\/\/new.decoczar.pl\/index.php\/wp-json\/wp\/v2\/media?parent=37686"}],"wp:term":[{"taxonomy":"brand","embeddable":true,"href":"https:\/\/new.decoczar.pl\/index.php\/wp-json\/wp\/v2\/etheme_brands?post=37686"},{"taxonomy":"product_cat","embeddable":true,"href":"https:\/\/new.decoczar.pl\/index.php\/wp-json\/wp\/v2\/product_cat?post=37686"},{"taxonomy":"product_tag","embeddable":true,"href":"https:\/\/new.decoczar.pl\/index.php\/wp-json\/wp\/v2\/product_tag?post=37686"}],"curies":[{"name":"wp","href":"https:\/\/api.w.org\/{rel}","templated":true}]}}