{"id":37961,"date":"2026-04-03T13:49:27","date_gmt":"2026-04-03T11:49:27","guid":{"rendered":"https:\/\/new.decoczar.pl\/index.php\/product\/loftowy-stolik-kawowy-z-artystycznym-blatem-z-zywicy-9\/"},"modified":"2026-04-03T13:49:27","modified_gmt":"2026-04-03T11:49:27","slug":"loftowy-stolik-kawowy-z-artystycznym-blatem-z-zywicy-9","status":"publish","type":"product","link":"https:\/\/new.decoczar.pl\/index.php\/product\/loftowy-stolik-kawowy-z-artystycznym-blatem-z-zywicy-9\/","title":{"rendered":"LOFTOWY STOLIK KAWOWY Z ARTYSTYCZNYM BLATEM Z \u017bYWICY"},"content":{"rendered":"<p>Cechy produktu :<\/p>\n<p> \tWymiary \u015brednica 60 z\u0142, wysoko\u015b\u0107 47 cm<br \/>\n \tMateria\u0142 : \u017cywica<br \/>\n \tPodstawa metalowa &#8211; malowana proszkowo, profil 4\u00d74 cm<br \/>\n \tBlat zosta\u0142 wyko\u0144czony lakierem matowym<br \/>\n \tProdukt dost\u0119pny od r\u0119ki<br \/>\n \tWykonanie rzemie\u015blnicze<\/p>\n","protected":false},"excerpt":{"rendered":"<p>Cechy produktu :<\/p>\n<p> \tWymiary \u015brednica 60 z\u0142, wysoko\u015b\u0107 47 cm<br \/>\n \tMateria\u0142 : \u017cywica<br \/>\n \tPodstawa metalowa &#8211; malowana proszkowo, profil 4\u00d74 cm<br \/>\n \tBlat zosta\u0142 wyko\u0144czony lakierem matowym<br \/>\n \tProdukt dost\u0119pny od r\u0119ki<br \/>\n \tWykonanie rzemie\u015blnicze<\/p>\n","protected":false},"featured_media":35729,"comment_status":"open","ping_status":"closed","template":"","meta":[],"etheme_brands":[],"product_cat":[312],"product_tag":[],"class_list":["post-37961","product","type-product","status-publish","has-post-thumbnail","hentry","product_cat-nasze-realizacje-stoliki"],"_links":{"self":[{"href":"https:\/\/new.decoczar.pl\/index.php\/wp-json\/wp\/v2\/product\/37961","targetHints":{"allow":["GET"]}}],"collection":[{"href":"https:\/\/new.decoczar.pl\/index.php\/wp-json\/wp\/v2\/product"}],"about":[{"href":"https:\/\/new.decoczar.pl\/index.php\/wp-json\/wp\/v2\/types\/product"}],"replies":[{"embeddable":true,"href":"https:\/\/new.decoczar.pl\/index.php\/wp-json\/wp\/v2\/comments?post=37961"}],"wp:featuredmedia":[{"embeddable":true,"href":"https:\/\/new.decoczar.pl\/index.php\/wp-json\/wp\/v2\/media\/35729"}],"wp:attachment":[{"href":"https:\/\/new.decoczar.pl\/index.php\/wp-json\/wp\/v2\/media?parent=37961"}],"wp:term":[{"taxonomy":"brand","embeddable":true,"href":"https:\/\/new.decoczar.pl\/index.php\/wp-json\/wp\/v2\/etheme_brands?post=37961"},{"taxonomy":"product_cat","embeddable":true,"href":"https:\/\/new.decoczar.pl\/index.php\/wp-json\/wp\/v2\/product_cat?post=37961"},{"taxonomy":"product_tag","embeddable":true,"href":"https:\/\/new.decoczar.pl\/index.php\/wp-json\/wp\/v2\/product_tag?post=37961"}],"curies":[{"name":"wp","href":"https:\/\/api.w.org\/{rel}","templated":true}]}}