{"id":37971,"date":"2026-04-03T13:49:29","date_gmt":"2026-04-03T11:49:29","guid":{"rendered":"https:\/\/new.decoczar.pl\/index.php\/product\/stol-barowy-debowy-loft-industrialny-12\/"},"modified":"2026-04-03T13:49:29","modified_gmt":"2026-04-03T11:49:29","slug":"stol-barowy-debowy-loft-industrialny-12","status":"publish","type":"product","link":"https:\/\/new.decoczar.pl\/index.php\/product\/stol-barowy-debowy-loft-industrialny-12\/","title":{"rendered":"ST\u00d3\u0141 BAROWY D\u0118BOWY LOFT INDUSTRIALNY"},"content":{"rendered":"<p>Cechy produktu :<\/p>\n<p> \tWymiary podstawy : d\u0142ugo\u015b\u0107 140 cm, wysoko\u015b\u0107 110 cm, g\u0142\u0119boko\u015b\u0107 60 cm<br \/>\n \tWymiary blatu:\u00a0 150 x 70 x 2,7 cm<br \/>\n \tSt\u00f3\u0142 barowy loft &#8211; wykonali ze profilu stalowego 80&#215;40 cm<br \/>\n \tMalowane proszkowo &#8211; czarny mat<br \/>\n \tBlat klejony d\u0119bowy &#8211; typ Avangard<br \/>\n \tZabezpieczony wysokiej jako\u015bci lakierem do drewna<br \/>\n \tPod blatem zastosowano dodatkow\u0105 ram\u0119 stalow\u0105 (stela\u017c), kt\u00f3ra podtrzymuje blat i zapewnia stabilno\u015b\u0107 ca\u0142ej konstrukcji.<br \/>\n \tCzas realizacji 21 dni roboczych po zaksi\u0119gowaniu wp\u0142aty<br \/>\n \tWYSY\u0141KA PALETOWA \u2013 TYLKO WP\u0141ATA NA KONTO\u00a0<\/p>\n<p>\u00a0<\/p>\n","protected":false},"excerpt":{"rendered":"<p>Cechy produktu :<\/p>\n<p> \tWymiary podstawy : d\u0142ugo\u015b\u0107 140 cm, wysoko\u015b\u0107 110 cm, g\u0142\u0119boko\u015b\u0107 60 cm<br \/>\n \tWymiary blatu:\u00a0 150 x 70 x 2,7 cm<br \/>\n \tSt\u00f3\u0142 barowy loft &#8211; wykonali ze profilu stalowego 80&#215;40 cm<br \/>\n \tMalowane proszkowo &#8211; czarny mat<br \/>\n \tBlat klejony d\u0119bowy &#8211; typ Avangard<br \/>\n \tZabezpieczony wysokiej jako\u015bci lakierem do drewna<br \/>\n \tPod blatem zastosowano dodatkow\u0105 ram\u0119 stalow\u0105 (stela\u017c), kt\u00f3ra podtrzymuje blat i zapewnia stabilno\u015b\u0107 ca\u0142ej konstrukcji.<br \/>\n \tCzas realizacji 21 dni roboczych po zaksi\u0119gowaniu wp\u0142aty<br \/>\n \tWYSY\u0141KA PALETOWA \u2013 TYLKO WP\u0141ATA NA KONTO\u00a0<\/p>\n<p>\u00a0<\/p>\n","protected":false},"featured_media":34912,"comment_status":"open","ping_status":"closed","template":"","meta":[],"etheme_brands":[],"product_cat":[50],"product_tag":[],"class_list":["post-37971","product","type-product","status-publish","has-post-thumbnail","hentry","product_cat-podstawy-metalowe-stelaze-stojaki"],"_links":{"self":[{"href":"https:\/\/new.decoczar.pl\/index.php\/wp-json\/wp\/v2\/product\/37971","targetHints":{"allow":["GET"]}}],"collection":[{"href":"https:\/\/new.decoczar.pl\/index.php\/wp-json\/wp\/v2\/product"}],"about":[{"href":"https:\/\/new.decoczar.pl\/index.php\/wp-json\/wp\/v2\/types\/product"}],"replies":[{"embeddable":true,"href":"https:\/\/new.decoczar.pl\/index.php\/wp-json\/wp\/v2\/comments?post=37971"}],"wp:featuredmedia":[{"embeddable":true,"href":"https:\/\/new.decoczar.pl\/index.php\/wp-json\/wp\/v2\/media\/34912"}],"wp:attachment":[{"href":"https:\/\/new.decoczar.pl\/index.php\/wp-json\/wp\/v2\/media?parent=37971"}],"wp:term":[{"taxonomy":"brand","embeddable":true,"href":"https:\/\/new.decoczar.pl\/index.php\/wp-json\/wp\/v2\/etheme_brands?post=37971"},{"taxonomy":"product_cat","embeddable":true,"href":"https:\/\/new.decoczar.pl\/index.php\/wp-json\/wp\/v2\/product_cat?post=37971"},{"taxonomy":"product_tag","embeddable":true,"href":"https:\/\/new.decoczar.pl\/index.php\/wp-json\/wp\/v2\/product_tag?post=37971"}],"curies":[{"name":"wp","href":"https:\/\/api.w.org\/{rel}","templated":true}]}}