{"id":37981,"date":"2026-04-03T13:49:32","date_gmt":"2026-04-03T11:49:32","guid":{"rendered":"https:\/\/new.decoczar.pl\/index.php\/product\/stolik-drewniany-kawowy-orzech-wloski-plaster-morski-zywica-18\/"},"modified":"2026-04-03T13:49:32","modified_gmt":"2026-04-03T11:49:32","slug":"stolik-drewniany-kawowy-orzech-wloski-plaster-morski-zywica-18","status":"publish","type":"product","link":"https:\/\/new.decoczar.pl\/index.php\/product\/stolik-drewniany-kawowy-orzech-wloski-plaster-morski-zywica-18\/","title":{"rendered":"Stolik drewniany kawowy orzech w\u0142oski plaster MORSKI \u017bYWICA"},"content":{"rendered":"<p>Cechy produktu :<\/p>\n<p> \tWymiary 52 x 48 cm<br \/>\n \tWysoko\u015b\u0107 ok 46 cm<br \/>\n \tMateria\u0142 : orzech w\u0142oski oraz \u017cywica<br \/>\n \tPigmenty brokatowe<br \/>\n \tMetalowe nogi malowane proszkowo<br \/>\n \tBlat zabezpieczony wysokiej jako\u015bci do drewna<br \/>\n \tStolik zosta\u0142 wykonany r\u0119cznie &#8211; co daje unikalno\u015b\u0107 !<br \/>\n \tProdukt do samodzielnego \u201emonta\u017cu\u201d . \u00a0Do zestawu do\u0142\u0105czone \u015bruby do przykr\u0119cenia n\u00f3g.<br \/>\n \tProdukt w ca\u0142o\u015bci wykonany w Polsce. Kupuj\u0105c u nas wspierasz Polsk\u0105 przedsi\u0119biorczo\u015b\u0107<\/p>\n","protected":false},"excerpt":{"rendered":"<p>Cechy produktu :<\/p>\n<p> \tWymiary 52 x 48 cm<br \/>\n \tWysoko\u015b\u0107 ok 46 cm<br \/>\n \tMateria\u0142 : orzech w\u0142oski oraz \u017cywica<br \/>\n \tPigmenty brokatowe<br \/>\n \tMetalowe nogi malowane proszkowo<br \/>\n \tBlat zabezpieczony wysokiej jako\u015bci do drewna<br \/>\n \tStolik zosta\u0142 wykonany r\u0119cznie &#8211; co daje unikalno\u015b\u0107 !<br \/>\n \tProdukt do samodzielnego \u201emonta\u017cu\u201d . \u00a0Do zestawu do\u0142\u0105czone \u015bruby do przykr\u0119cenia n\u00f3g.<br \/>\n \tProdukt w ca\u0142o\u015bci wykonany w Polsce. Kupuj\u0105c u nas wspierasz Polsk\u0105 przedsi\u0119biorczo\u015b\u0107<\/p>\n","protected":false},"featured_media":33298,"comment_status":"open","ping_status":"closed","template":"","meta":[],"etheme_brands":[],"product_cat":[295],"product_tag":[],"class_list":["post-37981","product","type-product","status-publish","has-post-thumbnail","hentry","product_cat-nasze-realizacje"],"_links":{"self":[{"href":"https:\/\/new.decoczar.pl\/index.php\/wp-json\/wp\/v2\/product\/37981","targetHints":{"allow":["GET"]}}],"collection":[{"href":"https:\/\/new.decoczar.pl\/index.php\/wp-json\/wp\/v2\/product"}],"about":[{"href":"https:\/\/new.decoczar.pl\/index.php\/wp-json\/wp\/v2\/types\/product"}],"replies":[{"embeddable":true,"href":"https:\/\/new.decoczar.pl\/index.php\/wp-json\/wp\/v2\/comments?post=37981"}],"wp:featuredmedia":[{"embeddable":true,"href":"https:\/\/new.decoczar.pl\/index.php\/wp-json\/wp\/v2\/media\/33298"}],"wp:attachment":[{"href":"https:\/\/new.decoczar.pl\/index.php\/wp-json\/wp\/v2\/media?parent=37981"}],"wp:term":[{"taxonomy":"brand","embeddable":true,"href":"https:\/\/new.decoczar.pl\/index.php\/wp-json\/wp\/v2\/etheme_brands?post=37981"},{"taxonomy":"product_cat","embeddable":true,"href":"https:\/\/new.decoczar.pl\/index.php\/wp-json\/wp\/v2\/product_cat?post=37981"},{"taxonomy":"product_tag","embeddable":true,"href":"https:\/\/new.decoczar.pl\/index.php\/wp-json\/wp\/v2\/product_tag?post=37981"}],"curies":[{"name":"wp","href":"https:\/\/api.w.org\/{rel}","templated":true}]}}