{"id":37983,"date":"2026-04-03T13:50:18","date_gmt":"2026-04-03T11:50:18","guid":{"rendered":"https:\/\/new.decoczar.pl\/index.php\/product\/podstawka-lisc-ginkgo-fioletowo-bialy-22\/"},"modified":"2026-04-03T13:50:18","modified_gmt":"2026-04-03T11:50:18","slug":"podstawka-lisc-ginkgo-fioletowo-bialy-22","status":"publish","type":"product","link":"https:\/\/new.decoczar.pl\/index.php\/product\/podstawka-lisc-ginkgo-fioletowo-bialy-22\/","title":{"rendered":"PODSTAWKA LI\u015a\u0106 GINKGO FIOLETOWO BIA\u0141Y"},"content":{"rendered":"<p>Cechy produktu :<\/p>\n<p> \tWymiary : 18 x 14.5 cm<br \/>\n \tWysoko\u015b\u0107 1,5 cm<br \/>\n \tMateria\u0142 : \u017cywica<br \/>\n \tKolory : bia\u0142y, fiolet, z\u0142otko<br \/>\n \tWykonane r\u0119cznie<br \/>\n \tProdukt pakowany w pude\u0142ko ozdobne<\/p>\n","protected":false},"excerpt":{"rendered":"<p>Cechy produktu :<\/p>\n<p> \tWymiary : 18 x 14.5 cm<br \/>\n \tWysoko\u015b\u0107 1,5 cm<br \/>\n \tMateria\u0142 : \u017cywica<br \/>\n \tKolory : bia\u0142y, fiolet, z\u0142otko<br \/>\n \tWykonane r\u0119cznie<br \/>\n \tProdukt pakowany w pude\u0142ko ozdobne<\/p>\n","protected":false},"featured_media":32192,"comment_status":"open","ping_status":"closed","template":"","meta":[],"etheme_brands":[],"product_cat":[272],"product_tag":[],"class_list":["post-37983","product","type-product","status-publish","has-post-thumbnail","hentry","product_cat-dostepne-od-reki-podkladki-promocja"],"_links":{"self":[{"href":"https:\/\/new.decoczar.pl\/index.php\/wp-json\/wp\/v2\/product\/37983","targetHints":{"allow":["GET"]}}],"collection":[{"href":"https:\/\/new.decoczar.pl\/index.php\/wp-json\/wp\/v2\/product"}],"about":[{"href":"https:\/\/new.decoczar.pl\/index.php\/wp-json\/wp\/v2\/types\/product"}],"replies":[{"embeddable":true,"href":"https:\/\/new.decoczar.pl\/index.php\/wp-json\/wp\/v2\/comments?post=37983"}],"wp:featuredmedia":[{"embeddable":true,"href":"https:\/\/new.decoczar.pl\/index.php\/wp-json\/wp\/v2\/media\/32192"}],"wp:attachment":[{"href":"https:\/\/new.decoczar.pl\/index.php\/wp-json\/wp\/v2\/media?parent=37983"}],"wp:term":[{"taxonomy":"brand","embeddable":true,"href":"https:\/\/new.decoczar.pl\/index.php\/wp-json\/wp\/v2\/etheme_brands?post=37983"},{"taxonomy":"product_cat","embeddable":true,"href":"https:\/\/new.decoczar.pl\/index.php\/wp-json\/wp\/v2\/product_cat?post=37983"},{"taxonomy":"product_tag","embeddable":true,"href":"https:\/\/new.decoczar.pl\/index.php\/wp-json\/wp\/v2\/product_tag?post=37983"}],"curies":[{"name":"wp","href":"https:\/\/api.w.org\/{rel}","templated":true}]}}