{"id":37994,"date":"2026-04-03T13:50:21","date_gmt":"2026-04-03T11:50:21","guid":{"rendered":"https:\/\/new.decoczar.pl\/index.php\/product\/misa-drewniana-dekoracyjna-z-zywica-48\/"},"modified":"2026-04-03T13:50:21","modified_gmt":"2026-04-03T11:50:21","slug":"misa-drewniana-dekoracyjna-z-zywica-48","status":"publish","type":"product","link":"https:\/\/new.decoczar.pl\/index.php\/product\/misa-drewniana-dekoracyjna-z-zywica-48\/","title":{"rendered":"Misa drewniana dekoracyjna z \u017cywic\u0105"},"content":{"rendered":"<p>Cechy produktu :<\/p>\n<p> \tWymiary : \u015brednica ok 40 cm, wysoko\u015b\u0107 ok 8 cm, \u015brednica wewn\u0105trz 25 cm<br \/>\n \tIdealna dekoracja do ka\u017cdego rodzaju wn\u0119trz: nowoczesnego, industrialnego, rustykalnego.<br \/>\n \tDrewno z kt\u00f3rego zosta\u0142a wykonana misa jest twarde i bardzo trwa\u0142e.<br \/>\n \tDrzewo tekowe &#8211; egzotyczne ( Indonezja )<br \/>\n \tZabezpieczone wysokiej jako\u015bci olejem do drewna<br \/>\n \tDodatkiem jest czarna \u017cywica.<\/p>\n","protected":false},"excerpt":{"rendered":"<p>Cechy produktu :<\/p>\n<p> \tWymiary : \u015brednica ok 40 cm, wysoko\u015b\u0107 ok 8 cm, \u015brednica wewn\u0105trz 25 cm<br \/>\n \tIdealna dekoracja do ka\u017cdego rodzaju wn\u0119trz: nowoczesnego, industrialnego, rustykalnego.<br \/>\n \tDrewno z kt\u00f3rego zosta\u0142a wykonana misa jest twarde i bardzo trwa\u0142e.<br \/>\n \tDrzewo tekowe &#8211; egzotyczne ( Indonezja )<br \/>\n \tZabezpieczone wysokiej jako\u015bci olejem do drewna<br \/>\n \tDodatkiem jest czarna \u017cywica.<\/p>\n","protected":false},"featured_media":32751,"comment_status":"open","ping_status":"closed","template":"","meta":[],"etheme_brands":[],"product_cat":[295],"product_tag":[],"class_list":["post-37994","product","type-product","status-publish","has-post-thumbnail","hentry","product_cat-nasze-realizacje"],"_links":{"self":[{"href":"https:\/\/new.decoczar.pl\/index.php\/wp-json\/wp\/v2\/product\/37994","targetHints":{"allow":["GET"]}}],"collection":[{"href":"https:\/\/new.decoczar.pl\/index.php\/wp-json\/wp\/v2\/product"}],"about":[{"href":"https:\/\/new.decoczar.pl\/index.php\/wp-json\/wp\/v2\/types\/product"}],"replies":[{"embeddable":true,"href":"https:\/\/new.decoczar.pl\/index.php\/wp-json\/wp\/v2\/comments?post=37994"}],"wp:featuredmedia":[{"embeddable":true,"href":"https:\/\/new.decoczar.pl\/index.php\/wp-json\/wp\/v2\/media\/32751"}],"wp:attachment":[{"href":"https:\/\/new.decoczar.pl\/index.php\/wp-json\/wp\/v2\/media?parent=37994"}],"wp:term":[{"taxonomy":"brand","embeddable":true,"href":"https:\/\/new.decoczar.pl\/index.php\/wp-json\/wp\/v2\/etheme_brands?post=37994"},{"taxonomy":"product_cat","embeddable":true,"href":"https:\/\/new.decoczar.pl\/index.php\/wp-json\/wp\/v2\/product_cat?post=37994"},{"taxonomy":"product_tag","embeddable":true,"href":"https:\/\/new.decoczar.pl\/index.php\/wp-json\/wp\/v2\/product_tag?post=37994"}],"curies":[{"name":"wp","href":"https:\/\/api.w.org\/{rel}","templated":true}]}}