{"id":38005,"date":"2026-04-03T13:50:24","date_gmt":"2026-04-03T11:50:24","guid":{"rendered":"https:\/\/new.decoczar.pl\/index.php\/product\/zegar-morski-loft-40-cm-zywica-debowy-handmade-60\/"},"modified":"2026-04-03T13:50:24","modified_gmt":"2026-04-03T11:50:24","slug":"zegar-morski-loft-40-cm-zywica-debowy-handmade-60","status":"publish","type":"product","link":"https:\/\/new.decoczar.pl\/index.php\/product\/zegar-morski-loft-40-cm-zywica-debowy-handmade-60\/","title":{"rendered":"Zegar Morski Loft 40 cm \u017cywica d\u0119bowy Handmade"},"content":{"rendered":"<p>Cechy produktu :<\/p>\n<p> \tWymiary: \u015brednica 40 cm<br \/>\n \tKo\u0142o otaczaj\u0105ce drewno to metalowy profil malowany na bia\u0142y kolor.<br \/>\n \tZegar wykonany z deski d\u0119bowej r\u0119cznie obrabianej i pokrytej olejem.<br \/>\n \tZegar wyposa\u017cony w elektroniczny mechanizm na bateri\u0119 R6 paluszek.<br \/>\n \tMateria\u0142 : \u017cywica , deska d\u0119bowa, metal<br \/>\n \tCzas realizacji ok 14 dni roboczych<br \/>\n \tZegar z \u017cywicy &#8211; d\u0119bowy r\u0119cznie robiony jedyny taki egzemplarz<br \/>\n \tNa wskaz\u00f3wkach jest folia ochronna<\/p>\n","protected":false},"excerpt":{"rendered":"<p>Cechy produktu :<\/p>\n<p> \tWymiary: \u015brednica 40 cm<br \/>\n \tKo\u0142o otaczaj\u0105ce drewno to metalowy profil malowany na bia\u0142y kolor.<br \/>\n \tZegar wykonany z deski d\u0119bowej r\u0119cznie obrabianej i pokrytej olejem.<br \/>\n \tZegar wyposa\u017cony w elektroniczny mechanizm na bateri\u0119 R6 paluszek.<br \/>\n \tMateria\u0142 : \u017cywica , deska d\u0119bowa, metal<br \/>\n \tCzas realizacji ok 14 dni roboczych<br \/>\n \tZegar z \u017cywicy &#8211; d\u0119bowy r\u0119cznie robiony jedyny taki egzemplarz<br \/>\n \tNa wskaz\u00f3wkach jest folia ochronna<\/p>\n","protected":false},"featured_media":21432,"comment_status":"open","ping_status":"closed","template":"","meta":[],"etheme_brands":[],"product_cat":[228],"product_tag":[],"class_list":["post-38005","product","type-product","status-publish","has-post-thumbnail","hentry","product_cat-dostepne-od-reki-zegary-zegary"],"_links":{"self":[{"href":"https:\/\/new.decoczar.pl\/index.php\/wp-json\/wp\/v2\/product\/38005","targetHints":{"allow":["GET"]}}],"collection":[{"href":"https:\/\/new.decoczar.pl\/index.php\/wp-json\/wp\/v2\/product"}],"about":[{"href":"https:\/\/new.decoczar.pl\/index.php\/wp-json\/wp\/v2\/types\/product"}],"replies":[{"embeddable":true,"href":"https:\/\/new.decoczar.pl\/index.php\/wp-json\/wp\/v2\/comments?post=38005"}],"wp:featuredmedia":[{"embeddable":true,"href":"https:\/\/new.decoczar.pl\/index.php\/wp-json\/wp\/v2\/media\/21432"}],"wp:attachment":[{"href":"https:\/\/new.decoczar.pl\/index.php\/wp-json\/wp\/v2\/media?parent=38005"}],"wp:term":[{"taxonomy":"brand","embeddable":true,"href":"https:\/\/new.decoczar.pl\/index.php\/wp-json\/wp\/v2\/etheme_brands?post=38005"},{"taxonomy":"product_cat","embeddable":true,"href":"https:\/\/new.decoczar.pl\/index.php\/wp-json\/wp\/v2\/product_cat?post=38005"},{"taxonomy":"product_tag","embeddable":true,"href":"https:\/\/new.decoczar.pl\/index.php\/wp-json\/wp\/v2\/product_tag?post=38005"}],"curies":[{"name":"wp","href":"https:\/\/api.w.org\/{rel}","templated":true}]}}