{"id":38014,"date":"2026-04-03T13:51:19","date_gmt":"2026-04-03T11:51:19","guid":{"rendered":"https:\/\/new.decoczar.pl\/index.php\/product\/noga-metalowa-do-stolu-podstawa-metalowa-trapez-84\/"},"modified":"2026-04-03T13:51:19","modified_gmt":"2026-04-03T11:51:19","slug":"noga-metalowa-do-stolu-podstawa-metalowa-trapez-84","status":"publish","type":"product","link":"https:\/\/new.decoczar.pl\/index.php\/product\/noga-metalowa-do-stolu-podstawa-metalowa-trapez-84\/","title":{"rendered":"NOGA METALOWA DO STO\u0141U\/ PODSTAWA METALOWA TRAPEZ"},"content":{"rendered":"<p>Cechy produktu :<\/p>\n<p> \tWymiary : wysoko\u015b\u0107 72 cm szeroko\u015b\u0107 podstawy na dole 85 cm<br \/>\n \tMalowane proszkowo<br \/>\n \tWaga podstawy 40 kg<br \/>\n \tKolor Czarny mat (mo\u017cliwo\u015b\u0107 zmiany koloru RAL )<br \/>\n \tMateria\u0142 : p\u0142askownik 100x10mm,<br \/>\n \tCzas realizacji 21 dni roboczych po zaksi\u0119gowaniu wp\u0142aty<br \/>\n \tProdukt posiada\u00a0 otwory monta\u017cowe i z \u0142atwo\u015bci\u0105 mo\u017cna\u00a0 je przykr\u0119ci\u0107 do blatu\u00a0poprzez przykr\u0119cenie\u00a0 wkr\u0119t\u00f3w od do\u0142u<br \/>\n \tWYSY\u0141KA PALETOWA \u2013 TYLKO WP\u0141ATA NA KONTO\u00a0&#8211; ze wzgl\u0119du na du\u017cy i ci\u0119\u017cki gabaryt<br \/>\n \tProdukt w ca\u0142o\u015bci wykonany w Polsce. Kupuj\u0105c u nas wspierasz Polsk\u0105 przedsi\u0119biorczo\u015b\u0107<\/p>\n","protected":false},"excerpt":{"rendered":"<p>Cechy produktu :<\/p>\n<p> \tWymiary : wysoko\u015b\u0107 72 cm szeroko\u015b\u0107 podstawy na dole 85 cm<br \/>\n \tMalowane proszkowo<br \/>\n \tWaga podstawy 40 kg<br \/>\n \tKolor Czarny mat (mo\u017cliwo\u015b\u0107 zmiany koloru RAL )<br \/>\n \tMateria\u0142 : p\u0142askownik 100x10mm,<br \/>\n \tCzas realizacji 21 dni roboczych po zaksi\u0119gowaniu wp\u0142aty<br \/>\n \tProdukt posiada\u00a0 otwory monta\u017cowe i z \u0142atwo\u015bci\u0105 mo\u017cna\u00a0 je przykr\u0119ci\u0107 do blatu\u00a0poprzez przykr\u0119cenie\u00a0 wkr\u0119t\u00f3w od do\u0142u<br \/>\n \tWYSY\u0141KA PALETOWA \u2013 TYLKO WP\u0141ATA NA KONTO\u00a0&#8211; ze wzgl\u0119du na du\u017cy i ci\u0119\u017cki gabaryt<br \/>\n \tProdukt w ca\u0142o\u015bci wykonany w Polsce. Kupuj\u0105c u nas wspierasz Polsk\u0105 przedsi\u0119biorczo\u015b\u0107<\/p>\n","protected":false},"featured_media":0,"comment_status":"open","ping_status":"closed","template":"","meta":[],"etheme_brands":[],"product_cat":[50],"product_tag":[],"class_list":["post-38014","product","type-product","status-publish","hentry","product_cat-podstawy-metalowe-stelaze-stojaki"],"_links":{"self":[{"href":"https:\/\/new.decoczar.pl\/index.php\/wp-json\/wp\/v2\/product\/38014","targetHints":{"allow":["GET"]}}],"collection":[{"href":"https:\/\/new.decoczar.pl\/index.php\/wp-json\/wp\/v2\/product"}],"about":[{"href":"https:\/\/new.decoczar.pl\/index.php\/wp-json\/wp\/v2\/types\/product"}],"replies":[{"embeddable":true,"href":"https:\/\/new.decoczar.pl\/index.php\/wp-json\/wp\/v2\/comments?post=38014"}],"wp:attachment":[{"href":"https:\/\/new.decoczar.pl\/index.php\/wp-json\/wp\/v2\/media?parent=38014"}],"wp:term":[{"taxonomy":"brand","embeddable":true,"href":"https:\/\/new.decoczar.pl\/index.php\/wp-json\/wp\/v2\/etheme_brands?post=38014"},{"taxonomy":"product_cat","embeddable":true,"href":"https:\/\/new.decoczar.pl\/index.php\/wp-json\/wp\/v2\/product_cat?post=38014"},{"taxonomy":"product_tag","embeddable":true,"href":"https:\/\/new.decoczar.pl\/index.php\/wp-json\/wp\/v2\/product_tag?post=38014"}],"curies":[{"name":"wp","href":"https:\/\/api.w.org\/{rel}","templated":true}]}}