{"id":38036,"date":"2026-04-03T13:51:29","date_gmt":"2026-04-03T11:51:29","guid":{"rendered":"https:\/\/new.decoczar.pl\/index.php\/product\/taca-dekoracyjna-gold-glamour-101\/"},"modified":"2026-04-03T13:51:29","modified_gmt":"2026-04-03T11:51:29","slug":"taca-dekoracyjna-gold-glamour-101","status":"publish","type":"product","link":"https:\/\/new.decoczar.pl\/index.php\/product\/taca-dekoracyjna-gold-glamour-101\/","title":{"rendered":"Taca dekoracyjna &#8222;GOLD GLAMOUR&#8221;"},"content":{"rendered":"<p>Cechy produktu<\/p>\n<p> \tWymiary : 33&#215;22 cm<br \/>\n \tKolor czarny- dodatki z\u0142ote + kamienie czarno z\u0142ote<br \/>\n \tRaczki 2 szt z\u0142ote<br \/>\n \tWysy\u0142ka tylko kurier \/ pobranie<br \/>\n \tCzas realizacji 10-14\u00a0 dni roboczych ( praca z \u017cywic\u0105 zale\u017cna jest od pogody )<br \/>\n \tW uwagach do zam\u00f3wienia prosz\u0119 wpisa\u0107 wszelkie zmiany<br \/>\n \tPatera odporna na wysokie temperatury do 90\u00b0C<br \/>\n \tZAMAWIAJ\u0104C KILKA PRODUKT\u00d3W CZAS REALIZACJI JEST D\u0141U\u017bSZY DO 14 DNI ROBOCZYCH\u00a0<\/p>\n","protected":false},"excerpt":{"rendered":"<p>Cechy produktu<\/p>\n<p> \tWymiary : 33&#215;22 cm<br \/>\n \tKolor czarny- dodatki z\u0142ote + kamienie czarno z\u0142ote<br \/>\n \tRaczki 2 szt z\u0142ote<br \/>\n \tWysy\u0142ka tylko kurier \/ pobranie<br \/>\n \tCzas realizacji 10-14\u00a0 dni roboczych ( praca z \u017cywic\u0105 zale\u017cna jest od pogody )<br \/>\n \tW uwagach do zam\u00f3wienia prosz\u0119 wpisa\u0107 wszelkie zmiany<br \/>\n \tPatera odporna na wysokie temperatury do 90\u00b0C<br \/>\n \tZAMAWIAJ\u0104C KILKA PRODUKT\u00d3W CZAS REALIZACJI JEST D\u0141U\u017bSZY DO 14 DNI ROBOCZYCH\u00a0<\/p>\n","protected":false},"featured_media":4582,"comment_status":"open","ping_status":"closed","template":"","meta":[],"etheme_brands":[],"product_cat":[234],"product_tag":[],"class_list":["post-38036","product","type-product","status-publish","has-post-thumbnail","hentry","product_cat-patery-tace-dekoracyjne"],"_links":{"self":[{"href":"https:\/\/new.decoczar.pl\/index.php\/wp-json\/wp\/v2\/product\/38036","targetHints":{"allow":["GET"]}}],"collection":[{"href":"https:\/\/new.decoczar.pl\/index.php\/wp-json\/wp\/v2\/product"}],"about":[{"href":"https:\/\/new.decoczar.pl\/index.php\/wp-json\/wp\/v2\/types\/product"}],"replies":[{"embeddable":true,"href":"https:\/\/new.decoczar.pl\/index.php\/wp-json\/wp\/v2\/comments?post=38036"}],"wp:featuredmedia":[{"embeddable":true,"href":"https:\/\/new.decoczar.pl\/index.php\/wp-json\/wp\/v2\/media\/4582"}],"wp:attachment":[{"href":"https:\/\/new.decoczar.pl\/index.php\/wp-json\/wp\/v2\/media?parent=38036"}],"wp:term":[{"taxonomy":"brand","embeddable":true,"href":"https:\/\/new.decoczar.pl\/index.php\/wp-json\/wp\/v2\/etheme_brands?post=38036"},{"taxonomy":"product_cat","embeddable":true,"href":"https:\/\/new.decoczar.pl\/index.php\/wp-json\/wp\/v2\/product_cat?post=38036"},{"taxonomy":"product_tag","embeddable":true,"href":"https:\/\/new.decoczar.pl\/index.php\/wp-json\/wp\/v2\/product_tag?post=38036"}],"curies":[{"name":"wp","href":"https:\/\/api.w.org\/{rel}","templated":true}]}}