{"id":38041,"date":"2026-04-03T13:51:31","date_gmt":"2026-04-03T11:51:31","guid":{"rendered":"https:\/\/new.decoczar.pl\/index.php\/product\/noga-do-stolu-podstawa-metalowa-krzyzak-80x80-101\/"},"modified":"2026-04-03T13:51:31","modified_gmt":"2026-04-03T11:51:31","slug":"noga-do-stolu-podstawa-metalowa-krzyzak-80x80-101","status":"publish","type":"product","link":"https:\/\/new.decoczar.pl\/index.php\/product\/noga-do-stolu-podstawa-metalowa-krzyzak-80x80-101\/","title":{"rendered":"NOGA DO STO\u0141U \/ PODSTAWA METALOWA KRZY\u017bAK 80&#215;80"},"content":{"rendered":"<p>Cechy produktu :<\/p>\n<p> \tWymiary : wysoko\u015b\u0107 72 cm<br \/>\n \tCzas realizacji\u00a0 do 21 dni roboczych po zaksi\u0119gowaniu wp\u0142aty<br \/>\n \tPodstawa wykonana z profilu 80\u00d720 mm<br \/>\n \tSzeroko\u015b\u0107 g\u00f3ra 80 x 80cm<br \/>\n \tMalowane proszkowo czarny mat ( mo\u017cliwo\u015b\u0107 zmiany koloru z palety RAL )<br \/>\n \tNa g\u00f3rze podstawy s\u0105 p\u0142askownik z otworami fazowanymi na wkr\u0119ty<br \/>\n \tMo\u017cliwo\u015b\u0107 realizacji projektu klienta oraz wykonania n\u00f3g w innych wymiarach , profilach i kolorach<br \/>\n \tProdukt w ca\u0142o\u015bci wykonany w Polsce. Kupuj\u0105c u nas wspierasz Polsk\u0105 przedsi\u0119biorczo\u015b\u0107<br \/>\n \tDbamy o Twoje wn\u0119trze!&#x2611;&#xfe0f;\u00a0Dlatego pod ka\u017cd\u0105 nog\u0119 przyklejamy podk\u0142adk\u0119 ze specjalnego filcu, kt\u00f3ry\u00a0chroni Twoj\u0105 pod\u0142og\u0119\u00a0przed zarysowaniami.<\/p>\n<p>\u00a0<\/p>\n","protected":false},"excerpt":{"rendered":"<p>Cechy produktu :<\/p>\n<p> \tWymiary : wysoko\u015b\u0107 72 cm<br \/>\n \tCzas realizacji\u00a0 do 21 dni roboczych po zaksi\u0119gowaniu wp\u0142aty<br \/>\n \tPodstawa wykonana z profilu 80\u00d720 mm<br \/>\n \tSzeroko\u015b\u0107 g\u00f3ra 80 x 80cm<br \/>\n \tMalowane proszkowo czarny mat ( mo\u017cliwo\u015b\u0107 zmiany koloru z palety RAL )<br \/>\n \tNa g\u00f3rze podstawy s\u0105 p\u0142askownik z otworami fazowanymi na wkr\u0119ty<br \/>\n \tMo\u017cliwo\u015b\u0107 realizacji projektu klienta oraz wykonania n\u00f3g w innych wymiarach , profilach i kolorach<br \/>\n \tProdukt w ca\u0142o\u015bci wykonany w Polsce. Kupuj\u0105c u nas wspierasz Polsk\u0105 przedsi\u0119biorczo\u015b\u0107<br \/>\n \tDbamy o Twoje wn\u0119trze!&#x2611;&#xfe0f;\u00a0Dlatego pod ka\u017cd\u0105 nog\u0119 przyklejamy podk\u0142adk\u0119 ze specjalnego filcu, kt\u00f3ry\u00a0chroni Twoj\u0105 pod\u0142og\u0119\u00a0przed zarysowaniami.<\/p>\n<p>\u00a0<\/p>\n","protected":false},"featured_media":4595,"comment_status":"open","ping_status":"closed","template":"","meta":[],"etheme_brands":[],"product_cat":[50],"product_tag":[],"class_list":["post-38041","product","type-product","status-publish","has-post-thumbnail","hentry","product_cat-podstawy-metalowe-stelaze-stojaki"],"_links":{"self":[{"href":"https:\/\/new.decoczar.pl\/index.php\/wp-json\/wp\/v2\/product\/38041","targetHints":{"allow":["GET"]}}],"collection":[{"href":"https:\/\/new.decoczar.pl\/index.php\/wp-json\/wp\/v2\/product"}],"about":[{"href":"https:\/\/new.decoczar.pl\/index.php\/wp-json\/wp\/v2\/types\/product"}],"replies":[{"embeddable":true,"href":"https:\/\/new.decoczar.pl\/index.php\/wp-json\/wp\/v2\/comments?post=38041"}],"wp:featuredmedia":[{"embeddable":true,"href":"https:\/\/new.decoczar.pl\/index.php\/wp-json\/wp\/v2\/media\/4595"}],"wp:attachment":[{"href":"https:\/\/new.decoczar.pl\/index.php\/wp-json\/wp\/v2\/media?parent=38041"}],"wp:term":[{"taxonomy":"brand","embeddable":true,"href":"https:\/\/new.decoczar.pl\/index.php\/wp-json\/wp\/v2\/etheme_brands?post=38041"},{"taxonomy":"product_cat","embeddable":true,"href":"https:\/\/new.decoczar.pl\/index.php\/wp-json\/wp\/v2\/product_cat?post=38041"},{"taxonomy":"product_tag","embeddable":true,"href":"https:\/\/new.decoczar.pl\/index.php\/wp-json\/wp\/v2\/product_tag?post=38041"}],"curies":[{"name":"wp","href":"https:\/\/api.w.org\/{rel}","templated":true}]}}