{"id":38045,"date":"2026-04-03T13:52:20","date_gmt":"2026-04-03T11:52:20","guid":{"rendered":"https:\/\/new.decoczar.pl\/index.php\/product\/nogi-do-stolika-podstawa-metalowa-101\/"},"modified":"2026-04-03T13:52:20","modified_gmt":"2026-04-03T11:52:20","slug":"nogi-do-stolika-podstawa-metalowa-101","status":"publish","type":"product","link":"https:\/\/new.decoczar.pl\/index.php\/product\/nogi-do-stolika-podstawa-metalowa-101\/","title":{"rendered":"NOGI DO STOLIKA \/ PODSTAWA METALOWA"},"content":{"rendered":"<p> \tWysoko\u015b\u0107\u00a0 40 cm<br \/>\n \tSzeroko\u015b\u0107 &#8211; g\u0142\u0119boko\u015b\u0107 50 cm cm<br \/>\n \tMalowane proszkowo<br \/>\n \tWysy\u0142ka 40 z\u0142 &#8211; TYLKO WP\u0141ATA NA KONTO<br \/>\n \tKolor Czarny mat<br \/>\n \tP\u0142askownik 10 cm x 8 mm<br \/>\n \tCzas realizacji 21 dni roboczych po zaksi\u0119gowaniu wp\u0142aty (czasem czas realizacji mo\u017ce si\u0119 wyd\u0142u\u017cy\u0107 + 5 dni d\u0142u\u017csze terminy w malarni )<br \/>\n \tProdukt posiada\u00a0 otwory monta\u017cowe i z \u0142atwo\u015bci\u0105 mo\u017cna\u00a0 je przykr\u0119ci\u0107 do blatu\u00a0poprzez przykr\u0119cenie\u00a0 wkr\u0119t\u00f3w od do\u0142u<br \/>\n \tProdukt Polski<\/p>\n<p>\u00a0<\/p>\n","protected":false},"excerpt":{"rendered":"<p> \tWysoko\u015b\u0107\u00a0 40 cm<br \/>\n \tSzeroko\u015b\u0107 &#8211; g\u0142\u0119boko\u015b\u0107 50 cm cm<br \/>\n \tMalowane proszkowo<br \/>\n \tWysy\u0142ka 40 z\u0142 &#8211; TYLKO WP\u0141ATA NA KONTO<br \/>\n \tKolor Czarny mat<br \/>\n \tP\u0142askownik 10 cm x 8 mm<br \/>\n \tCzas realizacji 21 dni roboczych po zaksi\u0119gowaniu wp\u0142aty (czasem czas realizacji mo\u017ce si\u0119 wyd\u0142u\u017cy\u0107 + 5 dni d\u0142u\u017csze terminy w malarni )<br \/>\n \tProdukt posiada\u00a0 otwory monta\u017cowe i z \u0142atwo\u015bci\u0105 mo\u017cna\u00a0 je przykr\u0119ci\u0107 do blatu\u00a0poprzez przykr\u0119cenie\u00a0 wkr\u0119t\u00f3w od do\u0142u<br \/>\n \tProdukt Polski<\/p>\n<p>\u00a0<\/p>\n","protected":false},"featured_media":4605,"comment_status":"open","ping_status":"closed","template":"","meta":[],"etheme_brands":[],"product_cat":[50],"product_tag":[],"class_list":["post-38045","product","type-product","status-publish","has-post-thumbnail","hentry","product_cat-podstawy-metalowe-stelaze-stojaki"],"_links":{"self":[{"href":"https:\/\/new.decoczar.pl\/index.php\/wp-json\/wp\/v2\/product\/38045","targetHints":{"allow":["GET"]}}],"collection":[{"href":"https:\/\/new.decoczar.pl\/index.php\/wp-json\/wp\/v2\/product"}],"about":[{"href":"https:\/\/new.decoczar.pl\/index.php\/wp-json\/wp\/v2\/types\/product"}],"replies":[{"embeddable":true,"href":"https:\/\/new.decoczar.pl\/index.php\/wp-json\/wp\/v2\/comments?post=38045"}],"wp:featuredmedia":[{"embeddable":true,"href":"https:\/\/new.decoczar.pl\/index.php\/wp-json\/wp\/v2\/media\/4605"}],"wp:attachment":[{"href":"https:\/\/new.decoczar.pl\/index.php\/wp-json\/wp\/v2\/media?parent=38045"}],"wp:term":[{"taxonomy":"brand","embeddable":true,"href":"https:\/\/new.decoczar.pl\/index.php\/wp-json\/wp\/v2\/etheme_brands?post=38045"},{"taxonomy":"product_cat","embeddable":true,"href":"https:\/\/new.decoczar.pl\/index.php\/wp-json\/wp\/v2\/product_cat?post=38045"},{"taxonomy":"product_tag","embeddable":true,"href":"https:\/\/new.decoczar.pl\/index.php\/wp-json\/wp\/v2\/product_tag?post=38045"}],"curies":[{"name":"wp","href":"https:\/\/api.w.org\/{rel}","templated":true}]}}