{"id":38046,"date":"2026-04-03T13:52:20","date_gmt":"2026-04-03T11:52:20","guid":{"rendered":"https:\/\/new.decoczar.pl\/index.php\/product\/polka-garazowa-sufitowa-metalowa-101\/"},"modified":"2026-04-03T13:52:20","modified_gmt":"2026-04-03T11:52:20","slug":"polka-garazowa-sufitowa-metalowa-101","status":"publish","type":"product","link":"https:\/\/new.decoczar.pl\/index.php\/product\/polka-garazowa-sufitowa-metalowa-101\/","title":{"rendered":"P\u00d3\u0141KA GARA\u017bOWA SUFITOWA METALOWA"},"content":{"rendered":"<p>Cechy produktu :<\/p>\n<p> \tDu\u017ce wymiary p\u00f3\u0142ki 260\u00d780\u00d760\u00a0cm \u2013 idealna do \u201eci\u0119\u017ckich\u201d rzeczy i zabawek sezonowych.<br \/>\n \tMetalowy stela\u017c malowany proszkowo \u2013 odporny na zarysowania, korozj\u0119 i codzienne u\u017cytkowanie.<br \/>\n \tKonstrukcja wykonana z profilu 2&#215;2 cm<br \/>\n \tMonta\u017c bezpo\u015brednio do sufitu \u2013 oszcz\u0119dzasz miejsce na pod\u0142odze i tworzysz praktyczn\u0105 przestrze\u0144 nad g\u0142ow\u0105.<br \/>\n \tProdukt w ca\u0142o\u015bci wykonany w Polsce \u2013 wspierasz lokaln\u0105 produkcj\u0119 i otrzymujesz wysok\u0105 jako\u015b\u0107 wykonania.<br \/>\n \tCzas realizacji ok 21 roboczych po zaksi\u0119gowaniu wp\u0142aty<br \/>\n \tOtwory monta\u017cowe w zestawie \u2013 monta\u017c jest szybki i pewny, bez konieczno\u015bci dopasowywania element\u00f3w.<br \/>\n \tTYLKO ODBI\u00d3R OSOBISTY (OKOLICE LEGIONOWA &#8211; Zegrze )<\/p>\n","protected":false},"excerpt":{"rendered":"<p>Cechy produktu :<\/p>\n<p> \tDu\u017ce wymiary p\u00f3\u0142ki 260\u00d780\u00d760\u00a0cm \u2013 idealna do \u201eci\u0119\u017ckich\u201d rzeczy i zabawek sezonowych.<br \/>\n \tMetalowy stela\u017c malowany proszkowo \u2013 odporny na zarysowania, korozj\u0119 i codzienne u\u017cytkowanie.<br \/>\n \tKonstrukcja wykonana z profilu 2&#215;2 cm<br \/>\n \tMonta\u017c bezpo\u015brednio do sufitu \u2013 oszcz\u0119dzasz miejsce na pod\u0142odze i tworzysz praktyczn\u0105 przestrze\u0144 nad g\u0142ow\u0105.<br \/>\n \tProdukt w ca\u0142o\u015bci wykonany w Polsce \u2013 wspierasz lokaln\u0105 produkcj\u0119 i otrzymujesz wysok\u0105 jako\u015b\u0107 wykonania.<br \/>\n \tCzas realizacji ok 21 roboczych po zaksi\u0119gowaniu wp\u0142aty<br \/>\n \tOtwory monta\u017cowe w zestawie \u2013 monta\u017c jest szybki i pewny, bez konieczno\u015bci dopasowywania element\u00f3w.<br \/>\n \tTYLKO ODBI\u00d3R OSOBISTY (OKOLICE LEGIONOWA &#8211; Zegrze )<\/p>\n","protected":false},"featured_media":4607,"comment_status":"open","ping_status":"closed","template":"","meta":[],"etheme_brands":[],"product_cat":[50],"product_tag":[],"class_list":["post-38046","product","type-product","status-publish","has-post-thumbnail","hentry","product_cat-podstawy-metalowe-stelaze-stojaki"],"_links":{"self":[{"href":"https:\/\/new.decoczar.pl\/index.php\/wp-json\/wp\/v2\/product\/38046","targetHints":{"allow":["GET"]}}],"collection":[{"href":"https:\/\/new.decoczar.pl\/index.php\/wp-json\/wp\/v2\/product"}],"about":[{"href":"https:\/\/new.decoczar.pl\/index.php\/wp-json\/wp\/v2\/types\/product"}],"replies":[{"embeddable":true,"href":"https:\/\/new.decoczar.pl\/index.php\/wp-json\/wp\/v2\/comments?post=38046"}],"wp:featuredmedia":[{"embeddable":true,"href":"https:\/\/new.decoczar.pl\/index.php\/wp-json\/wp\/v2\/media\/4607"}],"wp:attachment":[{"href":"https:\/\/new.decoczar.pl\/index.php\/wp-json\/wp\/v2\/media?parent=38046"}],"wp:term":[{"taxonomy":"brand","embeddable":true,"href":"https:\/\/new.decoczar.pl\/index.php\/wp-json\/wp\/v2\/etheme_brands?post=38046"},{"taxonomy":"product_cat","embeddable":true,"href":"https:\/\/new.decoczar.pl\/index.php\/wp-json\/wp\/v2\/product_cat?post=38046"},{"taxonomy":"product_tag","embeddable":true,"href":"https:\/\/new.decoczar.pl\/index.php\/wp-json\/wp\/v2\/product_tag?post=38046"}],"curies":[{"name":"wp","href":"https:\/\/api.w.org\/{rel}","templated":true}]}}