{"id":38049,"date":"2026-04-03T13:52:23","date_gmt":"2026-04-03T11:52:23","guid":{"rendered":"https:\/\/new.decoczar.pl\/index.php\/product\/noga-do-stolu-podstawa-metalowa-pajak-xl-14\/"},"modified":"2026-04-03T13:52:23","modified_gmt":"2026-04-03T11:52:23","slug":"noga-do-stolu-podstawa-metalowa-pajak-xl-14","status":"publish","type":"product","link":"https:\/\/new.decoczar.pl\/index.php\/product\/noga-do-stolu-podstawa-metalowa-pajak-xl-14\/","title":{"rendered":"NOGA DO STO\u0141U \/ PODSTAWA METALOWA PAJ\u0104K XL"},"content":{"rendered":"<p>Cechy produktu :<\/p>\n<p> \tWymiary : wysoko\u015b\u0107 72 cm<br \/>\n \tD\u0142ugo\u015b\u0107 ramy 180 cm, szeroko\u015b\u0107\u00a0 80 cm<br \/>\n \tNo g\u00f3rze stela\u017c jest wzmocniony ram\u0105<br \/>\n \tMalowane proszkowo<br \/>\n \tWYSY\u0141KA PALETOWA \u2013 TYLKO WP\u0141ATA NA KONTO\u00a0<br \/>\n \tKolor Czarny mat (mo\u017cliwo\u015b\u0107 zmiany koloru na z\u0142oty\/ bia\u0142y )<br \/>\n \tProfil 80&#215;80 mm,<br \/>\n \tNa dole do\u0142\u0105czone s\u0105 filcowe nak\u0142adki aby nie rysowa\u0142y pod\u0142ogi<br \/>\n \tCzas realizacji 21 dni roboczych po zaksi\u0119gowaniu wp\u0142aty<br \/>\n \tProdukt posiada\u00a0 otwory monta\u017cowe i z \u0142atwo\u015bci\u0105 mo\u017cna\u00a0 je przykr\u0119ci\u0107 do blatu\u00a0poprzez przykr\u0119cenie\u00a0 wkr\u0119t\u00f3w od do\u0142u<br \/>\n \tProdukt w ca\u0142o\u015bci wykonany w Polsce. Kupuj\u0105c u nas wspierasz Polsk\u0105 przedsi\u0119biorczo\u015b\u0107<\/p>\n","protected":false},"excerpt":{"rendered":"<p>Cechy produktu :<\/p>\n<p> \tWymiary : wysoko\u015b\u0107 72 cm<br \/>\n \tD\u0142ugo\u015b\u0107 ramy 180 cm, szeroko\u015b\u0107\u00a0 80 cm<br \/>\n \tNo g\u00f3rze stela\u017c jest wzmocniony ram\u0105<br \/>\n \tMalowane proszkowo<br \/>\n \tWYSY\u0141KA PALETOWA \u2013 TYLKO WP\u0141ATA NA KONTO\u00a0<br \/>\n \tKolor Czarny mat (mo\u017cliwo\u015b\u0107 zmiany koloru na z\u0142oty\/ bia\u0142y )<br \/>\n \tProfil 80&#215;80 mm,<br \/>\n \tNa dole do\u0142\u0105czone s\u0105 filcowe nak\u0142adki aby nie rysowa\u0142y pod\u0142ogi<br \/>\n \tCzas realizacji 21 dni roboczych po zaksi\u0119gowaniu wp\u0142aty<br \/>\n \tProdukt posiada\u00a0 otwory monta\u017cowe i z \u0142atwo\u015bci\u0105 mo\u017cna\u00a0 je przykr\u0119ci\u0107 do blatu\u00a0poprzez przykr\u0119cenie\u00a0 wkr\u0119t\u00f3w od do\u0142u<br \/>\n \tProdukt w ca\u0142o\u015bci wykonany w Polsce. Kupuj\u0105c u nas wspierasz Polsk\u0105 przedsi\u0119biorczo\u015b\u0107<\/p>\n","protected":false},"featured_media":4617,"comment_status":"open","ping_status":"closed","template":"","meta":[],"etheme_brands":[],"product_cat":[50],"product_tag":[],"class_list":["post-38049","product","type-product","status-publish","has-post-thumbnail","hentry","product_cat-podstawy-metalowe-stelaze-stojaki"],"_links":{"self":[{"href":"https:\/\/new.decoczar.pl\/index.php\/wp-json\/wp\/v2\/product\/38049","targetHints":{"allow":["GET"]}}],"collection":[{"href":"https:\/\/new.decoczar.pl\/index.php\/wp-json\/wp\/v2\/product"}],"about":[{"href":"https:\/\/new.decoczar.pl\/index.php\/wp-json\/wp\/v2\/types\/product"}],"replies":[{"embeddable":true,"href":"https:\/\/new.decoczar.pl\/index.php\/wp-json\/wp\/v2\/comments?post=38049"}],"wp:featuredmedia":[{"embeddable":true,"href":"https:\/\/new.decoczar.pl\/index.php\/wp-json\/wp\/v2\/media\/4617"}],"wp:attachment":[{"href":"https:\/\/new.decoczar.pl\/index.php\/wp-json\/wp\/v2\/media?parent=38049"}],"wp:term":[{"taxonomy":"brand","embeddable":true,"href":"https:\/\/new.decoczar.pl\/index.php\/wp-json\/wp\/v2\/etheme_brands?post=38049"},{"taxonomy":"product_cat","embeddable":true,"href":"https:\/\/new.decoczar.pl\/index.php\/wp-json\/wp\/v2\/product_cat?post=38049"},{"taxonomy":"product_tag","embeddable":true,"href":"https:\/\/new.decoczar.pl\/index.php\/wp-json\/wp\/v2\/product_tag?post=38049"}],"curies":[{"name":"wp","href":"https:\/\/api.w.org\/{rel}","templated":true}]}}