{"id":38051,"date":"2026-04-03T13:52:24","date_gmt":"2026-04-03T11:52:24","guid":{"rendered":"https:\/\/new.decoczar.pl\/index.php\/product\/podstawa-do-stolika-v-wys-60-101\/"},"modified":"2026-04-03T13:52:24","modified_gmt":"2026-04-03T11:52:24","slug":"podstawa-do-stolika-v-wys-60-101","status":"publish","type":"product","link":"https:\/\/new.decoczar.pl\/index.php\/product\/podstawa-do-stolika-v-wys-60-101\/","title":{"rendered":"PODSTAWA DO STOLIKA V wys. 60"},"content":{"rendered":"<p> \tWymiary : wysoko\u015b\u0107 60 cm<br \/>\n \tRozstaw ramion 50cm<br \/>\n \tDolna podstawa 30&#215;30 cm<br \/>\n \tMalowane proszkowo<br \/>\n \tWysy\u0142ka paletowa 40 z\u0142 &#8211; TYLKO WP\u0141ATA NA KONTO<br \/>\n \tKolor Czarny mat (mo\u017cliwo\u015b\u0107 zmiany koloru na z\u0142oty\/ bia\u0142y )<br \/>\n \tProfil 4&#215;4 cm,<br \/>\n \tNa dole do\u0142\u0105czone s\u0105 filcowe nak\u0142adki aby nie rysowa\u0142y pod\u0142ogi<br \/>\n \tCzas realizacji 21 dni roboczych po zaksi\u0119gowaniu wp\u0142aty<br \/>\n \tProdukt posiada\u00a0 otwory monta\u017cowe i z \u0142atwo\u015bci\u0105 mo\u017cna\u00a0 je przykr\u0119ci\u0107 do blatu\u00a0poprzez przykr\u0119cenie\u00a0 wkr\u0119t\u00f3w od do\u0142u.<\/p>\n<p>\u00a0<\/p>\n","protected":false},"excerpt":{"rendered":"<p> \tWymiary : wysoko\u015b\u0107 60 cm<br \/>\n \tRozstaw ramion 50cm<br \/>\n \tDolna podstawa 30&#215;30 cm<br \/>\n \tMalowane proszkowo<br \/>\n \tWysy\u0142ka paletowa 40 z\u0142 &#8211; TYLKO WP\u0141ATA NA KONTO<br \/>\n \tKolor Czarny mat (mo\u017cliwo\u015b\u0107 zmiany koloru na z\u0142oty\/ bia\u0142y )<br \/>\n \tProfil 4&#215;4 cm,<br \/>\n \tNa dole do\u0142\u0105czone s\u0105 filcowe nak\u0142adki aby nie rysowa\u0142y pod\u0142ogi<br \/>\n \tCzas realizacji 21 dni roboczych po zaksi\u0119gowaniu wp\u0142aty<br \/>\n \tProdukt posiada\u00a0 otwory monta\u017cowe i z \u0142atwo\u015bci\u0105 mo\u017cna\u00a0 je przykr\u0119ci\u0107 do blatu\u00a0poprzez przykr\u0119cenie\u00a0 wkr\u0119t\u00f3w od do\u0142u.<\/p>\n<p>\u00a0<\/p>\n","protected":false},"featured_media":4621,"comment_status":"open","ping_status":"closed","template":"","meta":[],"etheme_brands":[],"product_cat":[50],"product_tag":[],"class_list":["post-38051","product","type-product","status-publish","has-post-thumbnail","hentry","product_cat-podstawy-metalowe-stelaze-stojaki"],"_links":{"self":[{"href":"https:\/\/new.decoczar.pl\/index.php\/wp-json\/wp\/v2\/product\/38051","targetHints":{"allow":["GET"]}}],"collection":[{"href":"https:\/\/new.decoczar.pl\/index.php\/wp-json\/wp\/v2\/product"}],"about":[{"href":"https:\/\/new.decoczar.pl\/index.php\/wp-json\/wp\/v2\/types\/product"}],"replies":[{"embeddable":true,"href":"https:\/\/new.decoczar.pl\/index.php\/wp-json\/wp\/v2\/comments?post=38051"}],"wp:featuredmedia":[{"embeddable":true,"href":"https:\/\/new.decoczar.pl\/index.php\/wp-json\/wp\/v2\/media\/4621"}],"wp:attachment":[{"href":"https:\/\/new.decoczar.pl\/index.php\/wp-json\/wp\/v2\/media?parent=38051"}],"wp:term":[{"taxonomy":"brand","embeddable":true,"href":"https:\/\/new.decoczar.pl\/index.php\/wp-json\/wp\/v2\/etheme_brands?post=38051"},{"taxonomy":"product_cat","embeddable":true,"href":"https:\/\/new.decoczar.pl\/index.php\/wp-json\/wp\/v2\/product_cat?post=38051"},{"taxonomy":"product_tag","embeddable":true,"href":"https:\/\/new.decoczar.pl\/index.php\/wp-json\/wp\/v2\/product_tag?post=38051"}],"curies":[{"name":"wp","href":"https:\/\/api.w.org\/{rel}","templated":true}]}}