{"id":38061,"date":"2026-04-03T13:52:28","date_gmt":"2026-04-03T11:52:28","guid":{"rendered":"https:\/\/new.decoczar.pl\/index.php\/product\/stelaz-pomocnik-kawowy-loft-202\/"},"modified":"2026-04-03T13:52:28","modified_gmt":"2026-04-03T11:52:28","slug":"stelaz-pomocnik-kawowy-loft-202","status":"publish","type":"product","link":"https:\/\/new.decoczar.pl\/index.php\/product\/stelaz-pomocnik-kawowy-loft-202\/","title":{"rendered":"STELA\u017b POMOCNIK KAWOWY LOFT"},"content":{"rendered":"<p>Cechy produktu:<\/p>\n<p> \tStela\u017c pod pomocnik<br \/>\n \tWymiary 40&#215;30 cm<br \/>\n \tWysoko\u015b\u0107 60 cm<br \/>\n \tProfil 2&#215;2 cm<br \/>\n \tStela\u017ce wykonane w ca\u0142o\u015bci &#8211; spawane.<br \/>\n \tRama malowana proszkowo na czarny mat.<br \/>\n \tIstnieje mo\u017cliwo\u015b\u0107 wykonania dowolnego stela\u017ca w dowolnych wymiarach i kolorystyce.<br \/>\n \tWysy\u0142ka 25 z\u0142 ( WP\u0141ATA NA KONTO &#8211; NIE WYSY\u0141AM ZA POBRANIEM<br \/>\n \tCzas realizacji 10 dni roboczych po zaksi\u0119gowaniu wp\u0142aty<br \/>\n \tWszystkie spawy s\u0105 staranie szlifowane co wida\u0107 na zdj\u0119ciach<br \/>\n \tStela\u017c standardowo ma przygotowane otwory pod wkr\u0119t do drewna<\/p>\n<p>\u00a0<\/p>\n<p>\u00a0<\/p>\n","protected":false},"excerpt":{"rendered":"<p>Cechy produktu:<\/p>\n<p> \tStela\u017c pod pomocnik<br \/>\n \tWymiary 40&#215;30 cm<br \/>\n \tWysoko\u015b\u0107 60 cm<br \/>\n \tProfil 2&#215;2 cm<br \/>\n \tStela\u017ce wykonane w ca\u0142o\u015bci &#8211; spawane.<br \/>\n \tRama malowana proszkowo na czarny mat.<br \/>\n \tIstnieje mo\u017cliwo\u015b\u0107 wykonania dowolnego stela\u017ca w dowolnych wymiarach i kolorystyce.<br \/>\n \tWysy\u0142ka 25 z\u0142 ( WP\u0141ATA NA KONTO &#8211; NIE WYSY\u0141AM ZA POBRANIEM<br \/>\n \tCzas realizacji 10 dni roboczych po zaksi\u0119gowaniu wp\u0142aty<br \/>\n \tWszystkie spawy s\u0105 staranie szlifowane co wida\u0107 na zdj\u0119ciach<br \/>\n \tStela\u017c standardowo ma przygotowane otwory pod wkr\u0119t do drewna<\/p>\n<p>\u00a0<\/p>\n<p>\u00a0<\/p>\n","protected":false},"featured_media":4671,"comment_status":"open","ping_status":"closed","template":"","meta":[],"etheme_brands":[],"product_cat":[50],"product_tag":[],"class_list":["post-38061","product","type-product","status-publish","has-post-thumbnail","hentry","product_cat-podstawy-metalowe-stelaze-stojaki"],"_links":{"self":[{"href":"https:\/\/new.decoczar.pl\/index.php\/wp-json\/wp\/v2\/product\/38061","targetHints":{"allow":["GET"]}}],"collection":[{"href":"https:\/\/new.decoczar.pl\/index.php\/wp-json\/wp\/v2\/product"}],"about":[{"href":"https:\/\/new.decoczar.pl\/index.php\/wp-json\/wp\/v2\/types\/product"}],"replies":[{"embeddable":true,"href":"https:\/\/new.decoczar.pl\/index.php\/wp-json\/wp\/v2\/comments?post=38061"}],"wp:featuredmedia":[{"embeddable":true,"href":"https:\/\/new.decoczar.pl\/index.php\/wp-json\/wp\/v2\/media\/4671"}],"wp:attachment":[{"href":"https:\/\/new.decoczar.pl\/index.php\/wp-json\/wp\/v2\/media?parent=38061"}],"wp:term":[{"taxonomy":"brand","embeddable":true,"href":"https:\/\/new.decoczar.pl\/index.php\/wp-json\/wp\/v2\/etheme_brands?post=38061"},{"taxonomy":"product_cat","embeddable":true,"href":"https:\/\/new.decoczar.pl\/index.php\/wp-json\/wp\/v2\/product_cat?post=38061"},{"taxonomy":"product_tag","embeddable":true,"href":"https:\/\/new.decoczar.pl\/index.php\/wp-json\/wp\/v2\/product_tag?post=38061"}],"curies":[{"name":"wp","href":"https:\/\/api.w.org\/{rel}","templated":true}]}}