{"id":38065,"date":"2026-04-03T13:52:29","date_gmt":"2026-04-03T11:52:29","guid":{"rendered":"https:\/\/new.decoczar.pl\/index.php\/product\/nowoczesny-stolik-loft-1-szt-prototyp-102\/"},"modified":"2026-04-03T13:52:29","modified_gmt":"2026-04-03T11:52:29","slug":"nowoczesny-stolik-loft-1-szt-prototyp-102","status":"publish","type":"product","link":"https:\/\/new.decoczar.pl\/index.php\/product\/nowoczesny-stolik-loft-1-szt-prototyp-102\/","title":{"rendered":"NOWOCZESNY STOLIK LOFT 1 SZT &#8222;PROTOTYP&#8221;"},"content":{"rendered":"<p>Cechy produktu<\/p>\n<p> \tWymiary: d\u0142ugo\u015b\u0107\/wysoko\u015b\u0107\u00a0 60 cm<br \/>\n \tSzeroko\u015b\u0107 30&#215;30<br \/>\n \tMateria\u0142 : blacha &#8211; orzech w\u0142oski<br \/>\n \tMalowany proszkowo<br \/>\n \tKolor: czarny<br \/>\n \tWysy\u0142ka 60 z\u0142<br \/>\n \tDrewno pokryte jest olejem zabezpieczaj\u0105cym z utwardzaczem<\/p>\n","protected":false},"excerpt":{"rendered":"<p>Cechy produktu<\/p>\n<p> \tWymiary: d\u0142ugo\u015b\u0107\/wysoko\u015b\u0107\u00a0 60 cm<br \/>\n \tSzeroko\u015b\u0107 30&#215;30<br \/>\n \tMateria\u0142 : blacha &#8211; orzech w\u0142oski<br \/>\n \tMalowany proszkowo<br \/>\n \tKolor: czarny<br \/>\n \tWysy\u0142ka 60 z\u0142<br \/>\n \tDrewno pokryte jest olejem zabezpieczaj\u0105cym z utwardzaczem<\/p>\n","protected":false},"featured_media":2127,"comment_status":"open","ping_status":"closed","template":"","meta":[],"etheme_brands":[],"product_cat":[295],"product_tag":[],"class_list":["post-38065","product","type-product","status-publish","has-post-thumbnail","hentry","product_cat-nasze-realizacje"],"_links":{"self":[{"href":"https:\/\/new.decoczar.pl\/index.php\/wp-json\/wp\/v2\/product\/38065","targetHints":{"allow":["GET"]}}],"collection":[{"href":"https:\/\/new.decoczar.pl\/index.php\/wp-json\/wp\/v2\/product"}],"about":[{"href":"https:\/\/new.decoczar.pl\/index.php\/wp-json\/wp\/v2\/types\/product"}],"replies":[{"embeddable":true,"href":"https:\/\/new.decoczar.pl\/index.php\/wp-json\/wp\/v2\/comments?post=38065"}],"wp:featuredmedia":[{"embeddable":true,"href":"https:\/\/new.decoczar.pl\/index.php\/wp-json\/wp\/v2\/media\/2127"}],"wp:attachment":[{"href":"https:\/\/new.decoczar.pl\/index.php\/wp-json\/wp\/v2\/media?parent=38065"}],"wp:term":[{"taxonomy":"brand","embeddable":true,"href":"https:\/\/new.decoczar.pl\/index.php\/wp-json\/wp\/v2\/etheme_brands?post=38065"},{"taxonomy":"product_cat","embeddable":true,"href":"https:\/\/new.decoczar.pl\/index.php\/wp-json\/wp\/v2\/product_cat?post=38065"},{"taxonomy":"product_tag","embeddable":true,"href":"https:\/\/new.decoczar.pl\/index.php\/wp-json\/wp\/v2\/product_tag?post=38065"}],"curies":[{"name":"wp","href":"https:\/\/api.w.org\/{rel}","templated":true}]}}