{"id":38066,"date":"2026-04-03T13:52:30","date_gmt":"2026-04-03T11:52:30","guid":{"rendered":"https:\/\/new.decoczar.pl\/index.php\/product\/stelaz-pod-rtv-metalowy-industrialny-loft-102\/"},"modified":"2026-04-03T13:52:30","modified_gmt":"2026-04-03T11:52:30","slug":"stelaz-pod-rtv-metalowy-industrialny-loft-102","status":"publish","type":"product","link":"https:\/\/new.decoczar.pl\/index.php\/product\/stelaz-pod-rtv-metalowy-industrialny-loft-102\/","title":{"rendered":"STELA\u017b POD RTV METALOWY INDUSTRIALNY \/ LOFT"},"content":{"rendered":"<p>Cechy produktu :<\/p>\n<p> \tWymiary 200 x 60 x40 cm (szeroko\u015b\u0107, wysoko\u015b\u0107, g\u0142\u0119boko\u015b\u0107)<br \/>\n \tStela\u017c profil 2&#215;2 cm<br \/>\n \tMalowany proszkowo<br \/>\n \tCzas realizacji do 21 dni roboczych po zaksi\u0119gowaniu wp\u0142aty<br \/>\n \tTYLKO ODBI\u00d3R OSOBISTY (WARSZAWA BR\u00d3DNO lub Okolice Legionowa )<br \/>\n \tMo\u017cliwo\u015b\u0107 wykonania rtv z p\u00f3\u0142kami<br \/>\n \tPodklejone podk\u0142adk\u0105 by zabezpieczy\u0107 przed zarysowaniem pod\u0142\u00f3g.<\/p>\n","protected":false},"excerpt":{"rendered":"<p>Cechy produktu :<\/p>\n<p> \tWymiary 200 x 60 x40 cm (szeroko\u015b\u0107, wysoko\u015b\u0107, g\u0142\u0119boko\u015b\u0107)<br \/>\n \tStela\u017c profil 2&#215;2 cm<br \/>\n \tMalowany proszkowo<br \/>\n \tCzas realizacji do 21 dni roboczych po zaksi\u0119gowaniu wp\u0142aty<br \/>\n \tTYLKO ODBI\u00d3R OSOBISTY (WARSZAWA BR\u00d3DNO lub Okolice Legionowa )<br \/>\n \tMo\u017cliwo\u015b\u0107 wykonania rtv z p\u00f3\u0142kami<br \/>\n \tPodklejone podk\u0142adk\u0105 by zabezpieczy\u0107 przed zarysowaniem pod\u0142\u00f3g.<\/p>\n","protected":false},"featured_media":36681,"comment_status":"open","ping_status":"closed","template":"","meta":[],"etheme_brands":[],"product_cat":[50],"product_tag":[],"class_list":["post-38066","product","type-product","status-publish","has-post-thumbnail","hentry","product_cat-podstawy-metalowe-stelaze-stojaki"],"_links":{"self":[{"href":"https:\/\/new.decoczar.pl\/index.php\/wp-json\/wp\/v2\/product\/38066","targetHints":{"allow":["GET"]}}],"collection":[{"href":"https:\/\/new.decoczar.pl\/index.php\/wp-json\/wp\/v2\/product"}],"about":[{"href":"https:\/\/new.decoczar.pl\/index.php\/wp-json\/wp\/v2\/types\/product"}],"replies":[{"embeddable":true,"href":"https:\/\/new.decoczar.pl\/index.php\/wp-json\/wp\/v2\/comments?post=38066"}],"wp:featuredmedia":[{"embeddable":true,"href":"https:\/\/new.decoczar.pl\/index.php\/wp-json\/wp\/v2\/media\/36681"}],"wp:attachment":[{"href":"https:\/\/new.decoczar.pl\/index.php\/wp-json\/wp\/v2\/media?parent=38066"}],"wp:term":[{"taxonomy":"brand","embeddable":true,"href":"https:\/\/new.decoczar.pl\/index.php\/wp-json\/wp\/v2\/etheme_brands?post=38066"},{"taxonomy":"product_cat","embeddable":true,"href":"https:\/\/new.decoczar.pl\/index.php\/wp-json\/wp\/v2\/product_cat?post=38066"},{"taxonomy":"product_tag","embeddable":true,"href":"https:\/\/new.decoczar.pl\/index.php\/wp-json\/wp\/v2\/product_tag?post=38066"}],"curies":[{"name":"wp","href":"https:\/\/api.w.org\/{rel}","templated":true}]}}