{"id":38070,"date":"2026-04-03T13:52:32","date_gmt":"2026-04-03T11:52:32","guid":{"rendered":"https:\/\/new.decoczar.pl\/index.php\/product\/noga-metalowa-do-stolu-podstawa-metalowa-prostokatna-101\/"},"modified":"2026-04-03T13:52:32","modified_gmt":"2026-04-03T11:52:32","slug":"noga-metalowa-do-stolu-podstawa-metalowa-prostokatna-101","status":"publish","type":"product","link":"https:\/\/new.decoczar.pl\/index.php\/product\/noga-metalowa-do-stolu-podstawa-metalowa-prostokatna-101\/","title":{"rendered":"NOGA METALOWA DO STO\u0141U \/ PODSTAWA METALOWA PROSTOK\u0104TNA"},"content":{"rendered":"<p>Cechy produktu :<\/p>\n<p> \tWysoko\u015b\u0107: 72 cm, d\u0142ugo\u015b\u0107 240 cm, g\u0142\u0119boko\u015b\u0107 100 cm<br \/>\n \tMalowane proszkowo &#8211; kolor czarny mat<br \/>\n \tProfil 8&#215;4 cm<br \/>\n \tProfil poprzeczek 4&#215;4 cm<br \/>\n \tProdukt posiada\u00a0 otwory monta\u017cowe i z \u0142atwo\u015bci\u0105 mo\u017cna\u00a0 je przykr\u0119ci\u0107 do blatu poprzez przykr\u0119cenie wkr\u0119t\u00f3w od do\u0142u<br \/>\n \tProdukt w ca\u0142o\u015bci wykonany w Polsce. Kupuj\u0105c u nas wspierasz Polsk\u0105 przedsi\u0119biorczo\u015b\u0107<br \/>\n \tCzas realizacji 21 dni roboczych po zaksi\u0119gowaniu wp\u0142aty<br \/>\n \tTylko odbi\u00f3r osobisty Micha\u0142\u00f3w Regin\u00f3w (okolice Legionowa )<\/p>\n<p>\u00a0<\/p>\n","protected":false},"excerpt":{"rendered":"<p>Cechy produktu :<\/p>\n<p> \tWysoko\u015b\u0107: 72 cm, d\u0142ugo\u015b\u0107 240 cm, g\u0142\u0119boko\u015b\u0107 100 cm<br \/>\n \tMalowane proszkowo &#8211; kolor czarny mat<br \/>\n \tProfil 8&#215;4 cm<br \/>\n \tProfil poprzeczek 4&#215;4 cm<br \/>\n \tProdukt posiada\u00a0 otwory monta\u017cowe i z \u0142atwo\u015bci\u0105 mo\u017cna\u00a0 je przykr\u0119ci\u0107 do blatu poprzez przykr\u0119cenie wkr\u0119t\u00f3w od do\u0142u<br \/>\n \tProdukt w ca\u0142o\u015bci wykonany w Polsce. Kupuj\u0105c u nas wspierasz Polsk\u0105 przedsi\u0119biorczo\u015b\u0107<br \/>\n \tCzas realizacji 21 dni roboczych po zaksi\u0119gowaniu wp\u0142aty<br \/>\n \tTylko odbi\u00f3r osobisty Micha\u0142\u00f3w Regin\u00f3w (okolice Legionowa )<\/p>\n<p>\u00a0<\/p>\n","protected":false},"featured_media":4693,"comment_status":"open","ping_status":"closed","template":"","meta":[],"etheme_brands":[],"product_cat":[50],"product_tag":[],"class_list":["post-38070","product","type-product","status-publish","has-post-thumbnail","hentry","product_cat-podstawy-metalowe-stelaze-stojaki"],"_links":{"self":[{"href":"https:\/\/new.decoczar.pl\/index.php\/wp-json\/wp\/v2\/product\/38070","targetHints":{"allow":["GET"]}}],"collection":[{"href":"https:\/\/new.decoczar.pl\/index.php\/wp-json\/wp\/v2\/product"}],"about":[{"href":"https:\/\/new.decoczar.pl\/index.php\/wp-json\/wp\/v2\/types\/product"}],"replies":[{"embeddable":true,"href":"https:\/\/new.decoczar.pl\/index.php\/wp-json\/wp\/v2\/comments?post=38070"}],"wp:featuredmedia":[{"embeddable":true,"href":"https:\/\/new.decoczar.pl\/index.php\/wp-json\/wp\/v2\/media\/4693"}],"wp:attachment":[{"href":"https:\/\/new.decoczar.pl\/index.php\/wp-json\/wp\/v2\/media?parent=38070"}],"wp:term":[{"taxonomy":"brand","embeddable":true,"href":"https:\/\/new.decoczar.pl\/index.php\/wp-json\/wp\/v2\/etheme_brands?post=38070"},{"taxonomy":"product_cat","embeddable":true,"href":"https:\/\/new.decoczar.pl\/index.php\/wp-json\/wp\/v2\/product_cat?post=38070"},{"taxonomy":"product_tag","embeddable":true,"href":"https:\/\/new.decoczar.pl\/index.php\/wp-json\/wp\/v2\/product_tag?post=38070"}],"curies":[{"name":"wp","href":"https:\/\/api.w.org\/{rel}","templated":true}]}}