{"id":38078,"date":"2026-04-03T13:53:21","date_gmt":"2026-04-03T11:53:21","guid":{"rendered":"https:\/\/new.decoczar.pl\/index.php\/product\/stelaz-metalowy-pod-stolik-barowy-noga-metalowa-konstrukcja-104\/"},"modified":"2026-04-03T13:53:21","modified_gmt":"2026-04-03T11:53:21","slug":"stelaz-metalowy-pod-stolik-barowy-noga-metalowa-konstrukcja-104","status":"publish","type":"product","link":"https:\/\/new.decoczar.pl\/index.php\/product\/stelaz-metalowy-pod-stolik-barowy-noga-metalowa-konstrukcja-104\/","title":{"rendered":"STELA\u017b METALOWY POD STOLIK BAROWY NOGA METALOWA KONSTRUKCJA"},"content":{"rendered":"<p>Cechy produktu :<\/p>\n<p> \tWysoko\u015b\u0107 100 cm, d\u0142ugo\u015b\u0107 120 cm, g\u0142\u0119boko\u015b\u0107 40 cm<br \/>\n \t\u00a0Stalowa konstrukcja:\u00a0solidny profil\u00a080\u00d740\u202fmm, malowany proszkowo \u2013 odporna na zarysowania, wilgo\u0107 i codzienn\u0105 eksploatacj\u0119.<br \/>\n \tKolor: elegancki bia\u0142y mat, kt\u00f3ry doskonale komponuje si\u0119 z r\u00f3\u017cnymi stylami wn\u0119trz.<br \/>\n \tProdukt sprzedawany bez blatu:\u00a0stworzy miejsce na blat z drewna, laminatu, kamienia lub \u017cywicy \u2013 dopasuj go do swojego stylu!<br \/>\n \tCzas realizacji 21 dni roboczych po zaksi\u0119gowaniu wp\u0142aty<br \/>\n \tWysy\u0142ka 299 z\u0142 \u2013 TYLKO WP\u0141ATA NA KONTO\u00a0<br \/>\n \tB\u0105d\u017a odbi\u00f3r Warszawa Br\u00f3dno lub okolice Legionowa<\/p>\n<p>\u00a0<\/p>\n","protected":false},"excerpt":{"rendered":"<p>Cechy produktu :<\/p>\n<p> \tWysoko\u015b\u0107 100 cm, d\u0142ugo\u015b\u0107 120 cm, g\u0142\u0119boko\u015b\u0107 40 cm<br \/>\n \t\u00a0Stalowa konstrukcja:\u00a0solidny profil\u00a080\u00d740\u202fmm, malowany proszkowo \u2013 odporna na zarysowania, wilgo\u0107 i codzienn\u0105 eksploatacj\u0119.<br \/>\n \tKolor: elegancki bia\u0142y mat, kt\u00f3ry doskonale komponuje si\u0119 z r\u00f3\u017cnymi stylami wn\u0119trz.<br \/>\n \tProdukt sprzedawany bez blatu:\u00a0stworzy miejsce na blat z drewna, laminatu, kamienia lub \u017cywicy \u2013 dopasuj go do swojego stylu!<br \/>\n \tCzas realizacji 21 dni roboczych po zaksi\u0119gowaniu wp\u0142aty<br \/>\n \tWysy\u0142ka 299 z\u0142 \u2013 TYLKO WP\u0141ATA NA KONTO\u00a0<br \/>\n \tB\u0105d\u017a odbi\u00f3r Warszawa Br\u00f3dno lub okolice Legionowa<\/p>\n<p>\u00a0<\/p>\n","protected":false},"featured_media":2187,"comment_status":"open","ping_status":"closed","template":"","meta":[],"etheme_brands":[],"product_cat":[50],"product_tag":[],"class_list":["post-38078","product","type-product","status-publish","has-post-thumbnail","hentry","product_cat-podstawy-metalowe-stelaze-stojaki"],"_links":{"self":[{"href":"https:\/\/new.decoczar.pl\/index.php\/wp-json\/wp\/v2\/product\/38078","targetHints":{"allow":["GET"]}}],"collection":[{"href":"https:\/\/new.decoczar.pl\/index.php\/wp-json\/wp\/v2\/product"}],"about":[{"href":"https:\/\/new.decoczar.pl\/index.php\/wp-json\/wp\/v2\/types\/product"}],"replies":[{"embeddable":true,"href":"https:\/\/new.decoczar.pl\/index.php\/wp-json\/wp\/v2\/comments?post=38078"}],"wp:featuredmedia":[{"embeddable":true,"href":"https:\/\/new.decoczar.pl\/index.php\/wp-json\/wp\/v2\/media\/2187"}],"wp:attachment":[{"href":"https:\/\/new.decoczar.pl\/index.php\/wp-json\/wp\/v2\/media?parent=38078"}],"wp:term":[{"taxonomy":"brand","embeddable":true,"href":"https:\/\/new.decoczar.pl\/index.php\/wp-json\/wp\/v2\/etheme_brands?post=38078"},{"taxonomy":"product_cat","embeddable":true,"href":"https:\/\/new.decoczar.pl\/index.php\/wp-json\/wp\/v2\/product_cat?post=38078"},{"taxonomy":"product_tag","embeddable":true,"href":"https:\/\/new.decoczar.pl\/index.php\/wp-json\/wp\/v2\/product_tag?post=38078"}],"curies":[{"name":"wp","href":"https:\/\/api.w.org\/{rel}","templated":true}]}}