{"id":38083,"date":"2026-04-03T13:53:24","date_gmt":"2026-04-03T11:53:24","guid":{"rendered":"https:\/\/new.decoczar.pl\/index.php\/product\/taca-patera-dekoracyjna-zywica-bialo-czarno-zlota-krysztalowa-102\/"},"modified":"2026-04-03T13:53:24","modified_gmt":"2026-04-03T11:53:24","slug":"taca-patera-dekoracyjna-zywica-bialo-czarno-zlota-krysztalowa-102","status":"publish","type":"product","link":"https:\/\/new.decoczar.pl\/index.php\/product\/taca-patera-dekoracyjna-zywica-bialo-czarno-zlota-krysztalowa-102\/","title":{"rendered":"Taca \/ PATERA dekoracyjna \u017cywica bia\u0142o czarno z\u0142ota kryszta\u0142owa"},"content":{"rendered":"<p>Taca\/Patera dekoracyjna<\/p>\n<p> \tWymiary ; \u015brednica 25 cm<br \/>\n \tKolorystyka biel, czer\u0144\u00a0 +\u00a0 z\u0142ote dodatki<br \/>\n \tCzas realizacji 10 dni roboczych po zaksi\u0119gowaniu wp\u0142aty<br \/>\n \tWykonujemy r\u00f3wnie\u017c indywidualne zam\u00f3wienia kolorystyczne klienta<br \/>\n \tWysy\u0142ka kurier \/ kurier pobranie<br \/>\n \tDo zestawu mo\u017cna dokupi\u0107 podk\u0142adki<br \/>\n \tZAMAWI\u0104JAC KILKA PRODUKT\u00d3W CZAS REALZIACJI JEST D\u0141U\u017bSZY DO 14 DNI ROBOCZYCH\u00a0<\/p>\n","protected":false},"excerpt":{"rendered":"<p>Taca\/Patera dekoracyjna<\/p>\n<p> \tWymiary ; \u015brednica 25 cm<br \/>\n \tKolorystyka biel, czer\u0144\u00a0 +\u00a0 z\u0142ote dodatki<br \/>\n \tCzas realizacji 10 dni roboczych po zaksi\u0119gowaniu wp\u0142aty<br \/>\n \tWykonujemy r\u00f3wnie\u017c indywidualne zam\u00f3wienia kolorystyczne klienta<br \/>\n \tWysy\u0142ka kurier \/ kurier pobranie<br \/>\n \tDo zestawu mo\u017cna dokupi\u0107 podk\u0142adki<br \/>\n \tZAMAWI\u0104JAC KILKA PRODUKT\u00d3W CZAS REALZIACJI JEST D\u0141U\u017bSZY DO 14 DNI ROBOCZYCH\u00a0<\/p>\n","protected":false},"featured_media":2233,"comment_status":"open","ping_status":"closed","template":"","meta":[],"etheme_brands":[],"product_cat":[234],"product_tag":[],"class_list":["post-38083","product","type-product","status-publish","has-post-thumbnail","hentry","product_cat-patery-tace-dekoracyjne"],"_links":{"self":[{"href":"https:\/\/new.decoczar.pl\/index.php\/wp-json\/wp\/v2\/product\/38083","targetHints":{"allow":["GET"]}}],"collection":[{"href":"https:\/\/new.decoczar.pl\/index.php\/wp-json\/wp\/v2\/product"}],"about":[{"href":"https:\/\/new.decoczar.pl\/index.php\/wp-json\/wp\/v2\/types\/product"}],"replies":[{"embeddable":true,"href":"https:\/\/new.decoczar.pl\/index.php\/wp-json\/wp\/v2\/comments?post=38083"}],"wp:featuredmedia":[{"embeddable":true,"href":"https:\/\/new.decoczar.pl\/index.php\/wp-json\/wp\/v2\/media\/2233"}],"wp:attachment":[{"href":"https:\/\/new.decoczar.pl\/index.php\/wp-json\/wp\/v2\/media?parent=38083"}],"wp:term":[{"taxonomy":"brand","embeddable":true,"href":"https:\/\/new.decoczar.pl\/index.php\/wp-json\/wp\/v2\/etheme_brands?post=38083"},{"taxonomy":"product_cat","embeddable":true,"href":"https:\/\/new.decoczar.pl\/index.php\/wp-json\/wp\/v2\/product_cat?post=38083"},{"taxonomy":"product_tag","embeddable":true,"href":"https:\/\/new.decoczar.pl\/index.php\/wp-json\/wp\/v2\/product_tag?post=38083"}],"curies":[{"name":"wp","href":"https:\/\/api.w.org\/{rel}","templated":true}]}}