{"id":38092,"date":"2026-04-03T13:53:28","date_gmt":"2026-04-03T11:53:28","guid":{"rendered":"https:\/\/new.decoczar.pl\/index.php\/product\/stol-stolik-drewniany-debowy-okragly-gratis-102\/"},"modified":"2026-04-03T13:53:28","modified_gmt":"2026-04-03T11:53:28","slug":"stol-stolik-drewniany-debowy-okragly-gratis-102","status":"publish","type":"product","link":"https:\/\/new.decoczar.pl\/index.php\/product\/stol-stolik-drewniany-debowy-okragly-gratis-102\/","title":{"rendered":"ST\u00d3\u0141\/STOLIK DREWNIANY D\u0118BOWY OKR\u0104G\u0141Y+ GRATIS"},"content":{"rendered":"<p>Cechy produktu:<\/p>\n<p> \tWymiary: \u015arednica ok 70-75 cm<br \/>\n \tGrubo\u015b\u0107 plastra oko\u0142o 10-12 cm<br \/>\n \tWymiary stela\u017ca ; 50&#215;35 cm wysoko\u015b\u0107 40 cm (nogi malowane proszkowo)<br \/>\n \tKolor blatu : naturalny (zabezpieczony 3 warstwami lakieru )<br \/>\n \tCzas realizacji 21 dni roboczych po zaksi\u0119gowaniu wp\u0142aty<br \/>\n \tJEST TO PRODUKT NA ZAM\u00d3WIENIE I NIE WYSY\u0141AM ZA POBRANIEM<br \/>\n \tKoszt wysy\u0142ki 60 z\u0142<br \/>\n \tGRATIS 4 SZTUKI PODSTAWKI POD KUBEK<\/p>\n","protected":false},"excerpt":{"rendered":"<p>Cechy produktu:<\/p>\n<p> \tWymiary: \u015arednica ok 70-75 cm<br \/>\n \tGrubo\u015b\u0107 plastra oko\u0142o 10-12 cm<br \/>\n \tWymiary stela\u017ca ; 50&#215;35 cm wysoko\u015b\u0107 40 cm (nogi malowane proszkowo)<br \/>\n \tKolor blatu : naturalny (zabezpieczony 3 warstwami lakieru )<br \/>\n \tCzas realizacji 21 dni roboczych po zaksi\u0119gowaniu wp\u0142aty<br \/>\n \tJEST TO PRODUKT NA ZAM\u00d3WIENIE I NIE WYSY\u0141AM ZA POBRANIEM<br \/>\n \tKoszt wysy\u0142ki 60 z\u0142<br \/>\n \tGRATIS 4 SZTUKI PODSTAWKI POD KUBEK<\/p>\n","protected":false},"featured_media":2275,"comment_status":"open","ping_status":"closed","template":"","meta":[],"etheme_brands":[],"product_cat":[56],"product_tag":[],"class_list":["post-38092","product","type-product","status-publish","has-post-thumbnail","hentry","product_cat-stoliki-drewniane"],"_links":{"self":[{"href":"https:\/\/new.decoczar.pl\/index.php\/wp-json\/wp\/v2\/product\/38092","targetHints":{"allow":["GET"]}}],"collection":[{"href":"https:\/\/new.decoczar.pl\/index.php\/wp-json\/wp\/v2\/product"}],"about":[{"href":"https:\/\/new.decoczar.pl\/index.php\/wp-json\/wp\/v2\/types\/product"}],"replies":[{"embeddable":true,"href":"https:\/\/new.decoczar.pl\/index.php\/wp-json\/wp\/v2\/comments?post=38092"}],"wp:featuredmedia":[{"embeddable":true,"href":"https:\/\/new.decoczar.pl\/index.php\/wp-json\/wp\/v2\/media\/2275"}],"wp:attachment":[{"href":"https:\/\/new.decoczar.pl\/index.php\/wp-json\/wp\/v2\/media?parent=38092"}],"wp:term":[{"taxonomy":"brand","embeddable":true,"href":"https:\/\/new.decoczar.pl\/index.php\/wp-json\/wp\/v2\/etheme_brands?post=38092"},{"taxonomy":"product_cat","embeddable":true,"href":"https:\/\/new.decoczar.pl\/index.php\/wp-json\/wp\/v2\/product_cat?post=38092"},{"taxonomy":"product_tag","embeddable":true,"href":"https:\/\/new.decoczar.pl\/index.php\/wp-json\/wp\/v2\/product_tag?post=38092"}],"curies":[{"name":"wp","href":"https:\/\/api.w.org\/{rel}","templated":true}]}}