{"id":38105,"date":"2026-04-03T13:54:20","date_gmt":"2026-04-03T11:54:20","guid":{"rendered":"https:\/\/new.decoczar.pl\/index.php\/product\/regal-stelaz-loft-metalowy-270-cm-2-szt-6\/"},"modified":"2026-04-03T13:54:20","modified_gmt":"2026-04-03T11:54:20","slug":"regal-stelaz-loft-metalowy-270-cm-2-szt-6","status":"publish","type":"product","link":"https:\/\/new.decoczar.pl\/index.php\/product\/regal-stelaz-loft-metalowy-270-cm-2-szt-6\/","title":{"rendered":"REGA\u0141 STELA\u017b LOFT METALOWY 270 CM 2 SZT"},"content":{"rendered":"<p>Cechy produktu :<\/p>\n<p> \tWymiary : wysoko\u015b\u0107 : 270 cm, g\u0142\u0119boko\u015b\u0107 20 cm<br \/>\n \tOdleg\u0142o\u015b\u0107 miedzy p\u00f3\u0142kami 30 cm<br \/>\n \tProfil 2&#215;2 cm<br \/>\n \tMalowany proszkowo<br \/>\n \tCzas realizacji 14-21 dni roboczych po zaksi\u0119gowaniu wp\u0142aty<br \/>\n \tStojak wykonany w 100% r\u0119cznie,<br \/>\n \tPodstawa wykonana starannie z profilu. Elementy ci\u0119te do k\u0105ta, spawane i szlifowane.<br \/>\n \tRealizacja tylko po wp\u0142acie &#8211; odbi\u00f3r osobisty Warszawa Br\u00f3dno b\u0105dz okolice Legionowa<\/p>\n<p>\u00a0<\/p>\n","protected":false},"excerpt":{"rendered":"<p>Cechy produktu :<\/p>\n<p> \tWymiary : wysoko\u015b\u0107 : 270 cm, g\u0142\u0119boko\u015b\u0107 20 cm<br \/>\n \tOdleg\u0142o\u015b\u0107 miedzy p\u00f3\u0142kami 30 cm<br \/>\n \tProfil 2&#215;2 cm<br \/>\n \tMalowany proszkowo<br \/>\n \tCzas realizacji 14-21 dni roboczych po zaksi\u0119gowaniu wp\u0142aty<br \/>\n \tStojak wykonany w 100% r\u0119cznie,<br \/>\n \tPodstawa wykonana starannie z profilu. Elementy ci\u0119te do k\u0105ta, spawane i szlifowane.<br \/>\n \tRealizacja tylko po wp\u0142acie &#8211; odbi\u00f3r osobisty Warszawa Br\u00f3dno b\u0105dz okolice Legionowa<\/p>\n<p>\u00a0<\/p>\n","protected":false},"featured_media":2333,"comment_status":"open","ping_status":"closed","template":"","meta":[],"etheme_brands":[],"product_cat":[50],"product_tag":[],"class_list":["post-38105","product","type-product","status-publish","has-post-thumbnail","hentry","product_cat-podstawy-metalowe-stelaze-stojaki"],"_links":{"self":[{"href":"https:\/\/new.decoczar.pl\/index.php\/wp-json\/wp\/v2\/product\/38105","targetHints":{"allow":["GET"]}}],"collection":[{"href":"https:\/\/new.decoczar.pl\/index.php\/wp-json\/wp\/v2\/product"}],"about":[{"href":"https:\/\/new.decoczar.pl\/index.php\/wp-json\/wp\/v2\/types\/product"}],"replies":[{"embeddable":true,"href":"https:\/\/new.decoczar.pl\/index.php\/wp-json\/wp\/v2\/comments?post=38105"}],"wp:featuredmedia":[{"embeddable":true,"href":"https:\/\/new.decoczar.pl\/index.php\/wp-json\/wp\/v2\/media\/2333"}],"wp:attachment":[{"href":"https:\/\/new.decoczar.pl\/index.php\/wp-json\/wp\/v2\/media?parent=38105"}],"wp:term":[{"taxonomy":"brand","embeddable":true,"href":"https:\/\/new.decoczar.pl\/index.php\/wp-json\/wp\/v2\/etheme_brands?post=38105"},{"taxonomy":"product_cat","embeddable":true,"href":"https:\/\/new.decoczar.pl\/index.php\/wp-json\/wp\/v2\/product_cat?post=38105"},{"taxonomy":"product_tag","embeddable":true,"href":"https:\/\/new.decoczar.pl\/index.php\/wp-json\/wp\/v2\/product_tag?post=38105"}],"curies":[{"name":"wp","href":"https:\/\/api.w.org\/{rel}","templated":true}]}}