{"id":38118,"date":"2026-04-03T13:54:25","date_gmt":"2026-04-03T11:54:25","guid":{"rendered":"https:\/\/new.decoczar.pl\/index.php\/product\/stelaz-do-konsoli-industrial-loft-102\/"},"modified":"2026-04-03T13:54:25","modified_gmt":"2026-04-03T11:54:25","slug":"stelaz-do-konsoli-industrial-loft-102","status":"publish","type":"product","link":"https:\/\/new.decoczar.pl\/index.php\/product\/stelaz-do-konsoli-industrial-loft-102\/","title":{"rendered":"STELA\u017b DO KONSOLI INDUSTRIAL LOFT"},"content":{"rendered":"<p>Cechy produktu :<\/p>\n<p> \tWymiary: d\u0142ugo\u015b\u0107\u202f160\u202fcm, wysoko\u015b\u0107\u202f60\u202fcm, g\u0142\u0119boko\u015b\u0107\u202f30\u202fcm \u2013 proporcje idealne do konsoli w przedpokoju, salonie czy biurze.<br \/>\n \tSolidna konstrukcja: wykonany z profilu stalowego 1,5\u00d71,5\u202fcm, spawany i malowany proszkowo dla trwa\u0142o\u015bci i odporno\u015bci na uszkodzenia.<br \/>\n \tStyl industrialny: surowy design w czarnym, matowym wyko\u0144czeniu, kt\u00f3ry doskonale wpisuje si\u0119 w nowoczesne, loftowe aran\u017cacje wn\u0119trz.<br \/>\n \tGotowy na blat: produkt posiada otwory monta\u017cowe \u2013 \u0142atwo zamontujesz do niego blat z drewna, p\u0142yty laminowanej lub inny materia\u0142 wed\u0142ug w\u0142asnego stylu.<br \/>\n \tOchrona pod\u0142ogi: stela\u017c wyposa\u017cony w nak\u0142adki na n\u00f3\u017cki, kt\u00f3re zabezpieczaj\u0105 powierzchni\u0119 pod\u0142ogi przed zarysowaniem.<br \/>\n \tRealizacja na zam\u00f3wienie: ka\u017cdy egzemplarz wykonywany jest z dba\u0142o\u015bci\u0105 o detale, z mo\u017cliwo\u015bci\u0105 dopasowania wymiar\u00f3w do Twoich potrzeb.<br \/>\n \tCzas realizacji 21 dni roboczych po zaksi\u0119gowaniu wp\u0142aty<\/p>\n","protected":false},"excerpt":{"rendered":"<p>Cechy produktu :<\/p>\n<p> \tWymiary: d\u0142ugo\u015b\u0107\u202f160\u202fcm, wysoko\u015b\u0107\u202f60\u202fcm, g\u0142\u0119boko\u015b\u0107\u202f30\u202fcm \u2013 proporcje idealne do konsoli w przedpokoju, salonie czy biurze.<br \/>\n \tSolidna konstrukcja: wykonany z profilu stalowego 1,5\u00d71,5\u202fcm, spawany i malowany proszkowo dla trwa\u0142o\u015bci i odporno\u015bci na uszkodzenia.<br \/>\n \tStyl industrialny: surowy design w czarnym, matowym wyko\u0144czeniu, kt\u00f3ry doskonale wpisuje si\u0119 w nowoczesne, loftowe aran\u017cacje wn\u0119trz.<br \/>\n \tGotowy na blat: produkt posiada otwory monta\u017cowe \u2013 \u0142atwo zamontujesz do niego blat z drewna, p\u0142yty laminowanej lub inny materia\u0142 wed\u0142ug w\u0142asnego stylu.<br \/>\n \tOchrona pod\u0142ogi: stela\u017c wyposa\u017cony w nak\u0142adki na n\u00f3\u017cki, kt\u00f3re zabezpieczaj\u0105 powierzchni\u0119 pod\u0142ogi przed zarysowaniem.<br \/>\n \tRealizacja na zam\u00f3wienie: ka\u017cdy egzemplarz wykonywany jest z dba\u0142o\u015bci\u0105 o detale, z mo\u017cliwo\u015bci\u0105 dopasowania wymiar\u00f3w do Twoich potrzeb.<br \/>\n \tCzas realizacji 21 dni roboczych po zaksi\u0119gowaniu wp\u0142aty<\/p>\n","protected":false},"featured_media":36451,"comment_status":"open","ping_status":"closed","template":"","meta":[],"etheme_brands":[],"product_cat":[50],"product_tag":[],"class_list":["post-38118","product","type-product","status-publish","has-post-thumbnail","hentry","product_cat-podstawy-metalowe-stelaze-stojaki"],"_links":{"self":[{"href":"https:\/\/new.decoczar.pl\/index.php\/wp-json\/wp\/v2\/product\/38118","targetHints":{"allow":["GET"]}}],"collection":[{"href":"https:\/\/new.decoczar.pl\/index.php\/wp-json\/wp\/v2\/product"}],"about":[{"href":"https:\/\/new.decoczar.pl\/index.php\/wp-json\/wp\/v2\/types\/product"}],"replies":[{"embeddable":true,"href":"https:\/\/new.decoczar.pl\/index.php\/wp-json\/wp\/v2\/comments?post=38118"}],"wp:featuredmedia":[{"embeddable":true,"href":"https:\/\/new.decoczar.pl\/index.php\/wp-json\/wp\/v2\/media\/36451"}],"wp:attachment":[{"href":"https:\/\/new.decoczar.pl\/index.php\/wp-json\/wp\/v2\/media?parent=38118"}],"wp:term":[{"taxonomy":"brand","embeddable":true,"href":"https:\/\/new.decoczar.pl\/index.php\/wp-json\/wp\/v2\/etheme_brands?post=38118"},{"taxonomy":"product_cat","embeddable":true,"href":"https:\/\/new.decoczar.pl\/index.php\/wp-json\/wp\/v2\/product_cat?post=38118"},{"taxonomy":"product_tag","embeddable":true,"href":"https:\/\/new.decoczar.pl\/index.php\/wp-json\/wp\/v2\/product_tag?post=38118"}],"curies":[{"name":"wp","href":"https:\/\/api.w.org\/{rel}","templated":true}]}}