{"id":38120,"date":"2026-04-03T13:54:27","date_gmt":"2026-04-03T11:54:27","guid":{"rendered":"https:\/\/new.decoczar.pl\/index.php\/product\/konsola-nowoczesna-industrailna-loft-160-cm-102\/"},"modified":"2026-04-03T13:54:27","modified_gmt":"2026-04-03T11:54:27","slug":"konsola-nowoczesna-industrailna-loft-160-cm-102","status":"publish","type":"product","link":"https:\/\/new.decoczar.pl\/index.php\/product\/konsola-nowoczesna-industrailna-loft-160-cm-102\/","title":{"rendered":"KONSOLA NOWOCZESNA INDUSTRAILNA LOFT 160 cm"},"content":{"rendered":"<p>Konsola<\/p>\n<p> \tWymiary : d\u0142ugo\u015b\u0107 160 cm, wysoko\u015b\u0107 60 cm, g\u0142\u0119boko\u015b\u0107 30 cm<br \/>\n \tStela\u017c malowany proszkowo<br \/>\n \tProfil 1,5&#215;1,5 cm<br \/>\n \tMateria\u0142 : P\u0142yta meblowa (laminat )<br \/>\n \tKolor: d\u0105b craft z\u0142oty<br \/>\n \tNak\u0142adki na n\u00f3\u017cki chroni\u0105 pod\u0142og\u0119 przed zarysowaniem<br \/>\n \tWykonanie z wysokiej jako\u015bci materia\u0142\u00f3w<br \/>\n \tModny styl industrialny<br \/>\n \tPo\u0142\u0105czenie pi\u0119kna z funkcjonalno\u015bci\u0105<br \/>\n \tStabilna i wytrzyma\u0142a konstrukcja<br \/>\n \tCzas realizacji 4-5 tyg, po w[\u0142acie na konto<br \/>\n \tTYLKO WP\u0141ATA NA KONTO !!! ( nie wysy\u0142am za pobraniem )<\/p>\n<p> \tMo\u017cliwo\u015b\u0107 odbioru Warszawa Br\u00f3dno b\u0105d\u017a okolice Legionowa<br \/>\n \tProdukt Polski !<\/p>\n","protected":false},"excerpt":{"rendered":"<p>Konsola<\/p>\n<p> \tWymiary : d\u0142ugo\u015b\u0107 160 cm, wysoko\u015b\u0107 60 cm, g\u0142\u0119boko\u015b\u0107 30 cm<br \/>\n \tStela\u017c malowany proszkowo<br \/>\n \tProfil 1,5&#215;1,5 cm<br \/>\n \tMateria\u0142 : P\u0142yta meblowa (laminat )<br \/>\n \tKolor: d\u0105b craft z\u0142oty<br \/>\n \tNak\u0142adki na n\u00f3\u017cki chroni\u0105 pod\u0142og\u0119 przed zarysowaniem<br \/>\n \tWykonanie z wysokiej jako\u015bci materia\u0142\u00f3w<br \/>\n \tModny styl industrialny<br \/>\n \tPo\u0142\u0105czenie pi\u0119kna z funkcjonalno\u015bci\u0105<br \/>\n \tStabilna i wytrzyma\u0142a konstrukcja<br \/>\n \tCzas realizacji 4-5 tyg, po w[\u0142acie na konto<br \/>\n \tTYLKO WP\u0141ATA NA KONTO !!! ( nie wysy\u0142am za pobraniem )<\/p>\n<p> \tMo\u017cliwo\u015b\u0107 odbioru Warszawa Br\u00f3dno b\u0105d\u017a okolice Legionowa<br \/>\n \tProdukt Polski !<\/p>\n","protected":false},"featured_media":4798,"comment_status":"open","ping_status":"closed","template":"","meta":[],"etheme_brands":[],"product_cat":[50],"product_tag":[],"class_list":["post-38120","product","type-product","status-publish","has-post-thumbnail","hentry","product_cat-podstawy-metalowe-stelaze-stojaki"],"_links":{"self":[{"href":"https:\/\/new.decoczar.pl\/index.php\/wp-json\/wp\/v2\/product\/38120","targetHints":{"allow":["GET"]}}],"collection":[{"href":"https:\/\/new.decoczar.pl\/index.php\/wp-json\/wp\/v2\/product"}],"about":[{"href":"https:\/\/new.decoczar.pl\/index.php\/wp-json\/wp\/v2\/types\/product"}],"replies":[{"embeddable":true,"href":"https:\/\/new.decoczar.pl\/index.php\/wp-json\/wp\/v2\/comments?post=38120"}],"wp:featuredmedia":[{"embeddable":true,"href":"https:\/\/new.decoczar.pl\/index.php\/wp-json\/wp\/v2\/media\/4798"}],"wp:attachment":[{"href":"https:\/\/new.decoczar.pl\/index.php\/wp-json\/wp\/v2\/media?parent=38120"}],"wp:term":[{"taxonomy":"brand","embeddable":true,"href":"https:\/\/new.decoczar.pl\/index.php\/wp-json\/wp\/v2\/etheme_brands?post=38120"},{"taxonomy":"product_cat","embeddable":true,"href":"https:\/\/new.decoczar.pl\/index.php\/wp-json\/wp\/v2\/product_cat?post=38120"},{"taxonomy":"product_tag","embeddable":true,"href":"https:\/\/new.decoczar.pl\/index.php\/wp-json\/wp\/v2\/product_tag?post=38120"}],"curies":[{"name":"wp","href":"https:\/\/api.w.org\/{rel}","templated":true}]}}