{"id":38125,"date":"2026-04-03T13:54:29","date_gmt":"2026-04-03T11:54:29","guid":{"rendered":"https:\/\/new.decoczar.pl\/index.php\/product\/noga-do-stolu-pajak-podstawa-metalowa-duza-301\/"},"modified":"2026-04-03T13:54:29","modified_gmt":"2026-04-03T11:54:29","slug":"noga-do-stolu-pajak-podstawa-metalowa-duza-301","status":"publish","type":"product","link":"https:\/\/new.decoczar.pl\/index.php\/product\/noga-do-stolu-pajak-podstawa-metalowa-duza-301\/","title":{"rendered":"NOGA DO STO\u0141U PAJ\u0104K \/ PODSTAWA METALOWA DU\u017bA"},"content":{"rendered":"<p>Cechy produktu :<\/p>\n<p> \tWymiary : \u00a0wysoko\u015b\u0107\u00a0 72 cm, szeroko\u015b\u0107 80 cm, d\u0142ugo\u015b\u0107 180 cm<br \/>\n \tMalowane proszkowo &#8211; czarny mat (mo\u017cliwo\u015b\u0107 zmiany koloru z palety RAL )<br \/>\n \tPodstawa spawana, spoiny szlifowane\u00a0\u00a0na g\u0142adko ca\u0142o\u015b\u0107 malowana proszkowo.<br \/>\n \tProfil 8&#215;8 cm noga metalowa<br \/>\n \tProdukt wykonywany na zam\u00f3wienie 21 (+\/- 5 dni) dni roboczych \u2013 po zaksi\u0119gowaniu wp\u0142aty<br \/>\n \tWysy\u0142ka paletowa\u00a0 TYLKO WP\u0141ATA NA KONTO<br \/>\n \tStela\u017c jest wzmocniony dodatkowym stela\u017cem ( rama pod blatem )<br \/>\n \tProdukt posiada\u00a0 otwory monta\u017cowe i z \u0142atwo\u015bci\u0105 mo\u017cna\u00a0 je przykr\u0119ci\u0107 do blatu poprzez przykr\u0119cenie wkr\u0119t\u00f3w.<br \/>\n \tProdukt w ca\u0142o\u015bci wykonany w Polsce. Kupuj\u0105c u nas wspierasz Polsk\u0105 przedsi\u0119biorczo\u015b\u0107<br \/>\n \tDbamy o Twoje wn\u0119trze!&#x2611;&#xfe0f; Dlatego pod ka\u017cd\u0105 nog\u0119 przyklejamy podk\u0142adk\u0119 ze specjalnego filcu, kt\u00f3ry\u00a0chroni Twoj\u0105 pod\u0142og\u0119 przed zarysowaniami<\/p>\n","protected":false},"excerpt":{"rendered":"<p>Cechy produktu :<\/p>\n<p> \tWymiary : \u00a0wysoko\u015b\u0107\u00a0 72 cm, szeroko\u015b\u0107 80 cm, d\u0142ugo\u015b\u0107 180 cm<br \/>\n \tMalowane proszkowo &#8211; czarny mat (mo\u017cliwo\u015b\u0107 zmiany koloru z palety RAL )<br \/>\n \tPodstawa spawana, spoiny szlifowane\u00a0\u00a0na g\u0142adko ca\u0142o\u015b\u0107 malowana proszkowo.<br \/>\n \tProfil 8&#215;8 cm noga metalowa<br \/>\n \tProdukt wykonywany na zam\u00f3wienie 21 (+\/- 5 dni) dni roboczych \u2013 po zaksi\u0119gowaniu wp\u0142aty<br \/>\n \tWysy\u0142ka paletowa\u00a0 TYLKO WP\u0141ATA NA KONTO<br \/>\n \tStela\u017c jest wzmocniony dodatkowym stela\u017cem ( rama pod blatem )<br \/>\n \tProdukt posiada\u00a0 otwory monta\u017cowe i z \u0142atwo\u015bci\u0105 mo\u017cna\u00a0 je przykr\u0119ci\u0107 do blatu poprzez przykr\u0119cenie wkr\u0119t\u00f3w.<br \/>\n \tProdukt w ca\u0142o\u015bci wykonany w Polsce. Kupuj\u0105c u nas wspierasz Polsk\u0105 przedsi\u0119biorczo\u015b\u0107<br \/>\n \tDbamy o Twoje wn\u0119trze!&#x2611;&#xfe0f; Dlatego pod ka\u017cd\u0105 nog\u0119 przyklejamy podk\u0142adk\u0119 ze specjalnego filcu, kt\u00f3ry\u00a0chroni Twoj\u0105 pod\u0142og\u0119 przed zarysowaniami<\/p>\n","protected":false},"featured_media":33716,"comment_status":"open","ping_status":"closed","template":"","meta":[],"etheme_brands":[],"product_cat":[50],"product_tag":[],"class_list":["post-38125","product","type-product","status-publish","has-post-thumbnail","hentry","product_cat-podstawy-metalowe-stelaze-stojaki"],"_links":{"self":[{"href":"https:\/\/new.decoczar.pl\/index.php\/wp-json\/wp\/v2\/product\/38125","targetHints":{"allow":["GET"]}}],"collection":[{"href":"https:\/\/new.decoczar.pl\/index.php\/wp-json\/wp\/v2\/product"}],"about":[{"href":"https:\/\/new.decoczar.pl\/index.php\/wp-json\/wp\/v2\/types\/product"}],"replies":[{"embeddable":true,"href":"https:\/\/new.decoczar.pl\/index.php\/wp-json\/wp\/v2\/comments?post=38125"}],"wp:featuredmedia":[{"embeddable":true,"href":"https:\/\/new.decoczar.pl\/index.php\/wp-json\/wp\/v2\/media\/33716"}],"wp:attachment":[{"href":"https:\/\/new.decoczar.pl\/index.php\/wp-json\/wp\/v2\/media?parent=38125"}],"wp:term":[{"taxonomy":"brand","embeddable":true,"href":"https:\/\/new.decoczar.pl\/index.php\/wp-json\/wp\/v2\/etheme_brands?post=38125"},{"taxonomy":"product_cat","embeddable":true,"href":"https:\/\/new.decoczar.pl\/index.php\/wp-json\/wp\/v2\/product_cat?post=38125"},{"taxonomy":"product_tag","embeddable":true,"href":"https:\/\/new.decoczar.pl\/index.php\/wp-json\/wp\/v2\/product_tag?post=38125"}],"curies":[{"name":"wp","href":"https:\/\/api.w.org\/{rel}","templated":true}]}}