{"id":38133,"date":"2026-04-03T13:55:19","date_gmt":"2026-04-03T11:55:19","guid":{"rendered":"https:\/\/new.decoczar.pl\/index.php\/product\/stelaz-metalowy-pod-stol-noga-do-stolu-podstawa-metalowa-114\/"},"modified":"2026-04-03T13:55:19","modified_gmt":"2026-04-03T11:55:19","slug":"stelaz-metalowy-pod-stol-noga-do-stolu-podstawa-metalowa-114","status":"publish","type":"product","link":"https:\/\/new.decoczar.pl\/index.php\/product\/stelaz-metalowy-pod-stol-noga-do-stolu-podstawa-metalowa-114\/","title":{"rendered":"STELA\u017b METALOWY POD ST\u00d3\u0141 \/ NOGA DO STO\u0141U \/ PODSTAWA METALOWA"},"content":{"rendered":"<p> \tWysoko\u015b\u0107 88 cm<br \/>\n \tD\u0142ugo\u015b\u0107 100 cm<br \/>\n \tG\u0142\u0119boko\u015b\u0107 60 cm<br \/>\n \tMalowane proszkowo czarny mat ( mo\u017cliwo\u015b\u0107 zmiany koloru z palety RAL )<br \/>\n \tProfil 6&#215;2 cm<br \/>\n \tCzas realizacji 21 dni roboczych po zaksi\u0119gowaniu wp\u0142aty (z przyczyn nie zale\u017cnych od nas terminy mog\u0105 si\u0119 wyd\u0142u\u017cy\u0107 )<br \/>\n \tMo\u017cliwo\u015b\u0107 odbioru osobistego Warszawa Br\u00f3dno b\u0105d\u017a okolice Legionowa<br \/>\n \tWysy\u0142ka paletowa koszt ( TYLKO WP\u0141ATA NA KONTO )<br \/>\n \tProdukt posiada\u00a0 otwory monta\u017cowe i z \u0142atwo\u015bci\u0105 mo\u017cna\u00a0 je przykr\u0119ci\u0107 do blatu poprzez przykr\u0119cenie wkr\u0119t\u00f3w.<br \/>\n \tProdukt w ca\u0142o\u015bci wykonany w Polsce. Kupuj\u0105c u nas wspierasz Polsk\u0105 przedsi\u0119biorczo\u015b\u0107<br \/>\n \tDbamy o Twoje wn\u0119trze!<\/p>\n<p>&#x2611;&#xfe0f; Dlatego pod ka\u017cd\u0105 nog\u0119 przyklejamy podk\u0142adk\u0119 ze specjalnego filcu, kt\u00f3ry\u00a0chroni Twoj\u0105 pod\u0142og\u0119\u00a0przed zarysowaniami.<\/p>\n<p>\u00a0<\/p>\n","protected":false},"excerpt":{"rendered":"<p> \tWysoko\u015b\u0107 88 cm<br \/>\n \tD\u0142ugo\u015b\u0107 100 cm<br \/>\n \tG\u0142\u0119boko\u015b\u0107 60 cm<br \/>\n \tMalowane proszkowo czarny mat ( mo\u017cliwo\u015b\u0107 zmiany koloru z palety RAL )<br \/>\n \tProfil 6&#215;2 cm<br \/>\n \tCzas realizacji 21 dni roboczych po zaksi\u0119gowaniu wp\u0142aty (z przyczyn nie zale\u017cnych od nas terminy mog\u0105 si\u0119 wyd\u0142u\u017cy\u0107 )<br \/>\n \tMo\u017cliwo\u015b\u0107 odbioru osobistego Warszawa Br\u00f3dno b\u0105d\u017a okolice Legionowa<br \/>\n \tWysy\u0142ka paletowa koszt ( TYLKO WP\u0141ATA NA KONTO )<br \/>\n \tProdukt posiada\u00a0 otwory monta\u017cowe i z \u0142atwo\u015bci\u0105 mo\u017cna\u00a0 je przykr\u0119ci\u0107 do blatu poprzez przykr\u0119cenie wkr\u0119t\u00f3w.<br \/>\n \tProdukt w ca\u0142o\u015bci wykonany w Polsce. Kupuj\u0105c u nas wspierasz Polsk\u0105 przedsi\u0119biorczo\u015b\u0107<br \/>\n \tDbamy o Twoje wn\u0119trze!<\/p>\n<p>&#x2611;&#xfe0f; Dlatego pod ka\u017cd\u0105 nog\u0119 przyklejamy podk\u0142adk\u0119 ze specjalnego filcu, kt\u00f3ry\u00a0chroni Twoj\u0105 pod\u0142og\u0119\u00a0przed zarysowaniami.<\/p>\n<p>\u00a0<\/p>\n","protected":false},"featured_media":2460,"comment_status":"open","ping_status":"closed","template":"","meta":[],"etheme_brands":[],"product_cat":[50],"product_tag":[],"class_list":["post-38133","product","type-product","status-publish","has-post-thumbnail","hentry","product_cat-podstawy-metalowe-stelaze-stojaki"],"_links":{"self":[{"href":"https:\/\/new.decoczar.pl\/index.php\/wp-json\/wp\/v2\/product\/38133","targetHints":{"allow":["GET"]}}],"collection":[{"href":"https:\/\/new.decoczar.pl\/index.php\/wp-json\/wp\/v2\/product"}],"about":[{"href":"https:\/\/new.decoczar.pl\/index.php\/wp-json\/wp\/v2\/types\/product"}],"replies":[{"embeddable":true,"href":"https:\/\/new.decoczar.pl\/index.php\/wp-json\/wp\/v2\/comments?post=38133"}],"wp:featuredmedia":[{"embeddable":true,"href":"https:\/\/new.decoczar.pl\/index.php\/wp-json\/wp\/v2\/media\/2460"}],"wp:attachment":[{"href":"https:\/\/new.decoczar.pl\/index.php\/wp-json\/wp\/v2\/media?parent=38133"}],"wp:term":[{"taxonomy":"brand","embeddable":true,"href":"https:\/\/new.decoczar.pl\/index.php\/wp-json\/wp\/v2\/etheme_brands?post=38133"},{"taxonomy":"product_cat","embeddable":true,"href":"https:\/\/new.decoczar.pl\/index.php\/wp-json\/wp\/v2\/product_cat?post=38133"},{"taxonomy":"product_tag","embeddable":true,"href":"https:\/\/new.decoczar.pl\/index.php\/wp-json\/wp\/v2\/product_tag?post=38133"}],"curies":[{"name":"wp","href":"https:\/\/api.w.org\/{rel}","templated":true}]}}