{"id":38138,"date":"2026-04-03T13:55:21","date_gmt":"2026-04-03T11:55:21","guid":{"rendered":"https:\/\/new.decoczar.pl\/index.php\/product\/noga-do-stolu-pajak-podstawa-metalowa-duza-302\/"},"modified":"2026-04-03T13:55:21","modified_gmt":"2026-04-03T11:55:21","slug":"noga-do-stolu-pajak-podstawa-metalowa-duza-302","status":"publish","type":"product","link":"https:\/\/new.decoczar.pl\/index.php\/product\/noga-do-stolu-pajak-podstawa-metalowa-duza-302\/","title":{"rendered":"NOGA DO STO\u0141U PAJ\u0104K PODSTAWA METALOWA DU\u017bA"},"content":{"rendered":"<p> \tWymiary :<br \/>\n \t\u00a0wysoko\u015b\u0107 70 CM, szeroko\u015b\u0107 280 cm, g\u0142\u0119boko\u015b\u0107 85 cm<br \/>\n \tRozstaw 200 cm<br \/>\n \tMalowane proszkowo<br \/>\n \tKolor Czarny mat<br \/>\n \tPodstawa spawana, spoiny szlifowane\u00a0\u00a0na g\u0142adko ca\u0142o\u015b\u0107 malowana proszkowo.<br \/>\n \tProfil 8&#215;8 cm podstawa<br \/>\n \tProdukt wykonywany na zam\u00f3wienie 21 dni roboczych \u2013 po zaksi\u0119gowaniu wp\u0142aty<br \/>\n \tKa\u017cda podstawa jest dost\u0119pna w kilku wariantach kolorystycznych, czarnym, srebrnym, z\u0142otym oraz bia\u0142ym<br \/>\n \tNIE WYSY\u0141AM PRODUKTU &#8211; odbi\u00f3r osobisty Legionowo okolice Warszawy<br \/>\n \tZam\u00f3wienie tylko wp\u0142ata na konto<\/p>\n","protected":false},"excerpt":{"rendered":"<p> \tWymiary :<br \/>\n \t\u00a0wysoko\u015b\u0107 70 CM, szeroko\u015b\u0107 280 cm, g\u0142\u0119boko\u015b\u0107 85 cm<br \/>\n \tRozstaw 200 cm<br \/>\n \tMalowane proszkowo<br \/>\n \tKolor Czarny mat<br \/>\n \tPodstawa spawana, spoiny szlifowane\u00a0\u00a0na g\u0142adko ca\u0142o\u015b\u0107 malowana proszkowo.<br \/>\n \tProfil 8&#215;8 cm podstawa<br \/>\n \tProdukt wykonywany na zam\u00f3wienie 21 dni roboczych \u2013 po zaksi\u0119gowaniu wp\u0142aty<br \/>\n \tKa\u017cda podstawa jest dost\u0119pna w kilku wariantach kolorystycznych, czarnym, srebrnym, z\u0142otym oraz bia\u0142ym<br \/>\n \tNIE WYSY\u0141AM PRODUKTU &#8211; odbi\u00f3r osobisty Legionowo okolice Warszawy<br \/>\n \tZam\u00f3wienie tylko wp\u0142ata na konto<\/p>\n","protected":false},"featured_media":0,"comment_status":"open","ping_status":"closed","template":"","meta":[],"etheme_brands":[],"product_cat":[50],"product_tag":[],"class_list":["post-38138","product","type-product","status-publish","hentry","product_cat-podstawy-metalowe-stelaze-stojaki"],"_links":{"self":[{"href":"https:\/\/new.decoczar.pl\/index.php\/wp-json\/wp\/v2\/product\/38138","targetHints":{"allow":["GET"]}}],"collection":[{"href":"https:\/\/new.decoczar.pl\/index.php\/wp-json\/wp\/v2\/product"}],"about":[{"href":"https:\/\/new.decoczar.pl\/index.php\/wp-json\/wp\/v2\/types\/product"}],"replies":[{"embeddable":true,"href":"https:\/\/new.decoczar.pl\/index.php\/wp-json\/wp\/v2\/comments?post=38138"}],"wp:attachment":[{"href":"https:\/\/new.decoczar.pl\/index.php\/wp-json\/wp\/v2\/media?parent=38138"}],"wp:term":[{"taxonomy":"brand","embeddable":true,"href":"https:\/\/new.decoczar.pl\/index.php\/wp-json\/wp\/v2\/etheme_brands?post=38138"},{"taxonomy":"product_cat","embeddable":true,"href":"https:\/\/new.decoczar.pl\/index.php\/wp-json\/wp\/v2\/product_cat?post=38138"},{"taxonomy":"product_tag","embeddable":true,"href":"https:\/\/new.decoczar.pl\/index.php\/wp-json\/wp\/v2\/product_tag?post=38138"}],"curies":[{"name":"wp","href":"https:\/\/api.w.org\/{rel}","templated":true}]}}