{"id":38140,"date":"2026-04-03T13:55:22","date_gmt":"2026-04-03T11:55:22","guid":{"rendered":"https:\/\/new.decoczar.pl\/index.php\/product\/noga-do-stolika-podstawa-metalowa-biala-geometryczna-101\/"},"modified":"2026-04-03T13:55:22","modified_gmt":"2026-04-03T11:55:22","slug":"noga-do-stolika-podstawa-metalowa-biala-geometryczna-101","status":"publish","type":"product","link":"https:\/\/new.decoczar.pl\/index.php\/product\/noga-do-stolika-podstawa-metalowa-biala-geometryczna-101\/","title":{"rendered":"NOGA DO STOLIKA PODSTAWA METALOWA BIA\u0141A GEOMETRYCZNA"},"content":{"rendered":"<p>Cechy produktu:<\/p>\n<p> \tWymiary : wysoko\u015b\u0107 45 cm, szeroko\u015b\u0107 50 cm<br \/>\n \tStela\u017c malowany proszkowo<br \/>\n \tKolor Bia\u0142y mat ( mo\u017cliwo\u015b\u0107 zmiany koloru z palety Ral )<br \/>\n \tProfil 1,5&#215;1,5 cm<br \/>\n \tProdukt wykonywany na zam\u00f3wienie 21 dni roboczych \u2013 po zaksi\u0119gowaniu wp\u0142aty<br \/>\n \tKoszt wysy\u0142ki 40 z\u0142<br \/>\n \tProdukt posiada\u00a0 otwory monta\u017cowe i z \u0142atwo\u015bci\u0105 mo\u017cna\u00a0 je przykr\u0119ci\u0107 do blatu poprzez przykr\u0119cenie wkr\u0119t\u00f3w.<br \/>\n \tProdukt w ca\u0142o\u015bci wykonany w Polsce. Kupuj\u0105c u nas wspierasz Polsk\u0105 przedsi\u0119biorczo\u015b\u0107<br \/>\n \tDbamy o Twoje wn\u0119trze!&#x2611;&#xfe0f; Dlatego pod ka\u017cd\u0105 nog\u0119 przyklejamy podk\u0142adk\u0119 ze specjalnego filcu, kt\u00f3ry\u00a0chroni Twoj\u0105 pod\u0142og\u0119\u00a0przed zarysowaniami.<\/p>\n<p>\u00a0<\/p>\n","protected":false},"excerpt":{"rendered":"<p>Cechy produktu:<\/p>\n<p> \tWymiary : wysoko\u015b\u0107 45 cm, szeroko\u015b\u0107 50 cm<br \/>\n \tStela\u017c malowany proszkowo<br \/>\n \tKolor Bia\u0142y mat ( mo\u017cliwo\u015b\u0107 zmiany koloru z palety Ral )<br \/>\n \tProfil 1,5&#215;1,5 cm<br \/>\n \tProdukt wykonywany na zam\u00f3wienie 21 dni roboczych \u2013 po zaksi\u0119gowaniu wp\u0142aty<br \/>\n \tKoszt wysy\u0142ki 40 z\u0142<br \/>\n \tProdukt posiada\u00a0 otwory monta\u017cowe i z \u0142atwo\u015bci\u0105 mo\u017cna\u00a0 je przykr\u0119ci\u0107 do blatu poprzez przykr\u0119cenie wkr\u0119t\u00f3w.<br \/>\n \tProdukt w ca\u0142o\u015bci wykonany w Polsce. Kupuj\u0105c u nas wspierasz Polsk\u0105 przedsi\u0119biorczo\u015b\u0107<br \/>\n \tDbamy o Twoje wn\u0119trze!&#x2611;&#xfe0f; Dlatego pod ka\u017cd\u0105 nog\u0119 przyklejamy podk\u0142adk\u0119 ze specjalnego filcu, kt\u00f3ry\u00a0chroni Twoj\u0105 pod\u0142og\u0119\u00a0przed zarysowaniami.<\/p>\n<p>\u00a0<\/p>\n","protected":false},"featured_media":4845,"comment_status":"open","ping_status":"closed","template":"","meta":[],"etheme_brands":[],"product_cat":[50],"product_tag":[],"class_list":["post-38140","product","type-product","status-publish","has-post-thumbnail","hentry","product_cat-podstawy-metalowe-stelaze-stojaki"],"_links":{"self":[{"href":"https:\/\/new.decoczar.pl\/index.php\/wp-json\/wp\/v2\/product\/38140","targetHints":{"allow":["GET"]}}],"collection":[{"href":"https:\/\/new.decoczar.pl\/index.php\/wp-json\/wp\/v2\/product"}],"about":[{"href":"https:\/\/new.decoczar.pl\/index.php\/wp-json\/wp\/v2\/types\/product"}],"replies":[{"embeddable":true,"href":"https:\/\/new.decoczar.pl\/index.php\/wp-json\/wp\/v2\/comments?post=38140"}],"wp:featuredmedia":[{"embeddable":true,"href":"https:\/\/new.decoczar.pl\/index.php\/wp-json\/wp\/v2\/media\/4845"}],"wp:attachment":[{"href":"https:\/\/new.decoczar.pl\/index.php\/wp-json\/wp\/v2\/media?parent=38140"}],"wp:term":[{"taxonomy":"brand","embeddable":true,"href":"https:\/\/new.decoczar.pl\/index.php\/wp-json\/wp\/v2\/etheme_brands?post=38140"},{"taxonomy":"product_cat","embeddable":true,"href":"https:\/\/new.decoczar.pl\/index.php\/wp-json\/wp\/v2\/product_cat?post=38140"},{"taxonomy":"product_tag","embeddable":true,"href":"https:\/\/new.decoczar.pl\/index.php\/wp-json\/wp\/v2\/product_tag?post=38140"}],"curies":[{"name":"wp","href":"https:\/\/api.w.org\/{rel}","templated":true}]}}