{"id":38156,"date":"2026-04-03T13:55:29","date_gmt":"2026-04-03T11:55:29","guid":{"rendered":"https:\/\/new.decoczar.pl\/index.php\/product\/noga-do-stolu-podstawa-metalowa-pajak-254\/"},"modified":"2026-04-03T13:55:29","modified_gmt":"2026-04-03T11:55:29","slug":"noga-do-stolu-podstawa-metalowa-pajak-254","status":"publish","type":"product","link":"https:\/\/new.decoczar.pl\/index.php\/product\/noga-do-stolu-podstawa-metalowa-pajak-254\/","title":{"rendered":"NOGA DO STO\u0141U \/ PODSTAWA METALOWA PAJ\u0104K"},"content":{"rendered":"<p>Cechy produktu :<\/p>\n<p> \tWymiary : wysoko\u015b\u0107 70 cm szeroko\u015b\u0107 45 cm d\u0142ugo\u015b\u0107 95 cm\u00a0 rozstaw<br \/>\n \tMalowane proszkowo &#8211; czarny mat (mo\u017cliwo\u015b\u0107 zmiany koloru z palety RAL )<br \/>\n \tProfil 6&#215;4 cm<br \/>\n \tCzas realizacji 21 dni roboczych po zaksi\u0119gowaniu wp\u0142aty (czasem czas realizacji mo\u017ce si\u0119 wyd\u0142u\u017cy\u0107 + 5 dni d\u0142u\u017csze terminy w malarni )<br \/>\n \tProdukt posiada\u00a0 otwory monta\u017cowe i z \u0142atwo\u015bci\u0105 mo\u017cna\u00a0 je przykr\u0119ci\u0107 do blatu\u00a0poprzez przykr\u0119cenie\u00a0 wkr\u0119t\u00f3w od do\u0142u<br \/>\n \tWYSY\u0141KA PALETOWA<br \/>\n \tProdukt w ca\u0142o\u015bci wykonany w Polsce. Kupuj\u0105c u nas wspierasz Polsk\u0105 przedsi\u0119biorczo\u015b\u0107<br \/>\n \tDbamy o Twoje wn\u0119trze!&#x2611;&#xfe0f; Dlatego pod ka\u017cd\u0105 nog\u0119 przyklejamy podk\u0142adk\u0119 ze specjalnego filcu, kt\u00f3ry\u00a0chroni Twoj\u0105 pod\u0142og\u0119 przed zarysowaniami.<\/p>\n","protected":false},"excerpt":{"rendered":"<p>Cechy produktu :<\/p>\n<p> \tWymiary : wysoko\u015b\u0107 70 cm szeroko\u015b\u0107 45 cm d\u0142ugo\u015b\u0107 95 cm\u00a0 rozstaw<br \/>\n \tMalowane proszkowo &#8211; czarny mat (mo\u017cliwo\u015b\u0107 zmiany koloru z palety RAL )<br \/>\n \tProfil 6&#215;4 cm<br \/>\n \tCzas realizacji 21 dni roboczych po zaksi\u0119gowaniu wp\u0142aty (czasem czas realizacji mo\u017ce si\u0119 wyd\u0142u\u017cy\u0107 + 5 dni d\u0142u\u017csze terminy w malarni )<br \/>\n \tProdukt posiada\u00a0 otwory monta\u017cowe i z \u0142atwo\u015bci\u0105 mo\u017cna\u00a0 je przykr\u0119ci\u0107 do blatu\u00a0poprzez przykr\u0119cenie\u00a0 wkr\u0119t\u00f3w od do\u0142u<br \/>\n \tWYSY\u0141KA PALETOWA<br \/>\n \tProdukt w ca\u0142o\u015bci wykonany w Polsce. Kupuj\u0105c u nas wspierasz Polsk\u0105 przedsi\u0119biorczo\u015b\u0107<br \/>\n \tDbamy o Twoje wn\u0119trze!&#x2611;&#xfe0f; Dlatego pod ka\u017cd\u0105 nog\u0119 przyklejamy podk\u0142adk\u0119 ze specjalnego filcu, kt\u00f3ry\u00a0chroni Twoj\u0105 pod\u0142og\u0119 przed zarysowaniami.<\/p>\n","protected":false},"featured_media":36490,"comment_status":"open","ping_status":"closed","template":"","meta":[],"etheme_brands":[],"product_cat":[50],"product_tag":[],"class_list":["post-38156","product","type-product","status-publish","has-post-thumbnail","hentry","product_cat-podstawy-metalowe-stelaze-stojaki"],"_links":{"self":[{"href":"https:\/\/new.decoczar.pl\/index.php\/wp-json\/wp\/v2\/product\/38156","targetHints":{"allow":["GET"]}}],"collection":[{"href":"https:\/\/new.decoczar.pl\/index.php\/wp-json\/wp\/v2\/product"}],"about":[{"href":"https:\/\/new.decoczar.pl\/index.php\/wp-json\/wp\/v2\/types\/product"}],"replies":[{"embeddable":true,"href":"https:\/\/new.decoczar.pl\/index.php\/wp-json\/wp\/v2\/comments?post=38156"}],"wp:featuredmedia":[{"embeddable":true,"href":"https:\/\/new.decoczar.pl\/index.php\/wp-json\/wp\/v2\/media\/36490"}],"wp:attachment":[{"href":"https:\/\/new.decoczar.pl\/index.php\/wp-json\/wp\/v2\/media?parent=38156"}],"wp:term":[{"taxonomy":"brand","embeddable":true,"href":"https:\/\/new.decoczar.pl\/index.php\/wp-json\/wp\/v2\/etheme_brands?post=38156"},{"taxonomy":"product_cat","embeddable":true,"href":"https:\/\/new.decoczar.pl\/index.php\/wp-json\/wp\/v2\/product_cat?post=38156"},{"taxonomy":"product_tag","embeddable":true,"href":"https:\/\/new.decoczar.pl\/index.php\/wp-json\/wp\/v2\/product_tag?post=38156"}],"curies":[{"name":"wp","href":"https:\/\/api.w.org\/{rel}","templated":true}]}}