{"id":38160,"date":"2026-04-03T13:55:31","date_gmt":"2026-04-03T11:55:31","guid":{"rendered":"https:\/\/new.decoczar.pl\/index.php\/product\/stolik-kawowy-drewniany-asymetryczny-6\/"},"modified":"2026-04-03T13:55:31","modified_gmt":"2026-04-03T11:55:31","slug":"stolik-kawowy-drewniany-asymetryczny-6","status":"publish","type":"product","link":"https:\/\/new.decoczar.pl\/index.php\/product\/stolik-kawowy-drewniany-asymetryczny-6\/","title":{"rendered":"STOLIK KAWOWY DREWNIANY ASYMETRYCZNY"},"content":{"rendered":"<p>Stolik d\u0119bowy<\/p>\n<p> \tWysoko\u015b\u0107 ok 60\u00a0 cm<br \/>\n \t\u015arednica blatu ok 40-45 cm<br \/>\n \tGrubo\u015b\u0107 ok 8-10 cm<br \/>\n \tStalowe nogi z pr\u0119ta<br \/>\n \tKolor n\u00f3g czarny<br \/>\n \tJeste\u015bmy otwarci na nowe zam\u00f3wienia<br \/>\n \tCzas realizacji 21 dni roboczych po zaksi\u0119gowaniu wp\u0142aty<br \/>\n \tMo\u017cliwo\u015b\u0107 wysy\u0142ki 40 z\u0142 ( kwot\u0119 prosz\u0119 doliczy\u0107 do przelewu )<\/p>\n","protected":false},"excerpt":{"rendered":"<p>Stolik d\u0119bowy<\/p>\n<p> \tWysoko\u015b\u0107 ok 60\u00a0 cm<br \/>\n \t\u015arednica blatu ok 40-45 cm<br \/>\n \tGrubo\u015b\u0107 ok 8-10 cm<br \/>\n \tStalowe nogi z pr\u0119ta<br \/>\n \tKolor n\u00f3g czarny<br \/>\n \tJeste\u015bmy otwarci na nowe zam\u00f3wienia<br \/>\n \tCzas realizacji 21 dni roboczych po zaksi\u0119gowaniu wp\u0142aty<br \/>\n \tMo\u017cliwo\u015b\u0107 wysy\u0142ki 40 z\u0142 ( kwot\u0119 prosz\u0119 doliczy\u0107 do przelewu )<\/p>\n","protected":false},"featured_media":2634,"comment_status":"open","ping_status":"closed","template":"","meta":[],"etheme_brands":[],"product_cat":[50],"product_tag":[],"class_list":["post-38160","product","type-product","status-publish","has-post-thumbnail","hentry","product_cat-podstawy-metalowe-stelaze-stojaki"],"_links":{"self":[{"href":"https:\/\/new.decoczar.pl\/index.php\/wp-json\/wp\/v2\/product\/38160","targetHints":{"allow":["GET"]}}],"collection":[{"href":"https:\/\/new.decoczar.pl\/index.php\/wp-json\/wp\/v2\/product"}],"about":[{"href":"https:\/\/new.decoczar.pl\/index.php\/wp-json\/wp\/v2\/types\/product"}],"replies":[{"embeddable":true,"href":"https:\/\/new.decoczar.pl\/index.php\/wp-json\/wp\/v2\/comments?post=38160"}],"wp:featuredmedia":[{"embeddable":true,"href":"https:\/\/new.decoczar.pl\/index.php\/wp-json\/wp\/v2\/media\/2634"}],"wp:attachment":[{"href":"https:\/\/new.decoczar.pl\/index.php\/wp-json\/wp\/v2\/media?parent=38160"}],"wp:term":[{"taxonomy":"brand","embeddable":true,"href":"https:\/\/new.decoczar.pl\/index.php\/wp-json\/wp\/v2\/etheme_brands?post=38160"},{"taxonomy":"product_cat","embeddable":true,"href":"https:\/\/new.decoczar.pl\/index.php\/wp-json\/wp\/v2\/product_cat?post=38160"},{"taxonomy":"product_tag","embeddable":true,"href":"https:\/\/new.decoczar.pl\/index.php\/wp-json\/wp\/v2\/product_tag?post=38160"}],"curies":[{"name":"wp","href":"https:\/\/api.w.org\/{rel}","templated":true}]}}